{"id":41661,"date":"2025-07-30T14:46:26","date_gmt":"2025-07-30T11:46:26","guid":{"rendered":"https:\/\/www.yokak.gov.tr\/?page_id=41661"},"modified":"2026-02-04T16:12:23","modified_gmt":"2026-02-04T13:12:23","slug":"the-international-university-of-sarajevo-ius","status":"publish","type":"page","link":"https:\/\/www.yokak.gov.tr\/en\/the-international-university-of-sarajevo-ius\/","title":{"rendered":"The International University of Sarajevo (IUS)"},"content":{"rendered":"\t\t<div data-elementor-type=\"wp-page\" data-elementor-id=\"41661\" class=\"elementor elementor-41661 elementor-41589\" data-elementor-post-type=\"page\">\n\t\t\t\t\t\t<section class=\"elementor-section elementor-top-section elementor-element elementor-element-2b1dba1 elementor-section-boxed elementor-section-height-default elementor-section-height-default\" data-id=\"2b1dba1\" data-element_type=\"section\" data-e-type=\"section\">\n\t\t\t\t\t\t\t<div class=\"elementor-background-overlay\"><\/div>\n\t\t\t\t\t\t\t<div class=\"elementor-container elementor-column-gap-custom\">\n\t\t\t\t\t<div class=\"elementor-column elementor-col-100 elementor-top-column elementor-element elementor-element-9f2674f\" data-id=\"9f2674f\" data-element_type=\"column\" data-e-type=\"column\">\n\t\t\t<div class=\"elementor-widget-wrap elementor-element-populated\">\n\t\t\t\t\t\t<div class=\"elementor-element elementor-element-db8ff6d elementor-widget elementor-widget-thim-ekits-breadcrumb\" data-id=\"db8ff6d\" data-element_type=\"widget\" data-e-type=\"widget\" data-widget_type=\"thim-ekits-breadcrumb.default\">\n\t\t\t\t<div class=\"elementor-widget-container\">\n\t\t\t\t\t\n\t\t\t<div class=\"thim-ekit-breadcrumb\">\n\n\t\t\t\tHome\n\t\t\t<\/div>\n\n\t\t\t\t\t\t\t<\/div>\n\t\t\t\t<\/div>\n\t\t\t\t\t<\/div>\n\t\t<\/div>\n\t\t\t\t\t<\/div>\n\t\t<\/section>\n\t\t\t\t<section class=\"elementor-section elementor-top-section elementor-element elementor-element-70f8c57 elementor-section-stretched elementor-section-boxed elementor-section-height-default elementor-section-height-default\" data-id=\"70f8c57\" data-element_type=\"section\" data-e-type=\"section\" data-settings=\"{&quot;stretch_section&quot;:&quot;section-stretched&quot;}\">\n\t\t\t\t\t\t<div class=\"elementor-container elementor-column-gap-no\">\n\t\t\t\t\t<div class=\"elementor-column elementor-col-100 elementor-top-column elementor-element elementor-element-99c817a\" data-id=\"99c817a\" data-element_type=\"column\" data-e-type=\"column\">\n\t\t\t<div class=\"elementor-widget-wrap elementor-element-populated\">\n\t\t\t\t\t\t<div class=\"elementor-element elementor-element-bc32af9 elementor-widget thim-ekits-heading elementor-widget-thim-heading\" data-id=\"bc32af9\" data-element_type=\"widget\" data-e-type=\"widget\" data-widget_type=\"thim-heading.default\">\n\t\t\t\t<div class=\"elementor-widget-container\">\n\t\t\t\t\t<div class=\"sc_heading \"><h1 class=\"title\">Ongoing Reviews <\/h1><span class=\"line\"><\/span><\/div>\t\t\t\t<\/div>\n\t\t\t\t<\/div>\n\t\t\t\t\t<\/div>\n\t\t<\/div>\n\t\t\t\t\t<\/div>\n\t\t<\/section>\n\t\t\t\t<section class=\"elementor-section elementor-top-section elementor-element elementor-element-96f685d elementor-section-stretched elementor-section-boxed elementor-section-height-default elementor-section-height-default\" data-id=\"96f685d\" data-element_type=\"section\" data-e-type=\"section\" data-settings=\"{&quot;stretch_section&quot;:&quot;section-stretched&quot;}\">\n\t\t\t\t\t\t<div class=\"elementor-container elementor-column-gap-default\">\n\t\t\t\t\t<div class=\"elementor-column elementor-col-100 elementor-top-column elementor-element elementor-element-345e376\" data-id=\"345e376\" data-element_type=\"column\" data-e-type=\"column\">\n\t\t\t<div class=\"elementor-widget-wrap elementor-element-populated\">\n\t\t\t\t\t\t<div class=\"elementor-element elementor-element-c2b5be1 elementor-widget-divider--view-line elementor-widget elementor-widget-divider\" data-id=\"c2b5be1\" data-element_type=\"widget\" data-e-type=\"widget\" data-widget_type=\"divider.default\">\n\t\t\t\t<div class=\"elementor-widget-container\">\n\t\t\t\t\t\t\t<div class=\"elementor-divider\">\n\t\t\t<span class=\"elementor-divider-separator\">\n\t\t\t\t\t\t<\/span>\n\t\t<\/div>\n\t\t\t\t\t\t<\/div>\n\t\t\t\t<\/div>\n\t\t\t\t<section class=\"elementor-section elementor-inner-section elementor-element elementor-element-ee94a40 elementor-section-boxed elementor-section-height-default elementor-section-height-default\" data-id=\"ee94a40\" data-element_type=\"section\" data-e-type=\"section\">\n\t\t\t\t\t\t<div class=\"elementor-container elementor-column-gap-custom\">\n\t\t\t\t\t<div class=\"elementor-column elementor-col-50 elementor-inner-column elementor-element elementor-element-cd158b7\" data-id=\"cd158b7\" data-element_type=\"column\" data-e-type=\"column\">\n\t\t\t<div class=\"elementor-widget-wrap elementor-element-populated\">\n\t\t\t\t\t\t<div class=\"elementor-element elementor-element-99e5d60 elementor-widget elementor-widget-image\" data-id=\"99e5d60\" data-element_type=\"widget\" data-e-type=\"widget\" data-widget_type=\"image.default\">\n\t\t\t\t<div class=\"elementor-widget-container\">\n\t\t\t\t\t\t\t\t\t\t\t\t\t\t\t<img decoding=\"async\" width=\"197\" height=\"204\" src=\"https:\/\/www.yokak.gov.tr\/wp-content\/uploads\/2025\/07\/saray.png\" class=\"attachment-1536x1536 size-1536x1536 wp-image-41617\" alt=\"\" \/>\t\t\t\t\t\t\t\t\t\t\t\t\t\t\t<\/div>\n\t\t\t\t<\/div>\n\t\t\t\t\t<\/div>\n\t\t<\/div>\n\t\t\t\t<div class=\"elementor-column elementor-col-50 elementor-inner-column elementor-element elementor-element-4417670\" data-id=\"4417670\" data-element_type=\"column\" data-e-type=\"column\">\n\t\t\t<div class=\"elementor-widget-wrap elementor-element-populated\">\n\t\t\t\t\t\t<div class=\"elementor-element elementor-element-cde897a elementor-widget elementor-widget-text-editor\" data-id=\"cde897a\" data-element_type=\"widget\" data-e-type=\"widget\" data-widget_type=\"text-editor.default\">\n\t\t\t\t<div class=\"elementor-widget-container\">\n\t\t\t\t\t\t\t\t\t<h4><span style=\"color: #3362b5;\"><strong>\u00a0<span style=\"color: #3362b5;\">The International University of Sarajevo(IUS)<\/span><\/strong><\/span><\/h4>\t\t\t\t\t\t\t\t<\/div>\n\t\t\t\t<\/div>\n\t\t\t\t<div class=\"elementor-element elementor-element-44bed68 elementor-widget elementor-widget-text-editor\" data-id=\"44bed68\" data-element_type=\"widget\" data-e-type=\"widget\" data-widget_type=\"text-editor.default\">\n\t\t\t\t<div class=\"elementor-widget-container\">\n\t\t\t\t\t\t\t\t\t<p>\u00a0<strong>University Type: <\/strong>Private<\/p>\t\t\t\t\t\t\t\t<\/div>\n\t\t\t\t<\/div>\n\t\t\t\t<div class=\"elementor-element elementor-element-9ae84b7 elementor-widget elementor-widget-text-editor\" data-id=\"9ae84b7\" data-element_type=\"widget\" data-e-type=\"widget\" data-widget_type=\"text-editor.default\">\n\t\t\t\t<div class=\"elementor-widget-container\">\n\t\t\t\t\t\t\t\t\t<p>\u00a0<strong>Date of Foundation: 2004<\/strong><\/p>\t\t\t\t\t\t\t\t<\/div>\n\t\t\t\t<\/div>\n\t\t\t\t<div class=\"elementor-element elementor-element-90720dd elementor-widget elementor-widget-text-editor\" data-id=\"90720dd\" data-element_type=\"widget\" data-e-type=\"widget\" data-widget_type=\"text-editor.default\">\n\t\t\t\t<div class=\"elementor-widget-container\">\n\t\t\t\t\t\t\t\t\t<p>\u00a0<strong>Rector:<\/strong><strong>\u00a0<\/strong>Prof. Ali Osman Ku\u015fakc\u0131\u00a0<\/p>\t\t\t\t\t\t\t\t<\/div>\n\t\t\t\t<\/div>\n\t\t\t\t<div class=\"elementor-element elementor-element-3f63832 elementor-widget elementor-widget-text-editor\" data-id=\"3f63832\" data-element_type=\"widget\" data-e-type=\"widget\" data-widget_type=\"text-editor.default\">\n\t\t\t\t<div class=\"elementor-widget-container\">\n\t\t\t\t\t\t\t\t\t<p>\u00a0<strong>Website:<\/strong> <a href=\"https:\/\/www.ius.edu.ba\/en\">https:\/\/www.ius.edu.ba\/en<\/a><\/p>\t\t\t\t\t\t\t\t<\/div>\n\t\t\t\t<\/div>\n\t\t\t\t<div class=\"elementor-element elementor-element-7b41ab3 elementor-widget elementor-widget-text-editor\" data-id=\"7b41ab3\" data-element_type=\"widget\" data-e-type=\"widget\" data-widget_type=\"text-editor.default\">\n\t\t\t\t<div class=\"elementor-widget-container\">\n\t\t\t\t\t\t\t\t\t<p><strong>\u00a0Eurydice-Euripedia (Bosnia and Herzegovina):<\/strong><a href=\"https:\/\/eurydice.eacea.ec.europa.eu\/eurypedia\/bosnia-and-herzegovina\/overview\">https:\/\/eurydice.eacea.ec.europa.eu\/eurypedia\/bosnia-and-herzegovina\/overview<\/a><\/p>\t\t\t\t\t\t\t\t<\/div>\n\t\t\t\t<\/div>\n\t\t\t\t\t<\/div>\n\t\t<\/div>\n\t\t\t\t\t<\/div>\n\t\t<\/section>\n\t\t\t\t\t<\/div>\n\t\t<\/div>\n\t\t\t\t\t<\/div>\n\t\t<\/section>\n\t\t\t\t<section class=\"elementor-section elementor-top-section elementor-element elementor-element-5f30924 elementor-section-stretched elementor-section-boxed elementor-section-height-default elementor-section-height-default\" data-id=\"5f30924\" data-element_type=\"section\" data-e-type=\"section\" data-settings=\"{&quot;stretch_section&quot;:&quot;section-stretched&quot;}\">\n\t\t\t\t\t\t<div class=\"elementor-container elementor-column-gap-default\">\n\t\t\t\t\t<div class=\"elementor-column elementor-col-100 elementor-top-column elementor-element elementor-element-32f387a\" data-id=\"32f387a\" data-element_type=\"column\" data-e-type=\"column\">\n\t\t\t<div class=\"elementor-widget-wrap elementor-element-populated\">\n\t\t\t\t\t\t<div class=\"elementor-element elementor-element-f071606 elementor-widget-divider--view-line elementor-widget elementor-widget-divider\" data-id=\"f071606\" data-element_type=\"widget\" data-e-type=\"widget\" data-widget_type=\"divider.default\">\n\t\t\t\t<div class=\"elementor-widget-container\">\n\t\t\t\t\t\t\t<div class=\"elementor-divider\">\n\t\t\t<span class=\"elementor-divider-separator\">\n\t\t\t\t\t\t<\/span>\n\t\t<\/div>\n\t\t\t\t\t\t<\/div>\n\t\t\t\t<\/div>\n\t\t\t\t<div class=\"elementor-element elementor-element-e5b1ed6 elementor-widget elementor-widget-n-accordion\" data-id=\"e5b1ed6\" data-element_type=\"widget\" data-e-type=\"widget\" data-settings=\"{&quot;max_items_expended&quot;:&quot;multiple&quot;,&quot;default_state&quot;:&quot;expanded&quot;,&quot;n_accordion_animation_duration&quot;:{&quot;unit&quot;:&quot;ms&quot;,&quot;size&quot;:400,&quot;sizes&quot;:[]}}\" data-widget_type=\"nested-accordion.default\">\n\t\t\t\t<div class=\"elementor-widget-container\">\n\t\t\t\t\t\t\t<div class=\"e-n-accordion\" aria-label=\"Accordion. Open links with Enter or Space, close with Escape, and navigate with Arrow Keys\">\n\t\t\t\t\t\t<details id=\"kidr-tab\" class=\"e-n-accordion-item\" open>\n\t\t\t\t<summary class=\"e-n-accordion-item-title\" data-accordion-index=\"1\" tabindex=\"0\" aria-expanded=\"true\" aria-controls=\"kidr-tab\" >\n\t\t\t\t\t<span class='e-n-accordion-item-title-header'><div class=\"e-n-accordion-item-title-text\"> ISER REPORTS <\/div><\/span>\n\t\t\t\t\t\t\t<span class='e-n-accordion-item-title-icon'>\n\t\t\t<span class='e-opened' ><svg aria-hidden=\"true\" class=\"e-font-icon-svg e-fas-minus\" viewBox=\"0 0 448 512\" xmlns=\"http:\/\/www.w3.org\/2000\/svg\"><path d=\"M416 208H32c-17.67 0-32 14.33-32 32v32c0 17.67 14.33 32 32 32h384c17.67 0 32-14.33 32-32v-32c0-17.67-14.33-32-32-32z\"><\/path><\/svg><\/span>\n\t\t\t<span class='e-closed'><svg aria-hidden=\"true\" class=\"e-font-icon-svg e-fas-plus\" viewBox=\"0 0 448 512\" xmlns=\"http:\/\/www.w3.org\/2000\/svg\"><path d=\"M416 208H272V64c0-17.67-14.33-32-32-32h-32c-17.67 0-32 14.33-32 32v144H32c-17.67 0-32 14.33-32 32v32c0 17.67 14.33 32 32 32h144v144c0 17.67 14.33 32 32 32h32c17.67 0 32-14.33 32-32V304h144c17.67 0 32-14.33 32-32v-32c0-17.67-14.33-32-32-32z\"><\/path><\/svg><\/span>\n\t\t<\/span>\n\n\t\t\t\t\t\t<\/summary>\n\t\t\t\t<div role=\"region\" aria-labelledby=\"kidr-tab\" class=\"elementor-element elementor-element-31bfa67 e-con-full e-flex e-con e-child\" data-id=\"31bfa67\" data-element_type=\"container\" data-e-type=\"container\" data-settings=\"{&quot;background_background&quot;:&quot;classic&quot;}\">\n\t\t\t\t<div class=\"elementor-element elementor-element-e60ff66 iconbox-text-left elementor-widget elementor-widget-thim-icon-box\" data-id=\"e60ff66\" data-element_type=\"widget\" data-e-type=\"widget\" data-widget_type=\"thim-icon-box.default\">\n\t\t\t\t<div class=\"elementor-widget-container\">\n\t\t\t\t\t<div class=\"thim-widget-icon-box\"><div class=\"wrapper-box-icon has_custom_image text-left \"><div class=\"smicon-box iconbox-left\"><div class=\"boxes-icon\"><a class=\"icon-box-link\" href=\"\/documents\/ukapreports\/ius_iser_ver.1.pdf\" target=\"_blank\" rel=\"nofollow\"><span class=\"inner-icon\"><span class=\"icon icon-images\"><img decoding=\"async\" src=\"https:\/\/www.yokak.gov.tr\/wp-content\/uploads\/2025\/08\/ISER-1.png\" alt=\"ISER\" title=\"ISER\"  width=\"150\" height=\"200\"><\/span><\/span><\/a><\/div><div class=\"content-inner\"><\/div><\/div><\/div><\/div>\t\t\t\t<\/div>\n\t\t\t\t<\/div>\n\t\t\t\t<\/div>\n\t\t\t\t\t<\/details>\n\t\t\t\t\t\t<details id=\"e-n-accordion-item-2401\" class=\"e-n-accordion-item\" >\n\t\t\t\t<summary class=\"e-n-accordion-item-title\" data-accordion-index=\"2\" tabindex=\"-1\" aria-expanded=\"false\" aria-controls=\"e-n-accordion-item-2401\" >\n\t\t\t\t\t<span class='e-n-accordion-item-title-header'><div class=\"e-n-accordion-item-title-text\"> IIAP REPORTS <\/div><\/span>\n\t\t\t\t\t\t\t<span class='e-n-accordion-item-title-icon'>\n\t\t\t<span class='e-opened' ><svg aria-hidden=\"true\" class=\"e-font-icon-svg e-fas-minus\" viewBox=\"0 0 448 512\" xmlns=\"http:\/\/www.w3.org\/2000\/svg\"><path d=\"M416 208H32c-17.67 0-32 14.33-32 32v32c0 17.67 14.33 32 32 32h384c17.67 0 32-14.33 32-32v-32c0-17.67-14.33-32-32-32z\"><\/path><\/svg><\/span>\n\t\t\t<span class='e-closed'><svg aria-hidden=\"true\" class=\"e-font-icon-svg e-fas-plus\" viewBox=\"0 0 448 512\" xmlns=\"http:\/\/www.w3.org\/2000\/svg\"><path d=\"M416 208H272V64c0-17.67-14.33-32-32-32h-32c-17.67 0-32 14.33-32 32v144H32c-17.67 0-32 14.33-32 32v32c0 17.67 14.33 32 32 32h144v144c0 17.67 14.33 32 32 32h32c17.67 0 32-14.33 32-32V304h144c17.67 0 32-14.33 32-32v-32c0-17.67-14.33-32-32-32z\"><\/path><\/svg><\/span>\n\t\t<\/span>\n\n\t\t\t\t\t\t<\/summary>\n\t\t\t\t<div role=\"region\" aria-labelledby=\"e-n-accordion-item-2401\" class=\"elementor-element elementor-element-7c5d3c3 e-con-full e-flex e-con e-child\" data-id=\"7c5d3c3\" data-element_type=\"container\" data-e-type=\"container\">\n\t\t\t\t<\/div>\n\t\t\t\t\t<\/details>\n\t\t\t\t\t<\/div>\n\t\t\t\t\t\t<\/div>\n\t\t\t\t<\/div>\n\t\t\t\t\t<\/div>\n\t\t<\/div>\n\t\t\t\t\t<\/div>\n\t\t<\/section>\n\t\t\t\t<\/div>\n\t\t","protected":false},"excerpt":{"rendered":"<p>Home Ongoing Reviews \u00a0The International University of Sarajevo(IUS) \u00a0University Type: Private \u00a0Date of Foundation: 2004 \u00a0Rector:\u00a0Prof. Ali Osman Ku\u015fakc\u0131\u00a0 \u00a0Website: https:\/\/www.ius.edu.ba\/en \u00a0Eurydice-Euripedia (Bosnia and Herzegovina):https:\/\/eurydice.eacea.ec.europa.eu\/eurypedia\/bosnia-and-herzegovina\/overview ISER REPORTS IIAP REPORTS<\/p>\n","protected":false},"author":3,"featured_media":0,"parent":0,"menu_order":0,"comment_status":"closed","ping_status":"closed","template":"elementor_header_footer","meta":{"footnotes":""},"class_list":["post-41661","page","type-page","status-publish","hentry"],"yoast_head":"<!-- This site is optimized with the Yoast SEO plugin v27.0 - https:\/\/yoast.com\/product\/yoast-seo-wordpress\/ -->\n<title>The International University of Sarajevo (IUS) - Y\u00fcksek\u00f6\u011fretim Kalite Kurulu Ba\u015fkanl\u0131\u011f\u0131<\/title>\n<meta name=\"robots\" content=\"index, follow, max-snippet:-1, max-image-preview:large, max-video-preview:-1\" \/>\n<link rel=\"canonical\" href=\"https:\/\/www.yokak.gov.tr\/uluslararasi-saray-bosna-universitesi\/\" \/>\n<meta property=\"og:locale\" content=\"en_US\" \/>\n<meta property=\"og:type\" content=\"article\" \/>\n<meta property=\"og:title\" content=\"The International University of Sarajevo (IUS) - Y\u00fcksek\u00f6\u011fretim Kalite Kurulu Ba\u015fkanl\u0131\u011f\u0131\" \/>\n<meta property=\"og:description\" content=\"Home Ongoing Reviews \u00a0The International University of Sarajevo(IUS) \u00a0University Type: Private \u00a0Date of Foundation: 2004 \u00a0Rector:\u00a0Prof. Ali Osman Ku\u015fakc\u0131\u00a0 \u00a0Website: https:\/\/www.ius.edu.ba\/en \u00a0Eurydice-Euripedia (Bosnia and Herzegovina):https:\/\/eurydice.eacea.ec.europa.eu\/eurypedia\/bosnia-and-herzegovina\/overview ISER REPORTS IIAP REPORTS\" \/>\n<meta property=\"og:url\" content=\"https:\/\/www.yokak.gov.tr\/uluslararasi-saray-bosna-universitesi\/\" \/>\n<meta property=\"og:site_name\" content=\"Y\u00fcksek\u00f6\u011fretim Kalite Kurulu Ba\u015fkanl\u0131\u011f\u0131\" \/>\n<meta property=\"article:modified_time\" content=\"2026-02-04T13:12:23+00:00\" \/>\n<meta property=\"og:image\" content=\"https:\/\/www.yokak.gov.tr\/wp-content\/uploads\/2025\/07\/saray.png\" \/>\n\t<meta property=\"og:image:width\" content=\"197\" \/>\n\t<meta property=\"og:image:height\" content=\"204\" \/>\n\t<meta property=\"og:image:type\" content=\"image\/png\" \/>\n<meta name=\"twitter:card\" content=\"summary_large_image\" \/>\n<meta name=\"twitter:site\" content=\"@ykalitekurulu\" \/>\n<meta name=\"twitter:label1\" content=\"Est. reading time\" \/>\n\t<meta name=\"twitter:data1\" content=\"1 minute\" \/>\n<script type=\"application\/ld+json\" class=\"yoast-schema-graph\">{\"@context\":\"https:\/\/schema.org\",\"@graph\":[{\"@type\":\"WebPage\",\"@id\":\"https:\/\/www.yokak.gov.tr\/uluslararasi-saray-bosna-universitesi\/\",\"url\":\"https:\/\/www.yokak.gov.tr\/uluslararasi-saray-bosna-universitesi\/\",\"name\":\"The International University of Sarajevo (IUS) - Y\u00fcksek\u00f6\u011fretim Kalite Kurulu Ba\u015fkanl\u0131\u011f\u0131\",\"isPartOf\":{\"@id\":\"https:\/\/www.yokak.gov.tr\/#website\"},\"primaryImageOfPage\":{\"@id\":\"https:\/\/www.yokak.gov.tr\/uluslararasi-saray-bosna-universitesi\/#primaryimage\"},\"image\":{\"@id\":\"https:\/\/www.yokak.gov.tr\/uluslararasi-saray-bosna-universitesi\/#primaryimage\"},\"thumbnailUrl\":\"https:\/\/www.yokak.gov.tr\/wp-content\/uploads\/2025\/07\/saray.png\",\"datePublished\":\"2025-07-30T11:46:26+00:00\",\"dateModified\":\"2026-02-04T13:12:23+00:00\",\"breadcrumb\":{\"@id\":\"https:\/\/www.yokak.gov.tr\/uluslararasi-saray-bosna-universitesi\/#breadcrumb\"},\"inLanguage\":\"en-US\",\"potentialAction\":[{\"@type\":\"ReadAction\",\"target\":[\"https:\/\/www.yokak.gov.tr\/uluslararasi-saray-bosna-universitesi\/\"]}]},{\"@type\":\"ImageObject\",\"inLanguage\":\"en-US\",\"@id\":\"https:\/\/www.yokak.gov.tr\/uluslararasi-saray-bosna-universitesi\/#primaryimage\",\"url\":\"https:\/\/www.yokak.gov.tr\/wp-content\/uploads\/2025\/07\/saray.png\",\"contentUrl\":\"https:\/\/www.yokak.gov.tr\/wp-content\/uploads\/2025\/07\/saray.png\"},{\"@type\":\"BreadcrumbList\",\"@id\":\"https:\/\/www.yokak.gov.tr\/uluslararasi-saray-bosna-universitesi\/#breadcrumb\",\"itemListElement\":[{\"@type\":\"ListItem\",\"position\":1,\"name\":\"Anasayfa\",\"item\":\"https:\/\/www.yokak.gov.tr\/\"},{\"@type\":\"ListItem\",\"position\":2,\"name\":\"The International University of Sarajevo (IUS)\"}]},{\"@type\":\"WebSite\",\"@id\":\"https:\/\/www.yokak.gov.tr\/#website\",\"url\":\"https:\/\/www.yokak.gov.tr\/\",\"name\":\"Y\u00d6KAK\",\"description\":\"Y\u00fcksek\u00f6\u011fretim Kalite Kurulu Ba\u015fkanl\u0131\u011f\u0131\",\"potentialAction\":[{\"@type\":\"SearchAction\",\"target\":{\"@type\":\"EntryPoint\",\"urlTemplate\":\"https:\/\/www.yokak.gov.tr\/?s={search_term_string}\"},\"query-input\":{\"@type\":\"PropertyValueSpecification\",\"valueRequired\":true,\"valueName\":\"search_term_string\"}}],\"inLanguage\":\"en-US\"}]}<\/script>\n<!-- \/ Yoast SEO plugin. -->","yoast_head_json":{"title":"The International University of Sarajevo (IUS) - Y\u00fcksek\u00f6\u011fretim Kalite Kurulu Ba\u015fkanl\u0131\u011f\u0131","robots":{"index":"index","follow":"follow","max-snippet":"max-snippet:-1","max-image-preview":"max-image-preview:large","max-video-preview":"max-video-preview:-1"},"canonical":"https:\/\/www.yokak.gov.tr\/uluslararasi-saray-bosna-universitesi\/","og_locale":"en_US","og_type":"article","og_title":"The International University of Sarajevo (IUS) - Y\u00fcksek\u00f6\u011fretim Kalite Kurulu Ba\u015fkanl\u0131\u011f\u0131","og_description":"Home Ongoing Reviews \u00a0The International University of Sarajevo(IUS) \u00a0University Type: Private \u00a0Date of Foundation: 2004 \u00a0Rector:\u00a0Prof. Ali Osman Ku\u015fakc\u0131\u00a0 \u00a0Website: https:\/\/www.ius.edu.ba\/en \u00a0Eurydice-Euripedia (Bosnia and Herzegovina):https:\/\/eurydice.eacea.ec.europa.eu\/eurypedia\/bosnia-and-herzegovina\/overview ISER REPORTS IIAP REPORTS","og_url":"https:\/\/www.yokak.gov.tr\/uluslararasi-saray-bosna-universitesi\/","og_site_name":"Y\u00fcksek\u00f6\u011fretim Kalite Kurulu Ba\u015fkanl\u0131\u011f\u0131","article_modified_time":"2026-02-04T13:12:23+00:00","og_image":[{"width":197,"height":204,"url":"https:\/\/www.yokak.gov.tr\/wp-content\/uploads\/2025\/07\/saray.png","type":"image\/png"}],"twitter_card":"summary_large_image","twitter_site":"@ykalitekurulu","twitter_misc":{"Est. reading time":"1 minute"},"schema":{"@context":"https:\/\/schema.org","@graph":[{"@type":"WebPage","@id":"https:\/\/www.yokak.gov.tr\/uluslararasi-saray-bosna-universitesi\/","url":"https:\/\/www.yokak.gov.tr\/uluslararasi-saray-bosna-universitesi\/","name":"The International University of Sarajevo (IUS) - Y\u00fcksek\u00f6\u011fretim Kalite Kurulu Ba\u015fkanl\u0131\u011f\u0131","isPartOf":{"@id":"https:\/\/www.yokak.gov.tr\/#website"},"primaryImageOfPage":{"@id":"https:\/\/www.yokak.gov.tr\/uluslararasi-saray-bosna-universitesi\/#primaryimage"},"image":{"@id":"https:\/\/www.yokak.gov.tr\/uluslararasi-saray-bosna-universitesi\/#primaryimage"},"thumbnailUrl":"https:\/\/www.yokak.gov.tr\/wp-content\/uploads\/2025\/07\/saray.png","datePublished":"2025-07-30T11:46:26+00:00","dateModified":"2026-02-04T13:12:23+00:00","breadcrumb":{"@id":"https:\/\/www.yokak.gov.tr\/uluslararasi-saray-bosna-universitesi\/#breadcrumb"},"inLanguage":"en-US","potentialAction":[{"@type":"ReadAction","target":["https:\/\/www.yokak.gov.tr\/uluslararasi-saray-bosna-universitesi\/"]}]},{"@type":"ImageObject","inLanguage":"en-US","@id":"https:\/\/www.yokak.gov.tr\/uluslararasi-saray-bosna-universitesi\/#primaryimage","url":"https:\/\/www.yokak.gov.tr\/wp-content\/uploads\/2025\/07\/saray.png","contentUrl":"https:\/\/www.yokak.gov.tr\/wp-content\/uploads\/2025\/07\/saray.png"},{"@type":"BreadcrumbList","@id":"https:\/\/www.yokak.gov.tr\/uluslararasi-saray-bosna-universitesi\/#breadcrumb","itemListElement":[{"@type":"ListItem","position":1,"name":"Anasayfa","item":"https:\/\/www.yokak.gov.tr\/"},{"@type":"ListItem","position":2,"name":"The International University of Sarajevo (IUS)"}]},{"@type":"WebSite","@id":"https:\/\/www.yokak.gov.tr\/#website","url":"https:\/\/www.yokak.gov.tr\/","name":"Y\u00d6KAK","description":"Y\u00fcksek\u00f6\u011fretim Kalite Kurulu Ba\u015fkanl\u0131\u011f\u0131","potentialAction":[{"@type":"SearchAction","target":{"@type":"EntryPoint","urlTemplate":"https:\/\/www.yokak.gov.tr\/?s={search_term_string}"},"query-input":{"@type":"PropertyValueSpecification","valueRequired":true,"valueName":"search_term_string"}}],"inLanguage":"en-US"}]}},"_links":{"self":[{"href":"https:\/\/www.yokak.gov.tr\/en\/wp-json\/wp\/v2\/pages\/41661","targetHints":{"allow":["GET"]}}],"collection":[{"href":"https:\/\/www.yokak.gov.tr\/en\/wp-json\/wp\/v2\/pages"}],"about":[{"href":"https:\/\/www.yokak.gov.tr\/en\/wp-json\/wp\/v2\/types\/page"}],"author":[{"embeddable":true,"href":"https:\/\/www.yokak.gov.tr\/en\/wp-json\/wp\/v2\/users\/3"}],"replies":[{"embeddable":true,"href":"https:\/\/www.yokak.gov.tr\/en\/wp-json\/wp\/v2\/comments?post=41661"}],"version-history":[{"count":25,"href":"https:\/\/www.yokak.gov.tr\/en\/wp-json\/wp\/v2\/pages\/41661\/revisions"}],"predecessor-version":[{"id":43576,"href":"https:\/\/www.yokak.gov.tr\/en\/wp-json\/wp\/v2\/pages\/41661\/revisions\/43576"}],"wp:attachment":[{"href":"https:\/\/www.yokak.gov.tr\/en\/wp-json\/wp\/v2\/media?parent=41661"}],"curies":[{"name":"wp","href":"https:\/\/api.w.org\/{rel}","templated":true}]}}