{"id":30668,"date":"2024-09-10T10:21:38","date_gmt":"2024-09-10T07:21:38","guid":{"rendered":"https:\/\/wp.yokak.gov.tr\/?page_id=30668"},"modified":"2026-03-11T11:58:27","modified_gmt":"2026-03-11T08:58:27","slug":"student-commision-members","status":"publish","type":"page","link":"https:\/\/www.yokak.gov.tr\/en\/student-commision-members\/","title":{"rendered":"Student Commision Members"},"content":{"rendered":"\t\t<div data-elementor-type=\"wp-page\" data-elementor-id=\"30668\" class=\"elementor elementor-30668 elementor-23677\" data-elementor-post-type=\"page\">\n\t\t\t\t\t\t<section class=\"elementor-section elementor-top-section elementor-element elementor-element-897f4f9 elementor-section-boxed elementor-section-height-default elementor-section-height-default\" data-id=\"897f4f9\" data-element_type=\"section\" data-e-type=\"section\">\n\t\t\t\t\t\t\t<div class=\"elementor-background-overlay\"><\/div>\n\t\t\t\t\t\t\t<div class=\"elementor-container elementor-column-gap-custom\">\n\t\t\t\t\t<div class=\"elementor-column elementor-col-100 elementor-top-column elementor-element elementor-element-1157f215\" data-id=\"1157f215\" data-element_type=\"column\" data-e-type=\"column\">\n\t\t\t<div class=\"elementor-widget-wrap elementor-element-populated\">\n\t\t\t\t\t\t<div class=\"elementor-element elementor-element-1ebd9562 elementor-widget elementor-widget-thim-ekits-breadcrumb\" data-id=\"1ebd9562\" data-element_type=\"widget\" data-e-type=\"widget\" data-widget_type=\"thim-ekits-breadcrumb.default\">\n\t\t\t\t<div class=\"elementor-widget-container\">\n\t\t\t\t\t\n\t\t\t<div class=\"thim-ekit-breadcrumb\">\n\n\t\t\t\tHome\n\t\t\t<\/div>\n\n\t\t\t\t\t\t\t<\/div>\n\t\t\t\t<\/div>\n\t\t\t\t\t<\/div>\n\t\t<\/div>\n\t\t\t\t\t<\/div>\n\t\t<\/section>\n\t\t\t\t<section class=\"elementor-section elementor-top-section elementor-element elementor-element-2609fc9 elementor-section-boxed elementor-section-height-default elementor-section-height-default\" data-id=\"2609fc9\" data-element_type=\"section\" data-e-type=\"section\">\n\t\t\t\t\t\t\t<div class=\"elementor-background-overlay\"><\/div>\n\t\t\t\t\t\t\t<div class=\"elementor-container elementor-column-gap-custom\">\n\t\t\t\t\t<div class=\"elementor-column elementor-col-100 elementor-top-column elementor-element elementor-element-2c01b09\" data-id=\"2c01b09\" data-element_type=\"column\" data-e-type=\"column\">\n\t\t\t<div class=\"elementor-widget-wrap\">\n\t\t\t\t\t\t\t<\/div>\n\t\t<\/div>\n\t\t\t\t\t<\/div>\n\t\t<\/section>\n\t\t\t\t<section class=\"elementor-section elementor-top-section elementor-element elementor-element-fe340d5 elementor-section-boxed elementor-section-height-default elementor-section-height-default\" data-id=\"fe340d5\" data-element_type=\"section\" data-e-type=\"section\">\n\t\t\t\t\t\t\t<div class=\"elementor-background-overlay\"><\/div>\n\t\t\t\t\t\t\t<div class=\"elementor-container elementor-column-gap-custom\">\n\t\t\t\t\t<div class=\"elementor-column elementor-col-100 elementor-top-column elementor-element elementor-element-41e34ac\" data-id=\"41e34ac\" data-element_type=\"column\" data-e-type=\"column\">\n\t\t\t<div class=\"elementor-widget-wrap elementor-element-populated\">\n\t\t\t\t\t\t<div class=\"elementor-element elementor-element-5b7e597 e-n-tabs-mobile elementor-widget elementor-widget-n-tabs\" data-id=\"5b7e597\" data-element_type=\"widget\" data-e-type=\"widget\" data-settings=\"{&quot;horizontal_scroll&quot;:&quot;disable&quot;}\" data-widget_type=\"nested-tabs.default\">\n\t\t\t\t<div class=\"elementor-widget-container\">\n\t\t\t\t\t\t\t<div class=\"e-n-tabs\" data-widget-number=\"95937943\" aria-label=\"Tabs. Open items with Enter or Space, close with Escape and navigate using the Arrow keys.\">\n\t\t\t<div class=\"e-n-tabs-heading\" role=\"tablist\">\n\t\t\t\t\t<button id=\"e-n-tab-title-959379431\" data-tab-title-id=\"e-n-tab-title-959379431\" class=\"e-n-tab-title\" aria-selected=\"true\" data-tab-index=\"1\" role=\"tab\" tabindex=\"0\" aria-controls=\"e-n-tab-content-959379431\" style=\"--n-tabs-title-order: 1;\">\n\t\t\t\t\t\t<span class=\"e-n-tab-title-text\">\n\t\t\t\tStudent Commission Members\t\t\t<\/span>\n\t\t<\/button>\n\t\t\t\t<button id=\"e-n-tab-title-959379432\" data-tab-title-id=\"e-n-tab-title-959379432\" class=\"e-n-tab-title\" aria-selected=\"false\" data-tab-index=\"2\" role=\"tab\" tabindex=\"-1\" aria-controls=\"e-n-tab-content-959379432\" style=\"--n-tabs-title-order: 2;\">\n\t\t\t\t\t\t<span class=\"e-n-tab-title-text\">\n\t\t\t\tCoordinator\t\t\t<\/span>\n\t\t<\/button>\n\t\t\t\t\t<\/div>\n\t\t\t<div class=\"e-n-tabs-content\">\n\t\t\t\t<div id=\"e-n-tab-content-959379431\" role=\"tabpanel\" aria-labelledby=\"e-n-tab-title-959379431\" data-tab-index=\"1\" style=\"--n-tabs-title-order: 1;\" class=\"e-active elementor-element elementor-element-1626b9f e-con-full e-flex e-con e-child\" data-id=\"1626b9f\" data-element_type=\"container\" data-e-type=\"container\">\n\t\t<div class=\"elementor-element elementor-element-d48e163 e-con-full e-flex e-con e-child\" data-id=\"d48e163\" data-element_type=\"container\" data-e-type=\"container\">\n\t\t\t\t<div class=\"elementor-element elementor-element-37564ec elementor-position-top elementor-widget elementor-widget-image-box\" data-id=\"37564ec\" data-element_type=\"widget\" data-e-type=\"widget\" data-widget_type=\"image-box.default\">\n\t\t\t\t<div class=\"elementor-widget-container\">\n\t\t\t\t\t<div class=\"elementor-image-box-wrapper\"><figure class=\"elementor-image-box-img\"><img fetchpriority=\"high\" decoding=\"async\" width=\"2160\" height=\"2160\" src=\"https:\/\/www.yokak.gov.tr\/wp-content\/uploads\/2026\/01\/27760.jpg\" class=\"attachment-full size-full wp-image-43131\" alt=\"\" srcset=\"https:\/\/www.yokak.gov.tr\/wp-content\/uploads\/2026\/01\/27760.jpg 2160w, https:\/\/www.yokak.gov.tr\/wp-content\/uploads\/2026\/01\/27760-300x300.jpg 300w, https:\/\/www.yokak.gov.tr\/wp-content\/uploads\/2026\/01\/27760-1024x1024.jpg 1024w, https:\/\/www.yokak.gov.tr\/wp-content\/uploads\/2026\/01\/27760-150x150.jpg 150w, https:\/\/www.yokak.gov.tr\/wp-content\/uploads\/2026\/01\/27760-768x768.jpg 768w, https:\/\/www.yokak.gov.tr\/wp-content\/uploads\/2026\/01\/27760-1536x1536.jpg 1536w, https:\/\/www.yokak.gov.tr\/wp-content\/uploads\/2026\/01\/27760-2048x2048.jpg 2048w\" sizes=\"(max-width: 2160px) 100vw, 2160px\" \/><\/figure><\/div>\t\t\t\t<\/div>\n\t\t\t\t<\/div>\n\t\t<div class=\"elementor-element elementor-element-a0784bd e-grid e-con-full e-con e-child\" data-id=\"a0784bd\" data-element_type=\"container\" data-e-type=\"container\">\n\t\t\t\t<div class=\"elementor-element elementor-element-8dcf94d elementor-widget elementor-widget-image\" data-id=\"8dcf94d\" data-element_type=\"widget\" data-e-type=\"widget\" data-widget_type=\"image.default\">\n\t\t\t\t<div class=\"elementor-widget-container\">\n\t\t\t\t\t\t\t\t\t\t\t\t\t\t\t<img decoding=\"async\" width=\"640\" height=\"640\" src=\"https:\/\/www.yokak.gov.tr\/wp-content\/uploads\/2026\/03\/Nur-Sena-Altun_EN-1024x1024.jpg\" class=\"attachment-large size-large wp-image-44001\" alt=\"\" srcset=\"https:\/\/www.yokak.gov.tr\/wp-content\/uploads\/2026\/03\/Nur-Sena-Altun_EN-1024x1024.jpg 1024w, https:\/\/www.yokak.gov.tr\/wp-content\/uploads\/2026\/03\/Nur-Sena-Altun_EN-300x300.jpg 300w, https:\/\/www.yokak.gov.tr\/wp-content\/uploads\/2026\/03\/Nur-Sena-Altun_EN-150x150.jpg 150w, https:\/\/www.yokak.gov.tr\/wp-content\/uploads\/2026\/03\/Nur-Sena-Altun_EN-768x768.jpg 768w, https:\/\/www.yokak.gov.tr\/wp-content\/uploads\/2026\/03\/Nur-Sena-Altun_EN-1536x1536.jpg 1536w, https:\/\/www.yokak.gov.tr\/wp-content\/uploads\/2026\/03\/Nur-Sena-Altun_EN-2048x2048.jpg 2048w\" sizes=\"(max-width: 640px) 100vw, 640px\" \/>\t\t\t\t\t\t\t\t\t\t\t\t\t\t\t<\/div>\n\t\t\t\t<\/div>\n\t\t\t\t<div class=\"elementor-element elementor-element-e26c2c6 elementor-widget elementor-widget-image\" data-id=\"e26c2c6\" data-element_type=\"widget\" data-e-type=\"widget\" data-widget_type=\"image.default\">\n\t\t\t\t<div class=\"elementor-widget-container\">\n\t\t\t\t\t\t\t\t\t\t\t\t\t\t\t<img decoding=\"async\" width=\"640\" height=\"640\" src=\"https:\/\/www.yokak.gov.tr\/wp-content\/uploads\/2026\/01\/27770-1024x1024.jpg\" class=\"attachment-large size-large wp-image-43105\" alt=\"\" srcset=\"https:\/\/www.yokak.gov.tr\/wp-content\/uploads\/2026\/01\/27770-1024x1024.jpg 1024w, https:\/\/www.yokak.gov.tr\/wp-content\/uploads\/2026\/01\/27770-300x300.jpg 300w, https:\/\/www.yokak.gov.tr\/wp-content\/uploads\/2026\/01\/27770-150x150.jpg 150w, https:\/\/www.yokak.gov.tr\/wp-content\/uploads\/2026\/01\/27770-768x768.jpg 768w, https:\/\/www.yokak.gov.tr\/wp-content\/uploads\/2026\/01\/27770-1536x1536.jpg 1536w, https:\/\/www.yokak.gov.tr\/wp-content\/uploads\/2026\/01\/27770-2048x2048.jpg 2048w\" sizes=\"(max-width: 640px) 100vw, 640px\" \/>\t\t\t\t\t\t\t\t\t\t\t\t\t\t\t<\/div>\n\t\t\t\t<\/div>\n\t\t\t\t<div class=\"elementor-element elementor-element-c9e6d0c elementor-widget elementor-widget-image\" data-id=\"c9e6d0c\" data-element_type=\"widget\" data-e-type=\"widget\" data-widget_type=\"image.default\">\n\t\t\t\t<div class=\"elementor-widget-container\">\n\t\t\t\t\t\t\t\t\t\t\t\t\t\t\t<img loading=\"lazy\" decoding=\"async\" width=\"640\" height=\"640\" src=\"https:\/\/www.yokak.gov.tr\/wp-content\/uploads\/2026\/01\/27776-1024x1024.jpg\" class=\"attachment-large size-large wp-image-43101\" alt=\"\" srcset=\"https:\/\/www.yokak.gov.tr\/wp-content\/uploads\/2026\/01\/27776-1024x1024.jpg 1024w, https:\/\/www.yokak.gov.tr\/wp-content\/uploads\/2026\/01\/27776-300x300.jpg 300w, https:\/\/www.yokak.gov.tr\/wp-content\/uploads\/2026\/01\/27776-150x150.jpg 150w, https:\/\/www.yokak.gov.tr\/wp-content\/uploads\/2026\/01\/27776-768x768.jpg 768w, https:\/\/www.yokak.gov.tr\/wp-content\/uploads\/2026\/01\/27776-1536x1536.jpg 1536w, https:\/\/www.yokak.gov.tr\/wp-content\/uploads\/2026\/01\/27776-2048x2048.jpg 2048w\" sizes=\"(max-width: 640px) 100vw, 640px\" \/>\t\t\t\t\t\t\t\t\t\t\t\t\t\t\t<\/div>\n\t\t\t\t<\/div>\n\t\t\t\t<div class=\"elementor-element elementor-element-87ab451 elementor-widget elementor-widget-image\" data-id=\"87ab451\" data-element_type=\"widget\" data-e-type=\"widget\" data-widget_type=\"image.default\">\n\t\t\t\t<div class=\"elementor-widget-container\">\n\t\t\t\t\t\t\t\t\t\t\t\t\t\t\t<img loading=\"lazy\" decoding=\"async\" width=\"640\" height=\"640\" src=\"https:\/\/www.yokak.gov.tr\/wp-content\/uploads\/2026\/01\/27764-1024x1024.jpg\" class=\"attachment-large size-large wp-image-43125\" alt=\"\" srcset=\"https:\/\/www.yokak.gov.tr\/wp-content\/uploads\/2026\/01\/27764-1024x1024.jpg 1024w, https:\/\/www.yokak.gov.tr\/wp-content\/uploads\/2026\/01\/27764-300x300.jpg 300w, https:\/\/www.yokak.gov.tr\/wp-content\/uploads\/2026\/01\/27764-150x150.jpg 150w, https:\/\/www.yokak.gov.tr\/wp-content\/uploads\/2026\/01\/27764-768x768.jpg 768w, https:\/\/www.yokak.gov.tr\/wp-content\/uploads\/2026\/01\/27764-1536x1536.jpg 1536w, https:\/\/www.yokak.gov.tr\/wp-content\/uploads\/2026\/01\/27764-2048x2048.jpg 2048w\" sizes=\"(max-width: 640px) 100vw, 640px\" \/>\t\t\t\t\t\t\t\t\t\t\t\t\t\t\t<\/div>\n\t\t\t\t<\/div>\n\t\t\t\t<div class=\"elementor-element elementor-element-e649088 elementor-widget elementor-widget-image\" data-id=\"e649088\" data-element_type=\"widget\" data-e-type=\"widget\" data-widget_type=\"image.default\">\n\t\t\t\t<div class=\"elementor-widget-container\">\n\t\t\t\t\t\t\t\t\t\t\t\t\t\t\t<img loading=\"lazy\" decoding=\"async\" width=\"640\" height=\"640\" src=\"https:\/\/www.yokak.gov.tr\/wp-content\/uploads\/2026\/01\/27774-1024x1024.jpg\" class=\"attachment-large size-large wp-image-43117\" alt=\"\" srcset=\"https:\/\/www.yokak.gov.tr\/wp-content\/uploads\/2026\/01\/27774-1024x1024.jpg 1024w, https:\/\/www.yokak.gov.tr\/wp-content\/uploads\/2026\/01\/27774-300x300.jpg 300w, https:\/\/www.yokak.gov.tr\/wp-content\/uploads\/2026\/01\/27774-150x150.jpg 150w, https:\/\/www.yokak.gov.tr\/wp-content\/uploads\/2026\/01\/27774-768x768.jpg 768w, https:\/\/www.yokak.gov.tr\/wp-content\/uploads\/2026\/01\/27774-1536x1536.jpg 1536w, https:\/\/www.yokak.gov.tr\/wp-content\/uploads\/2026\/01\/27774-2048x2048.jpg 2048w\" sizes=\"(max-width: 640px) 100vw, 640px\" \/>\t\t\t\t\t\t\t\t\t\t\t\t\t\t\t<\/div>\n\t\t\t\t<\/div>\n\t\t\t\t<div class=\"elementor-element elementor-element-96971f3 elementor-widget elementor-widget-image\" data-id=\"96971f3\" data-element_type=\"widget\" data-e-type=\"widget\" data-widget_type=\"image.default\">\n\t\t\t\t<div class=\"elementor-widget-container\">\n\t\t\t\t\t\t\t\t\t\t\t\t\t\t\t<img loading=\"lazy\" decoding=\"async\" width=\"640\" height=\"640\" src=\"https:\/\/www.yokak.gov.tr\/wp-content\/uploads\/2026\/01\/27778-1024x1024.jpg\" class=\"attachment-large size-large wp-image-43097\" alt=\"\" srcset=\"https:\/\/www.yokak.gov.tr\/wp-content\/uploads\/2026\/01\/27778-1024x1024.jpg 1024w, https:\/\/www.yokak.gov.tr\/wp-content\/uploads\/2026\/01\/27778-300x300.jpg 300w, https:\/\/www.yokak.gov.tr\/wp-content\/uploads\/2026\/01\/27778-150x150.jpg 150w, https:\/\/www.yokak.gov.tr\/wp-content\/uploads\/2026\/01\/27778-768x768.jpg 768w, https:\/\/www.yokak.gov.tr\/wp-content\/uploads\/2026\/01\/27778-1536x1536.jpg 1536w, https:\/\/www.yokak.gov.tr\/wp-content\/uploads\/2026\/01\/27778-2048x2048.jpg 2048w\" sizes=\"(max-width: 640px) 100vw, 640px\" \/>\t\t\t\t\t\t\t\t\t\t\t\t\t\t\t<\/div>\n\t\t\t\t<\/div>\n\t\t\t\t<div class=\"elementor-element elementor-element-b4552fd elementor-widget elementor-widget-image\" data-id=\"b4552fd\" data-element_type=\"widget\" data-e-type=\"widget\" data-widget_type=\"image.default\">\n\t\t\t\t<div class=\"elementor-widget-container\">\n\t\t\t\t\t\t\t\t\t\t\t\t\t\t\t<img loading=\"lazy\" decoding=\"async\" width=\"640\" height=\"640\" src=\"https:\/\/www.yokak.gov.tr\/wp-content\/uploads\/2026\/01\/27772-1024x1024.jpg\" class=\"attachment-large size-large wp-image-43119\" alt=\"\" srcset=\"https:\/\/www.yokak.gov.tr\/wp-content\/uploads\/2026\/01\/27772-1024x1024.jpg 1024w, https:\/\/www.yokak.gov.tr\/wp-content\/uploads\/2026\/01\/27772-300x300.jpg 300w, https:\/\/www.yokak.gov.tr\/wp-content\/uploads\/2026\/01\/27772-150x150.jpg 150w, https:\/\/www.yokak.gov.tr\/wp-content\/uploads\/2026\/01\/27772-768x768.jpg 768w, https:\/\/www.yokak.gov.tr\/wp-content\/uploads\/2026\/01\/27772-1536x1536.jpg 1536w, https:\/\/www.yokak.gov.tr\/wp-content\/uploads\/2026\/01\/27772-2048x2048.jpg 2048w\" sizes=\"(max-width: 640px) 100vw, 640px\" \/>\t\t\t\t\t\t\t\t\t\t\t\t\t\t\t<\/div>\n\t\t\t\t<\/div>\n\t\t\t\t<div class=\"elementor-element elementor-element-1122fa0 elementor-widget elementor-widget-image\" data-id=\"1122fa0\" data-element_type=\"widget\" data-e-type=\"widget\" data-widget_type=\"image.default\">\n\t\t\t\t<div class=\"elementor-widget-container\">\n\t\t\t\t\t\t\t\t\t\t\t\t\t\t\t<img loading=\"lazy\" decoding=\"async\" width=\"640\" height=\"640\" src=\"https:\/\/www.yokak.gov.tr\/wp-content\/uploads\/2026\/01\/27780-1024x1024.jpg\" class=\"attachment-large size-large wp-image-43093\" alt=\"\" srcset=\"https:\/\/www.yokak.gov.tr\/wp-content\/uploads\/2026\/01\/27780-1024x1024.jpg 1024w, https:\/\/www.yokak.gov.tr\/wp-content\/uploads\/2026\/01\/27780-300x300.jpg 300w, https:\/\/www.yokak.gov.tr\/wp-content\/uploads\/2026\/01\/27780-150x150.jpg 150w, https:\/\/www.yokak.gov.tr\/wp-content\/uploads\/2026\/01\/27780-768x768.jpg 768w, https:\/\/www.yokak.gov.tr\/wp-content\/uploads\/2026\/01\/27780-1536x1536.jpg 1536w, https:\/\/www.yokak.gov.tr\/wp-content\/uploads\/2026\/01\/27780-2048x2048.jpg 2048w\" sizes=\"(max-width: 640px) 100vw, 640px\" \/>\t\t\t\t\t\t\t\t\t\t\t\t\t\t\t<\/div>\n\t\t\t\t<\/div>\n\t\t\t\t<div class=\"elementor-element elementor-element-e215e3a elementor-widget elementor-widget-image\" data-id=\"e215e3a\" data-element_type=\"widget\" data-e-type=\"widget\" data-widget_type=\"image.default\">\n\t\t\t\t<div class=\"elementor-widget-container\">\n\t\t\t\t\t\t\t\t\t\t\t\t\t\t\t<img loading=\"lazy\" decoding=\"async\" width=\"640\" height=\"640\" src=\"https:\/\/www.yokak.gov.tr\/wp-content\/uploads\/2025\/09\/Ismail-UZUNEL_EN-1-1024x1024.jpg\" class=\"attachment-large size-large wp-image-42129\" alt=\"\" srcset=\"https:\/\/www.yokak.gov.tr\/wp-content\/uploads\/2025\/09\/Ismail-UZUNEL_EN-1-1024x1024.jpg 1024w, https:\/\/www.yokak.gov.tr\/wp-content\/uploads\/2025\/09\/Ismail-UZUNEL_EN-1-300x300.jpg 300w, https:\/\/www.yokak.gov.tr\/wp-content\/uploads\/2025\/09\/Ismail-UZUNEL_EN-1-150x150.jpg 150w, https:\/\/www.yokak.gov.tr\/wp-content\/uploads\/2025\/09\/Ismail-UZUNEL_EN-1-768x768.jpg 768w, https:\/\/www.yokak.gov.tr\/wp-content\/uploads\/2025\/09\/Ismail-UZUNEL_EN-1-1536x1536.jpg 1536w, https:\/\/www.yokak.gov.tr\/wp-content\/uploads\/2025\/09\/Ismail-UZUNEL_EN-1-2048x2048.jpg 2048w\" sizes=\"(max-width: 640px) 100vw, 640px\" \/>\t\t\t\t\t\t\t\t\t\t\t\t\t\t\t<\/div>\n\t\t\t\t<\/div>\n\t\t\t\t<div class=\"elementor-element elementor-element-29883e2 elementor-widget elementor-widget-image\" data-id=\"29883e2\" data-element_type=\"widget\" data-e-type=\"widget\" data-widget_type=\"image.default\">\n\t\t\t\t<div class=\"elementor-widget-container\">\n\t\t\t\t\t\t\t\t\t\t\t\t\t\t\t<img loading=\"lazy\" decoding=\"async\" width=\"640\" height=\"640\" src=\"https:\/\/www.yokak.gov.tr\/wp-content\/uploads\/2026\/03\/Kadir-Ozkan_EN-1024x1024.jpg\" class=\"attachment-large size-large wp-image-43999\" alt=\"\" srcset=\"https:\/\/www.yokak.gov.tr\/wp-content\/uploads\/2026\/03\/Kadir-Ozkan_EN-1024x1024.jpg 1024w, https:\/\/www.yokak.gov.tr\/wp-content\/uploads\/2026\/03\/Kadir-Ozkan_EN-300x300.jpg 300w, https:\/\/www.yokak.gov.tr\/wp-content\/uploads\/2026\/03\/Kadir-Ozkan_EN-150x150.jpg 150w, https:\/\/www.yokak.gov.tr\/wp-content\/uploads\/2026\/03\/Kadir-Ozkan_EN-768x768.jpg 768w, https:\/\/www.yokak.gov.tr\/wp-content\/uploads\/2026\/03\/Kadir-Ozkan_EN-1536x1536.jpg 1536w, https:\/\/www.yokak.gov.tr\/wp-content\/uploads\/2026\/03\/Kadir-Ozkan_EN-2048x2048.jpg 2048w\" sizes=\"(max-width: 640px) 100vw, 640px\" \/>\t\t\t\t\t\t\t\t\t\t\t\t\t\t\t<\/div>\n\t\t\t\t<\/div>\n\t\t\t\t<\/div>\n\t\t\t\t<\/div>\n\t\t\t\t<\/div>\n\t\t<div id=\"e-n-tab-content-959379432\" role=\"tabpanel\" aria-labelledby=\"e-n-tab-title-959379432\" data-tab-index=\"2\" style=\"--n-tabs-title-order: 2;\" class=\" elementor-element elementor-element-7e69fcd e-con-full e-flex e-con e-child\" data-id=\"7e69fcd\" data-element_type=\"container\" data-e-type=\"container\">\n\t\t\t\t<div class=\"elementor-element elementor-element-03111be elementor-position-top elementor-widget elementor-widget-image-box\" data-id=\"03111be\" data-element_type=\"widget\" data-e-type=\"widget\" data-widget_type=\"image-box.default\">\n\t\t\t\t<div class=\"elementor-widget-container\">\n\t\t\t\t\t<div class=\"elementor-image-box-wrapper\"><figure class=\"elementor-image-box-img\"><img loading=\"lazy\" decoding=\"async\" width=\"1080\" height=\"1080\" src=\"https:\/\/www.yokak.gov.tr\/wp-content\/uploads\/2026\/03\/Sena-Hoca_EN.jpg\" class=\"attachment-full size-full wp-image-44102\" alt=\"\" srcset=\"https:\/\/www.yokak.gov.tr\/wp-content\/uploads\/2026\/03\/Sena-Hoca_EN.jpg 1080w, https:\/\/www.yokak.gov.tr\/wp-content\/uploads\/2026\/03\/Sena-Hoca_EN-300x300.jpg 300w, https:\/\/www.yokak.gov.tr\/wp-content\/uploads\/2026\/03\/Sena-Hoca_EN-1024x1024.jpg 1024w, https:\/\/www.yokak.gov.tr\/wp-content\/uploads\/2026\/03\/Sena-Hoca_EN-150x150.jpg 150w, https:\/\/www.yokak.gov.tr\/wp-content\/uploads\/2026\/03\/Sena-Hoca_EN-768x768.jpg 768w\" sizes=\"(max-width: 1080px) 100vw, 1080px\" \/><\/figure><\/div>\t\t\t\t<\/div>\n\t\t\t\t<\/div>\n\t\t\t\t<\/div>\n\t\t\t\t\t<\/div>\n\t\t<\/div>\n\t\t\t\t\t\t<\/div>\n\t\t\t\t<\/div>\n\t\t\t\t\t<\/div>\n\t\t<\/div>\n\t\t\t\t\t<\/div>\n\t\t<\/section>\n\t\t\t\t<\/div>\n\t\t","protected":false},"excerpt":{"rendered":"<p>Home Student Commission Members Coordinator<\/p>\n","protected":false},"author":3,"featured_media":0,"parent":0,"menu_order":0,"comment_status":"closed","ping_status":"closed","template":"elementor_header_footer","meta":{"footnotes":""},"class_list":["post-30668","page","type-page","status-publish","hentry"],"yoast_head":"<!-- This site is optimized with the Yoast SEO plugin v27.0 - https:\/\/yoast.com\/product\/yoast-seo-wordpress\/ -->\n<title>Student Commision Members - Y\u00fcksek\u00f6\u011fretim Kalite Kurulu Ba\u015fkanl\u0131\u011f\u0131<\/title>\n<meta name=\"robots\" content=\"index, follow, max-snippet:-1, max-image-preview:large, max-video-preview:-1\" \/>\n<link rel=\"canonical\" href=\"https:\/\/www.yokak.gov.tr\/ogrenci-komisyonu\/\" \/>\n<meta property=\"og:locale\" content=\"en_US\" \/>\n<meta property=\"og:type\" content=\"article\" \/>\n<meta property=\"og:title\" content=\"Student Commision Members - Y\u00fcksek\u00f6\u011fretim Kalite Kurulu Ba\u015fkanl\u0131\u011f\u0131\" \/>\n<meta property=\"og:description\" content=\"Home Student Commission Members Coordinator\" \/>\n<meta property=\"og:url\" content=\"https:\/\/www.yokak.gov.tr\/ogrenci-komisyonu\/\" \/>\n<meta property=\"og:site_name\" content=\"Y\u00fcksek\u00f6\u011fretim Kalite Kurulu Ba\u015fkanl\u0131\u011f\u0131\" \/>\n<meta property=\"article:modified_time\" content=\"2026-03-11T08:58:27+00:00\" \/>\n<meta property=\"og:image\" content=\"https:\/\/www.yokak.gov.tr\/wp-content\/uploads\/2026\/01\/27760.jpg\" \/>\n\t<meta property=\"og:image:width\" content=\"2160\" \/>\n\t<meta property=\"og:image:height\" content=\"2160\" \/>\n\t<meta property=\"og:image:type\" content=\"image\/jpeg\" \/>\n<meta name=\"twitter:card\" content=\"summary_large_image\" \/>\n<meta name=\"twitter:site\" content=\"@ykalitekurulu\" \/>\n<meta name=\"twitter:label1\" content=\"Est. reading time\" \/>\n\t<meta name=\"twitter:data1\" content=\"5 minutes\" \/>\n<script type=\"application\/ld+json\" class=\"yoast-schema-graph\">{\"@context\":\"https:\/\/schema.org\",\"@graph\":[{\"@type\":\"WebPage\",\"@id\":\"https:\/\/www.yokak.gov.tr\/ogrenci-komisyonu\/\",\"url\":\"https:\/\/www.yokak.gov.tr\/ogrenci-komisyonu\/\",\"name\":\"Student Commision Members - Y\u00fcksek\u00f6\u011fretim Kalite Kurulu Ba\u015fkanl\u0131\u011f\u0131\",\"isPartOf\":{\"@id\":\"https:\/\/www.yokak.gov.tr\/#website\"},\"primaryImageOfPage\":{\"@id\":\"https:\/\/www.yokak.gov.tr\/ogrenci-komisyonu\/#primaryimage\"},\"image\":{\"@id\":\"https:\/\/www.yokak.gov.tr\/ogrenci-komisyonu\/#primaryimage\"},\"thumbnailUrl\":\"https:\/\/www.yokak.gov.tr\/wp-content\/uploads\/2026\/01\/27760.jpg\",\"datePublished\":\"2024-09-10T07:21:38+00:00\",\"dateModified\":\"2026-03-11T08:58:27+00:00\",\"breadcrumb\":{\"@id\":\"https:\/\/www.yokak.gov.tr\/ogrenci-komisyonu\/#breadcrumb\"},\"inLanguage\":\"en-US\",\"potentialAction\":[{\"@type\":\"ReadAction\",\"target\":[\"https:\/\/www.yokak.gov.tr\/ogrenci-komisyonu\/\"]}]},{\"@type\":\"ImageObject\",\"inLanguage\":\"en-US\",\"@id\":\"https:\/\/www.yokak.gov.tr\/ogrenci-komisyonu\/#primaryimage\",\"url\":\"https:\/\/www.yokak.gov.tr\/wp-content\/uploads\/2026\/01\/27760.jpg\",\"contentUrl\":\"https:\/\/www.yokak.gov.tr\/wp-content\/uploads\/2026\/01\/27760.jpg\"},{\"@type\":\"BreadcrumbList\",\"@id\":\"https:\/\/www.yokak.gov.tr\/ogrenci-komisyonu\/#breadcrumb\",\"itemListElement\":[{\"@type\":\"ListItem\",\"position\":1,\"name\":\"Anasayfa\",\"item\":\"https:\/\/www.yokak.gov.tr\/\"},{\"@type\":\"ListItem\",\"position\":2,\"name\":\"Student Commision Members\"}]},{\"@type\":\"WebSite\",\"@id\":\"https:\/\/www.yokak.gov.tr\/#website\",\"url\":\"https:\/\/www.yokak.gov.tr\/\",\"name\":\"Y\u00d6KAK\",\"description\":\"Y\u00fcksek\u00f6\u011fretim Kalite Kurulu Ba\u015fkanl\u0131\u011f\u0131\",\"potentialAction\":[{\"@type\":\"SearchAction\",\"target\":{\"@type\":\"EntryPoint\",\"urlTemplate\":\"https:\/\/www.yokak.gov.tr\/?s={search_term_string}\"},\"query-input\":{\"@type\":\"PropertyValueSpecification\",\"valueRequired\":true,\"valueName\":\"search_term_string\"}}],\"inLanguage\":\"en-US\"}]}<\/script>\n<!-- \/ Yoast SEO plugin. -->","yoast_head_json":{"title":"Student Commision Members - Y\u00fcksek\u00f6\u011fretim Kalite Kurulu Ba\u015fkanl\u0131\u011f\u0131","robots":{"index":"index","follow":"follow","max-snippet":"max-snippet:-1","max-image-preview":"max-image-preview:large","max-video-preview":"max-video-preview:-1"},"canonical":"https:\/\/www.yokak.gov.tr\/ogrenci-komisyonu\/","og_locale":"en_US","og_type":"article","og_title":"Student Commision Members - Y\u00fcksek\u00f6\u011fretim Kalite Kurulu Ba\u015fkanl\u0131\u011f\u0131","og_description":"Home Student Commission Members Coordinator","og_url":"https:\/\/www.yokak.gov.tr\/ogrenci-komisyonu\/","og_site_name":"Y\u00fcksek\u00f6\u011fretim Kalite Kurulu Ba\u015fkanl\u0131\u011f\u0131","article_modified_time":"2026-03-11T08:58:27+00:00","og_image":[{"width":2160,"height":2160,"url":"https:\/\/www.yokak.gov.tr\/wp-content\/uploads\/2026\/01\/27760.jpg","type":"image\/jpeg"}],"twitter_card":"summary_large_image","twitter_site":"@ykalitekurulu","twitter_misc":{"Est. reading time":"5 minutes"},"schema":{"@context":"https:\/\/schema.org","@graph":[{"@type":"WebPage","@id":"https:\/\/www.yokak.gov.tr\/ogrenci-komisyonu\/","url":"https:\/\/www.yokak.gov.tr\/ogrenci-komisyonu\/","name":"Student Commision Members - Y\u00fcksek\u00f6\u011fretim Kalite Kurulu Ba\u015fkanl\u0131\u011f\u0131","isPartOf":{"@id":"https:\/\/www.yokak.gov.tr\/#website"},"primaryImageOfPage":{"@id":"https:\/\/www.yokak.gov.tr\/ogrenci-komisyonu\/#primaryimage"},"image":{"@id":"https:\/\/www.yokak.gov.tr\/ogrenci-komisyonu\/#primaryimage"},"thumbnailUrl":"https:\/\/www.yokak.gov.tr\/wp-content\/uploads\/2026\/01\/27760.jpg","datePublished":"2024-09-10T07:21:38+00:00","dateModified":"2026-03-11T08:58:27+00:00","breadcrumb":{"@id":"https:\/\/www.yokak.gov.tr\/ogrenci-komisyonu\/#breadcrumb"},"inLanguage":"en-US","potentialAction":[{"@type":"ReadAction","target":["https:\/\/www.yokak.gov.tr\/ogrenci-komisyonu\/"]}]},{"@type":"ImageObject","inLanguage":"en-US","@id":"https:\/\/www.yokak.gov.tr\/ogrenci-komisyonu\/#primaryimage","url":"https:\/\/www.yokak.gov.tr\/wp-content\/uploads\/2026\/01\/27760.jpg","contentUrl":"https:\/\/www.yokak.gov.tr\/wp-content\/uploads\/2026\/01\/27760.jpg"},{"@type":"BreadcrumbList","@id":"https:\/\/www.yokak.gov.tr\/ogrenci-komisyonu\/#breadcrumb","itemListElement":[{"@type":"ListItem","position":1,"name":"Anasayfa","item":"https:\/\/www.yokak.gov.tr\/"},{"@type":"ListItem","position":2,"name":"Student Commision Members"}]},{"@type":"WebSite","@id":"https:\/\/www.yokak.gov.tr\/#website","url":"https:\/\/www.yokak.gov.tr\/","name":"Y\u00d6KAK","description":"Y\u00fcksek\u00f6\u011fretim Kalite Kurulu Ba\u015fkanl\u0131\u011f\u0131","potentialAction":[{"@type":"SearchAction","target":{"@type":"EntryPoint","urlTemplate":"https:\/\/www.yokak.gov.tr\/?s={search_term_string}"},"query-input":{"@type":"PropertyValueSpecification","valueRequired":true,"valueName":"search_term_string"}}],"inLanguage":"en-US"}]}},"_links":{"self":[{"href":"https:\/\/www.yokak.gov.tr\/en\/wp-json\/wp\/v2\/pages\/30668","targetHints":{"allow":["GET"]}}],"collection":[{"href":"https:\/\/www.yokak.gov.tr\/en\/wp-json\/wp\/v2\/pages"}],"about":[{"href":"https:\/\/www.yokak.gov.tr\/en\/wp-json\/wp\/v2\/types\/page"}],"author":[{"embeddable":true,"href":"https:\/\/www.yokak.gov.tr\/en\/wp-json\/wp\/v2\/users\/3"}],"replies":[{"embeddable":true,"href":"https:\/\/www.yokak.gov.tr\/en\/wp-json\/wp\/v2\/comments?post=30668"}],"version-history":[{"count":82,"href":"https:\/\/www.yokak.gov.tr\/en\/wp-json\/wp\/v2\/pages\/30668\/revisions"}],"predecessor-version":[{"id":44106,"href":"https:\/\/www.yokak.gov.tr\/en\/wp-json\/wp\/v2\/pages\/30668\/revisions\/44106"}],"wp:attachment":[{"href":"https:\/\/www.yokak.gov.tr\/en\/wp-json\/wp\/v2\/media?parent=30668"}],"curies":[{"name":"wp","href":"https:\/\/api.w.org\/{rel}","templated":true}]}}