{"id":27672,"date":"2024-09-09T07:29:50","date_gmt":"2024-09-09T04:29:50","guid":{"rendered":"https:\/\/wp.yokak.gov.tr\/?page_id=27672"},"modified":"2026-03-11T11:25:29","modified_gmt":"2026-03-11T08:25:29","slug":"student-involvement","status":"publish","type":"page","link":"https:\/\/www.yokak.gov.tr\/en\/student-involvement\/","title":{"rendered":"Student Involvement"},"content":{"rendered":"\t\t<div data-elementor-type=\"wp-page\" data-elementor-id=\"27672\" class=\"elementor elementor-27672 elementor-23481\" data-elementor-post-type=\"page\">\n\t\t\t\t\t\t<section class=\"elementor-section elementor-top-section elementor-element elementor-element-897f4f9 elementor-section-boxed elementor-section-height-default elementor-section-height-default\" data-id=\"897f4f9\" data-element_type=\"section\" data-e-type=\"section\">\n\t\t\t\t\t\t\t<div class=\"elementor-background-overlay\"><\/div>\n\t\t\t\t\t\t\t<div class=\"elementor-container elementor-column-gap-custom\">\n\t\t\t\t\t<div class=\"elementor-column elementor-col-100 elementor-top-column elementor-element elementor-element-1157f215\" data-id=\"1157f215\" data-element_type=\"column\" data-e-type=\"column\">\n\t\t\t<div class=\"elementor-widget-wrap elementor-element-populated\">\n\t\t\t\t\t\t<div class=\"elementor-element elementor-element-1ebd9562 elementor-widget elementor-widget-thim-ekits-breadcrumb\" data-id=\"1ebd9562\" data-element_type=\"widget\" data-e-type=\"widget\" data-widget_type=\"thim-ekits-breadcrumb.default\">\n\t\t\t\t<div class=\"elementor-widget-container\">\n\t\t\t\t\t\n\t\t\t<div class=\"thim-ekit-breadcrumb\">\n\n\t\t\t\tHome\n\t\t\t<\/div>\n\n\t\t\t\t\t\t\t<\/div>\n\t\t\t\t<\/div>\n\t\t\t\t\t<\/div>\n\t\t<\/div>\n\t\t\t\t\t<\/div>\n\t\t<\/section>\n\t\t\t\t<section class=\"elementor-section elementor-top-section elementor-element elementor-element-7dfd6d51 elementor-section-stretched elementor-section-boxed elementor-section-height-default elementor-section-height-default\" data-id=\"7dfd6d51\" data-element_type=\"section\" data-e-type=\"section\" data-settings=\"{&quot;stretch_section&quot;:&quot;section-stretched&quot;}\">\n\t\t\t\t\t\t\t<div class=\"elementor-background-overlay\"><\/div>\n\t\t\t\t\t\t\t<div class=\"elementor-container elementor-column-gap-no\">\n\t\t\t\t\t<div class=\"elementor-column elementor-col-100 elementor-top-column elementor-element elementor-element-e201110\" data-id=\"e201110\" data-element_type=\"column\" data-e-type=\"column\">\n\t\t\t<div class=\"elementor-widget-wrap elementor-element-populated\">\n\t\t\t\t\t\t<div class=\"elementor-element elementor-element-bab6748 elementor-widget elementor-widget-shortcode\" data-id=\"bab6748\" data-element_type=\"widget\" data-e-type=\"widget\" data-widget_type=\"shortcode.default\">\n\t\t\t\t<div class=\"elementor-widget-container\">\n\t\t\t\t\t\t\t<div class=\"elementor-shortcode\">\n\t\t\t\t<p class=\"rs-p-wp-fix\"><\/p>\n\t\t\t\t<sr7-module data-alias=\"ogrenci-slider-1\" data-id=\"23\" id=\"SR7_23_1\" class=\"rs-ov-hidden\" data-version=\"6.7.23\">\n\t\t\t\t\t<sr7-adjuster><\/sr7-adjuster>\n\t\t\t\t\t<sr7-content>\n\t\t\t\t\t\t<sr7-slide id=\"SR7_23_1-97STR1\" data-key=\"97STR1\">\n\t\t\t\t\t\t\t<sr7-txt id=\"SR7_23_1-97STR1-3\" class=\"sr7-layer\">{{title}}<\/sr7-txt>\n\t\t\t\t\t\t\t<a id=\"SR7_23_1-97STR1-7\" class=\"sr7-layer\" href=\"http:\/\/link\" target=\"_self\">Read More...<\/a>\n\t\t\t\t\t\t<\/sr7-slide>\n\t\t\t\t\t\t<sr7-slide id=\"SR7_23_1-97STR2\" data-key=\"97STR2\">\n\t\t\t\t\t\t\t<sr7-txt id=\"SR7_23_1-97STR2-3\" class=\"sr7-layer\">THEQC Student Commission Meeting with Cappadocia University Students<\/sr7-txt>\n\t\t\t\t\t\t\t<a id=\"SR7_23_1-97STR2-7\" class=\"sr7-layer\" href=\"https:\/\/www.yokak.gov.tr\/en\/2026\/04\/09\/theqc-student-commission-meeting-with-cappadocia-university-students\/\" target=\"_self\">Read More...<\/a>\n\t\t\t\t\t\t<\/sr7-slide>\n\t\t\t\t\t\t<sr7-slide id=\"SR7_23_1-97STR3\" data-key=\"97STR3\">\n\t\t\t\t\t\t\t<sr7-txt id=\"SR7_23_1-97STR3-3\" class=\"sr7-layer\">THEQC Student Commission Meets with Karadeniz Technical University Students<\/sr7-txt>\n\t\t\t\t\t\t\t<a id=\"SR7_23_1-97STR3-7\" class=\"sr7-layer\" href=\"https:\/\/www.yokak.gov.tr\/en\/2026\/04\/01\/theqc-student-commission-meets-with-karadeniz-technical-university-students\/\" target=\"_self\">Read More...<\/a>\n\t\t\t\t\t\t<\/sr7-slide>\n\t\t\t\t\t\t<sr7-slide id=\"SR7_23_1-98\" data-key=\"98\">\n\t\t\t\t\t\t<\/sr7-slide>\n\t\t\t\t\t<\/sr7-content>\n\t\t\t\t\t<image_lists style=\"display:none\">\n\t\t\t\t\t\t<img data-src=\"\/\/www.yokak.gov.tr\/wp-content\/uploads\/2024\/12\/icon-x.png\" data-libid=\"32548\" data-lib=\"medialibrary\" title=\"icon-x\" width=\"0\" height=\"0\" data-dbsrc=\"Ly93d3cueW9rYWsuZ292LnRyL3dwLWNvbnRlbnQvdXBsb2Fkcy8yMDI0LzEyL2ljb24teC5wbmc=\"\/>\n\t\t\t\t\t\t<img data-src=\"\/\/www.yokak.gov.tr\/wp-content\/uploads\/2024\/12\/mail-icon.png\" data-libid=\"32552\" data-lib=\"medialibrary\" title=\"mail-icon\" width=\"0\" height=\"0\" data-dbsrc=\"Ly93d3cueW9rYWsuZ292LnRyL3dwLWNvbnRlbnQvdXBsb2Fkcy8yMDI0LzEyL21haWwtaWNvbi5wbmc=\"\/>\n\t\t\t\t\t\t<img data-src=\"\/\/www.yokak.gov.tr\/wp-content\/uploads\/2024\/12\/instagram-icon.png\" data-libid=\"32550\" data-lib=\"medialibrary\" title=\"instagram-icon\" width=\"0\" height=\"0\" data-dbsrc=\"Ly93d3cueW9rYWsuZ292LnRyL3dwLWNvbnRlbnQvdXBsb2Fkcy8yMDI0LzEyL2luc3RhZ3JhbS1pY29uLnBuZw==\"\/>\n\t\t\t\t\t\t<img loading=\"lazy\" data-src=\"\/\/www.yokak.gov.tr\/wp-content\/uploads\/2026\/04\/QAP26.jpg\" width=\"0\" height=\"0\" data-dbsrc=\"Ly93d3cueW9rYWsuZ292LnRyL3dwLWNvbnRlbnQvdXBsb2Fkcy8yMDI2LzA0L1FBUDI2LmpwZw==\"\/>\n\t\t\t\t\t\t<img loading=\"lazy\" data-src=\"\/\/www.yokak.gov.tr\/wp-content\/uploads\/2026\/04\/kapadokyaunvogrkom.jpg\" width=\"0\" height=\"0\" data-dbsrc=\"Ly93d3cueW9rYWsuZ292LnRyL3dwLWNvbnRlbnQvdXBsb2Fkcy8yMDI2LzA0L2thcGFkb2t5YXVudm9ncmtvbS5qcGc=\"\/>\n\t\t\t\t\t\t<img loading=\"lazy\" data-src=\"\/\/www.yokak.gov.tr\/wp-content\/uploads\/2026\/04\/okktuetkinlik.jpeg\" width=\"0\" height=\"0\" data-dbsrc=\"Ly93d3cueW9rYWsuZ292LnRyL3dwLWNvbnRlbnQvdXBsb2Fkcy8yMDI2LzA0L29ra3R1ZXRraW5saWsuanBlZw==\"\/>\n\t\t\t\t\t<\/image_lists>\n\t\t\t\t<\/sr7-module>\n\t\t\t\t<script>\n\t\t\t\t\tSR7.PMH ??={}; SR7.PMH[\"SR7_23_1\"] = {cn:100,state:false,fn: function() { if (_tpt!==undefined && _tpt.prepareModuleHeight !== undefined) {  _tpt.prepareModuleHeight({id:\"SR7_23_1\",el:[450,450,768,960,720],type:'standard',shdw:'0',gh:[450,450,768,960,720],gw:[1443,1443,1024,778,480],vpt:['100px&#039;,&#039;100px&#039;,&#039;100px&#039;,&#039;100px&#039;,&#039;100px'],size:{fullWidth:true, fullHeight:false},mh:'0',onh:0,onw:0,bg:{color:'{\"orig\":\"transparent\",\"type\":\"solid\",\"string\":\"transparent\"}'}});   SR7.PMH[\"SR7_23_1\"].state=true;} else if(SR7.PMH[\"SR7_23_1\"].cn-->0)\tsetTimeout( SR7.PMH[\"SR7_23_1\"].fn,19);}};SR7.PMH[\"SR7_23_1\" ].fn();\n\t\t\t\t<\/script>\n<\/div>\n\t\t\t\t\t\t<\/div>\n\t\t\t\t<\/div>\n\t\t\t\t\t<\/div>\n\t\t<\/div>\n\t\t\t\t\t<\/div>\n\t\t<\/section>\n\t\t\t\t<section class=\"elementor-section elementor-top-section elementor-element elementor-element-b390640 elementor-section-stretched elementor-section-boxed elementor-section-height-default elementor-section-height-default\" data-id=\"b390640\" data-element_type=\"section\" data-e-type=\"section\" data-settings=\"{&quot;stretch_section&quot;:&quot;section-stretched&quot;}\">\n\t\t\t\t\t\t\t<div class=\"elementor-background-overlay\"><\/div>\n\t\t\t\t\t\t\t<div class=\"elementor-container elementor-column-gap-no\">\n\t\t\t\t\t<div class=\"elementor-column elementor-col-100 elementor-top-column elementor-element elementor-element-b73831b university-new\" data-id=\"b73831b\" data-element_type=\"column\" data-e-type=\"column\">\n\t\t\t<div class=\"elementor-widget-wrap elementor-element-populated\">\n\t\t\t\t\t\t<section class=\"elementor-section elementor-inner-section elementor-element elementor-element-ccb4bea elementor-section-boxed elementor-section-height-default elementor-section-height-default\" data-id=\"ccb4bea\" data-element_type=\"section\" data-e-type=\"section\">\n\t\t\t\t\t\t<div class=\"elementor-container elementor-column-gap-default\">\n\t\t\t\t\t<div class=\"elementor-column elementor-col-25 elementor-inner-column elementor-element elementor-element-4a58b15\" data-id=\"4a58b15\" data-element_type=\"column\" data-e-type=\"column\" data-settings=\"{&quot;background_background&quot;:&quot;classic&quot;}\">\n\t\t\t<div class=\"elementor-widget-wrap elementor-element-populated\">\n\t\t\t\t\t\t<div class=\"elementor-element elementor-element-73c80c5 iconbox-text-center elementor-widget elementor-widget-thim-icon-box\" data-id=\"73c80c5\" data-element_type=\"widget\" data-e-type=\"widget\" data-widget_type=\"thim-icon-box.default\">\n\t\t\t\t<div class=\"elementor-widget-container\">\n\t\t\t\t\t<div class=\"thim-widget-icon-box\"><div class=\"wrapper-box-icon text-center \"><div class=\"smicon-box iconbox-top\"><div class=\"boxes-icon\"><a class=\"icon-box-link\" href=\"\/en\/about-students-commission\/\" target=\"_blank\" rel=\"nofollow\"><span class=\"inner-icon\"><span class=\"icon\"><i aria-hidden=\"true\" class=\"tk tk-read\"><\/i><\/span><\/span><\/a><\/div><div class=\"content-inner\"><div class=\"sc-heading\"><h5 class=\"heading__primary\"><a class=\"icon-box-link\" href=\"\/en\/about-students-commission\/\" target=\"_blank\" rel=\"nofollow\">About Students Commission<\/a><\/h5><\/div><\/div><\/div><\/div><\/div>\t\t\t\t<\/div>\n\t\t\t\t<\/div>\n\t\t\t\t\t<\/div>\n\t\t<\/div>\n\t\t\t\t<div class=\"elementor-column elementor-col-25 elementor-inner-column elementor-element elementor-element-3ce6c09\" data-id=\"3ce6c09\" data-element_type=\"column\" data-e-type=\"column\" data-settings=\"{&quot;background_background&quot;:&quot;classic&quot;}\">\n\t\t\t<div class=\"elementor-widget-wrap elementor-element-populated\">\n\t\t\t\t\t\t<div class=\"elementor-element elementor-element-e2d0f09 iconbox-text-center elementor-widget elementor-widget-thim-icon-box\" data-id=\"e2d0f09\" data-element_type=\"widget\" data-e-type=\"widget\" data-widget_type=\"thim-icon-box.default\">\n\t\t\t\t<div class=\"elementor-widget-container\">\n\t\t\t\t\t<div class=\"thim-widget-icon-box\"><div class=\"wrapper-box-icon text-center \"><div class=\"smicon-box iconbox-top\"><div class=\"boxes-icon\"><a class=\"icon-box-link\" href=\"\/documents\/mevzuatlar\/EN-OK_YONERGESI_26_EKIM_2022.pdf\" target=\"_blank\" rel=\"nofollow\"><span class=\"inner-icon\"><span class=\"icon\"><i aria-hidden=\"true\" class=\"tk tk-library4\"><\/i><\/span><\/span><\/a><\/div><div class=\"content-inner\"><div class=\"sc-heading\"><h3 class=\"heading__primary\"><a class=\"icon-box-link\" href=\"\/documents\/mevzuatlar\/EN-OK_YONERGESI_26_EKIM_2022.pdf\" target=\"_blank\" rel=\"nofollow\">Legislation<\/a><\/h3><\/div><\/div><\/div><\/div><\/div>\t\t\t\t<\/div>\n\t\t\t\t<\/div>\n\t\t\t\t\t<\/div>\n\t\t<\/div>\n\t\t\t\t<div class=\"elementor-column elementor-col-25 elementor-inner-column elementor-element elementor-element-82b2c8f\" data-id=\"82b2c8f\" data-element_type=\"column\" data-e-type=\"column\" data-settings=\"{&quot;background_background&quot;:&quot;classic&quot;}\">\n\t\t\t<div class=\"elementor-widget-wrap elementor-element-populated\">\n\t\t\t\t\t\t<div class=\"elementor-element elementor-element-8309d8f iconbox-text-center elementor-widget elementor-widget-thim-icon-box\" data-id=\"8309d8f\" data-element_type=\"widget\" data-e-type=\"widget\" data-widget_type=\"thim-icon-box.default\">\n\t\t\t\t<div class=\"elementor-widget-container\">\n\t\t\t\t\t<div class=\"thim-widget-icon-box\"><div class=\"wrapper-box-icon text-center \"><div class=\"smicon-box iconbox-top\"><div class=\"boxes-icon\"><a class=\"icon-box-link\" href=\"\/en\/student-commision-members\/\" target=\"_blank\" rel=\"nofollow\"><span class=\"inner-icon\"><span class=\"icon\"><i aria-hidden=\"true\" class=\"tk tk-team1\"><\/i><\/span><\/span><\/a><\/div><div class=\"content-inner\"><div class=\"sc-heading\"><h3 class=\"heading__primary\"><a class=\"icon-box-link\" href=\"\/en\/student-commision-members\/\" target=\"_blank\" rel=\"nofollow\">Students Commission Members and Coordinator<\/a><\/h3><\/div><\/div><\/div><\/div><\/div>\t\t\t\t<\/div>\n\t\t\t\t<\/div>\n\t\t\t\t\t<\/div>\n\t\t<\/div>\n\t\t\t\t<div class=\"elementor-column elementor-col-25 elementor-inner-column elementor-element elementor-element-9618e57\" data-id=\"9618e57\" data-element_type=\"column\" data-e-type=\"column\" data-settings=\"{&quot;background_background&quot;:&quot;classic&quot;}\">\n\t\t\t<div class=\"elementor-widget-wrap elementor-element-populated\">\n\t\t\t\t\t\t<div class=\"elementor-element elementor-element-ad1fc54 iconbox-text-center elementor-widget elementor-widget-thim-icon-box\" data-id=\"ad1fc54\" data-element_type=\"widget\" data-e-type=\"widget\" data-widget_type=\"thim-icon-box.default\">\n\t\t\t\t<div class=\"elementor-widget-container\">\n\t\t\t\t\t<div class=\"thim-widget-icon-box\"><div class=\"wrapper-box-icon text-center \"><div class=\"smicon-box iconbox-top\"><div class=\"boxes-icon\"><a class=\"icon-box-link\" href=\"\/en\/announcements-and-news\" target=\"_blank\" rel=\"nofollow\"><span class=\"inner-icon\"><span class=\"icon\"><i aria-hidden=\"true\" class=\"tk tk-bell2\"><\/i><\/span><\/span><\/a><\/div><div class=\"content-inner\"><div class=\"sc-heading\"><h3 class=\"heading__primary\"><a class=\"icon-box-link\" href=\"\/en\/announcements-and-news\" target=\"_blank\" rel=\"nofollow\">Announcements and News<\/a><\/h3><\/div><div class=\"desc-icon-box\"><div class=\"desc-content\"><a class=\"icon-box-link\" href=\"\/en\/announcements-and-news\" target=\"_blank\" rel=\"nofollow\">\n<\/a><\/div><\/div><\/div><\/div><\/div><\/div>\t\t\t\t<\/div>\n\t\t\t\t<\/div>\n\t\t\t\t\t<\/div>\n\t\t<\/div>\n\t\t\t\t\t<\/div>\n\t\t<\/section>\n\t\t\t\t<section class=\"elementor-section elementor-inner-section elementor-element elementor-element-158ba1b elementor-section-boxed elementor-section-height-default elementor-section-height-default\" data-id=\"158ba1b\" data-element_type=\"section\" data-e-type=\"section\">\n\t\t\t\t\t\t<div class=\"elementor-container elementor-column-gap-default\">\n\t\t\t\t\t<div class=\"elementor-column elementor-col-25 elementor-inner-column elementor-element elementor-element-d7b15dc\" data-id=\"d7b15dc\" data-element_type=\"column\" data-e-type=\"column\" data-settings=\"{&quot;background_background&quot;:&quot;classic&quot;}\">\n\t\t\t<div class=\"elementor-widget-wrap elementor-element-populated\">\n\t\t\t\t\t\t<div class=\"elementor-element elementor-element-e6b8824 iconbox-text-center elementor-widget elementor-widget-thim-icon-box\" data-id=\"e6b8824\" data-element_type=\"widget\" data-e-type=\"widget\" data-widget_type=\"thim-icon-box.default\">\n\t\t\t\t<div class=\"elementor-widget-container\">\n\t\t\t\t\t<div class=\"thim-widget-icon-box\"><div class=\"wrapper-box-icon text-center \"><div class=\"smicon-box iconbox-top\"><div class=\"boxes-icon\"><a class=\"icon-box-link\" href=\"\/en\/student-commission-reports\" target=\"_blank\" rel=\"nofollow\"><span class=\"inner-icon\"><span class=\"icon\"><i aria-hidden=\"true\" class=\"tk tk-exam\"><\/i><\/span><\/span><\/a><\/div><div class=\"content-inner\"><div class=\"sc-heading\"><h3 class=\"heading__primary\"><a class=\"icon-box-link\" href=\"\/en\/student-commission-reports\" target=\"_blank\" rel=\"nofollow\">Reports<\/a><\/h3><\/div><\/div><\/div><\/div><\/div>\t\t\t\t<\/div>\n\t\t\t\t<\/div>\n\t\t\t\t\t<\/div>\n\t\t<\/div>\n\t\t\t\t<div class=\"elementor-column elementor-col-25 elementor-inner-column elementor-element elementor-element-1787544\" data-id=\"1787544\" data-element_type=\"column\" data-e-type=\"column\" data-settings=\"{&quot;background_background&quot;:&quot;classic&quot;}\">\n\t\t\t<div class=\"elementor-widget-wrap elementor-element-populated\">\n\t\t\t\t\t\t<div class=\"elementor-element elementor-element-0f992ff iconbox-text-center elementor-widget elementor-widget-thim-icon-box\" data-id=\"0f992ff\" data-element_type=\"widget\" data-e-type=\"widget\" data-widget_type=\"thim-icon-box.default\">\n\t\t\t\t<div class=\"elementor-widget-container\">\n\t\t\t\t\t<div class=\"thim-widget-icon-box\"><div class=\"wrapper-box-icon text-center \"><div class=\"smicon-box iconbox-top\"><div class=\"boxes-icon\"><a class=\"icon-box-link\" href=\"\/en\/list-of-student-societies\/\" target=\"_blank\" rel=\"nofollow\"><span class=\"inner-icon\"><span class=\"icon\"><i aria-hidden=\"true\" class=\"tk tk-skill\"><\/i><\/span><\/span><\/a><\/div><div class=\"content-inner\"><div class=\"sc-heading\"><h3 class=\"heading__primary\"><a class=\"icon-box-link\" href=\"\/en\/list-of-student-societies\/\" target=\"_blank\" rel=\"nofollow\">About Quality Societies<\/a><\/h3><\/div><\/div><\/div><\/div><\/div>\t\t\t\t<\/div>\n\t\t\t\t<\/div>\n\t\t\t\t\t<\/div>\n\t\t<\/div>\n\t\t\t\t<div class=\"elementor-column elementor-col-25 elementor-inner-column elementor-element elementor-element-a4706f7\" data-id=\"a4706f7\" data-element_type=\"column\" data-e-type=\"column\" data-settings=\"{&quot;background_background&quot;:&quot;classic&quot;}\">\n\t\t\t<div class=\"elementor-widget-wrap elementor-element-populated\">\n\t\t\t\t\t\t<div class=\"elementor-element elementor-element-230e171 iconbox-text-center elementor-widget elementor-widget-thim-icon-box\" data-id=\"230e171\" data-element_type=\"widget\" data-e-type=\"widget\" data-widget_type=\"thim-icon-box.default\">\n\t\t\t\t<div class=\"elementor-widget-container\">\n\t\t\t\t\t<div class=\"thim-widget-icon-box\"><div class=\"wrapper-box-icon text-center \"><div class=\"smicon-box iconbox-top\"><div class=\"boxes-icon\"><a class=\"icon-box-link\" href=\"\/en\/https:\/\/wp.yokak.gov.tr\/en\/student-involvement-frequently-asked-questions\/\" target=\"_blank\" rel=\"nofollow\"><span class=\"inner-icon\"><span class=\"icon\"><i aria-hidden=\"true\" class=\"tk tk-question1\"><\/i><\/span><\/span><\/a><\/div><div class=\"content-inner\"><div class=\"sc-heading\"><h3 class=\"heading__primary\"><a class=\"icon-box-link\" href=\"\/en\/https:\/\/wp.yokak.gov.tr\/en\/student-involvement-frequently-asked-questions\/\" target=\"_blank\" rel=\"nofollow\">Quality Ambassador HandBook<\/a><\/h3><\/div><\/div><\/div><\/div><\/div>\t\t\t\t<\/div>\n\t\t\t\t<\/div>\n\t\t\t\t\t<\/div>\n\t\t<\/div>\n\t\t\t\t<div class=\"elementor-column elementor-col-25 elementor-inner-column elementor-element elementor-element-8643140\" data-id=\"8643140\" data-element_type=\"column\" data-e-type=\"column\" data-settings=\"{&quot;background_background&quot;:&quot;classic&quot;}\">\n\t\t\t<div class=\"elementor-widget-wrap elementor-element-populated\">\n\t\t\t\t\t\t<div class=\"elementor-element elementor-element-7419bba iconbox-text-center elementor-widget elementor-widget-thim-icon-box\" data-id=\"7419bba\" data-element_type=\"widget\" data-e-type=\"widget\" data-widget_type=\"thim-icon-box.default\">\n\t\t\t\t<div class=\"elementor-widget-container\">\n\t\t\t\t\t<div class=\"thim-widget-icon-box\"><div class=\"wrapper-box-icon text-center \"><div class=\"smicon-box iconbox-top\"><div class=\"boxes-icon\"><a class=\"icon-box-link\" href=\"\/en\/https:\/\/wp.yokak.gov.tr\/en\/student-involvement-contact\/\" target=\"_blank\" rel=\"nofollow\"><span class=\"inner-icon\"><span class=\"icon\"><i aria-hidden=\"true\" class=\"tk tk-email\"><\/i><\/span><\/span><\/a><\/div><div class=\"content-inner\"><div class=\"sc-heading\"><h3 class=\"heading__primary\"><a class=\"icon-box-link\" href=\"\/en\/https:\/\/wp.yokak.gov.tr\/en\/student-involvement-contact\/\" target=\"_blank\" rel=\"nofollow\">Contact<\/a><\/h3><\/div><\/div><\/div><\/div><\/div>\t\t\t\t<\/div>\n\t\t\t\t<\/div>\n\t\t\t\t\t<\/div>\n\t\t<\/div>\n\t\t\t\t\t<\/div>\n\t\t<\/section>\n\t\t\t\t\t<\/div>\n\t\t<\/div>\n\t\t\t\t\t<\/div>\n\t\t<\/section>\n\t\t\t\t<\/div>\n\t\t","protected":false},"excerpt":{"rendered":"<p>Home About Students Commission Legislation Students Commission Members and Coordinator Announcements and News Reports About Quality Societies Quality Ambassador HandBook Contact<\/p>\n","protected":false},"author":1,"featured_media":0,"parent":0,"menu_order":0,"comment_status":"closed","ping_status":"closed","template":"elementor_header_footer","meta":{"footnotes":""},"class_list":["post-27672","page","type-page","status-publish","hentry"],"yoast_head":"<!-- This site is optimized with the Yoast SEO plugin v27.0 - https:\/\/yoast.com\/product\/yoast-seo-wordpress\/ -->\n<title>Student Involvement - Y\u00fcksek\u00f6\u011fretim Kalite Kurulu Ba\u015fkanl\u0131\u011f\u0131<\/title>\n<meta name=\"robots\" content=\"index, follow, max-snippet:-1, max-image-preview:large, max-video-preview:-1\" \/>\n<link rel=\"canonical\" href=\"https:\/\/www.yokak.gov.tr\/ogrenci-katilimi\/\" \/>\n<meta property=\"og:locale\" content=\"en_US\" \/>\n<meta property=\"og:type\" content=\"article\" \/>\n<meta property=\"og:title\" content=\"Student Involvement - Y\u00fcksek\u00f6\u011fretim Kalite Kurulu Ba\u015fkanl\u0131\u011f\u0131\" \/>\n<meta property=\"og:description\" content=\"Home About Students Commission Legislation Students Commission Members and Coordinator Announcements and News Reports About Quality Societies Quality Ambassador HandBook Contact\" \/>\n<meta property=\"og:url\" content=\"https:\/\/www.yokak.gov.tr\/ogrenci-katilimi\/\" \/>\n<meta property=\"og:site_name\" content=\"Y\u00fcksek\u00f6\u011fretim Kalite Kurulu Ba\u015fkanl\u0131\u011f\u0131\" \/>\n<meta property=\"article:modified_time\" content=\"2026-03-11T08:25:29+00:00\" \/>\n<meta name=\"twitter:card\" content=\"summary_large_image\" \/>\n<meta name=\"twitter:site\" content=\"@ykalitekurulu\" \/>\n<meta name=\"twitter:label1\" content=\"Est. reading time\" \/>\n\t<meta name=\"twitter:data1\" content=\"1 minute\" \/>\n<script type=\"application\/ld+json\" class=\"yoast-schema-graph\">{\"@context\":\"https:\/\/schema.org\",\"@graph\":[{\"@type\":\"WebPage\",\"@id\":\"https:\/\/www.yokak.gov.tr\/ogrenci-katilimi\/\",\"url\":\"https:\/\/www.yokak.gov.tr\/ogrenci-katilimi\/\",\"name\":\"Student Involvement - Y\u00fcksek\u00f6\u011fretim Kalite Kurulu Ba\u015fkanl\u0131\u011f\u0131\",\"isPartOf\":{\"@id\":\"https:\/\/www.yokak.gov.tr\/#website\"},\"datePublished\":\"2024-09-09T04:29:50+00:00\",\"dateModified\":\"2026-03-11T08:25:29+00:00\",\"breadcrumb\":{\"@id\":\"https:\/\/www.yokak.gov.tr\/ogrenci-katilimi\/#breadcrumb\"},\"inLanguage\":\"en-US\",\"potentialAction\":[{\"@type\":\"ReadAction\",\"target\":[\"https:\/\/www.yokak.gov.tr\/ogrenci-katilimi\/\"]}]},{\"@type\":\"BreadcrumbList\",\"@id\":\"https:\/\/www.yokak.gov.tr\/ogrenci-katilimi\/#breadcrumb\",\"itemListElement\":[{\"@type\":\"ListItem\",\"position\":1,\"name\":\"Anasayfa\",\"item\":\"https:\/\/www.yokak.gov.tr\/\"},{\"@type\":\"ListItem\",\"position\":2,\"name\":\"Student Involvement\"}]},{\"@type\":\"WebSite\",\"@id\":\"https:\/\/www.yokak.gov.tr\/#website\",\"url\":\"https:\/\/www.yokak.gov.tr\/\",\"name\":\"Y\u00d6KAK\",\"description\":\"Y\u00fcksek\u00f6\u011fretim Kalite Kurulu Ba\u015fkanl\u0131\u011f\u0131\",\"potentialAction\":[{\"@type\":\"SearchAction\",\"target\":{\"@type\":\"EntryPoint\",\"urlTemplate\":\"https:\/\/www.yokak.gov.tr\/?s={search_term_string}\"},\"query-input\":{\"@type\":\"PropertyValueSpecification\",\"valueRequired\":true,\"valueName\":\"search_term_string\"}}],\"inLanguage\":\"en-US\"}]}<\/script>\n<!-- \/ Yoast SEO plugin. -->","yoast_head_json":{"title":"Student Involvement - Y\u00fcksek\u00f6\u011fretim Kalite Kurulu Ba\u015fkanl\u0131\u011f\u0131","robots":{"index":"index","follow":"follow","max-snippet":"max-snippet:-1","max-image-preview":"max-image-preview:large","max-video-preview":"max-video-preview:-1"},"canonical":"https:\/\/www.yokak.gov.tr\/ogrenci-katilimi\/","og_locale":"en_US","og_type":"article","og_title":"Student Involvement - Y\u00fcksek\u00f6\u011fretim Kalite Kurulu Ba\u015fkanl\u0131\u011f\u0131","og_description":"Home About Students Commission Legislation Students Commission Members and Coordinator Announcements and News Reports About Quality Societies Quality Ambassador HandBook Contact","og_url":"https:\/\/www.yokak.gov.tr\/ogrenci-katilimi\/","og_site_name":"Y\u00fcksek\u00f6\u011fretim Kalite Kurulu Ba\u015fkanl\u0131\u011f\u0131","article_modified_time":"2026-03-11T08:25:29+00:00","twitter_card":"summary_large_image","twitter_site":"@ykalitekurulu","twitter_misc":{"Est. reading time":"1 minute"},"schema":{"@context":"https:\/\/schema.org","@graph":[{"@type":"WebPage","@id":"https:\/\/www.yokak.gov.tr\/ogrenci-katilimi\/","url":"https:\/\/www.yokak.gov.tr\/ogrenci-katilimi\/","name":"Student Involvement - Y\u00fcksek\u00f6\u011fretim Kalite Kurulu Ba\u015fkanl\u0131\u011f\u0131","isPartOf":{"@id":"https:\/\/www.yokak.gov.tr\/#website"},"datePublished":"2024-09-09T04:29:50+00:00","dateModified":"2026-03-11T08:25:29+00:00","breadcrumb":{"@id":"https:\/\/www.yokak.gov.tr\/ogrenci-katilimi\/#breadcrumb"},"inLanguage":"en-US","potentialAction":[{"@type":"ReadAction","target":["https:\/\/www.yokak.gov.tr\/ogrenci-katilimi\/"]}]},{"@type":"BreadcrumbList","@id":"https:\/\/www.yokak.gov.tr\/ogrenci-katilimi\/#breadcrumb","itemListElement":[{"@type":"ListItem","position":1,"name":"Anasayfa","item":"https:\/\/www.yokak.gov.tr\/"},{"@type":"ListItem","position":2,"name":"Student Involvement"}]},{"@type":"WebSite","@id":"https:\/\/www.yokak.gov.tr\/#website","url":"https:\/\/www.yokak.gov.tr\/","name":"Y\u00d6KAK","description":"Y\u00fcksek\u00f6\u011fretim Kalite Kurulu Ba\u015fkanl\u0131\u011f\u0131","potentialAction":[{"@type":"SearchAction","target":{"@type":"EntryPoint","urlTemplate":"https:\/\/www.yokak.gov.tr\/?s={search_term_string}"},"query-input":{"@type":"PropertyValueSpecification","valueRequired":true,"valueName":"search_term_string"}}],"inLanguage":"en-US"}]}},"_links":{"self":[{"href":"https:\/\/www.yokak.gov.tr\/en\/wp-json\/wp\/v2\/pages\/27672","targetHints":{"allow":["GET"]}}],"collection":[{"href":"https:\/\/www.yokak.gov.tr\/en\/wp-json\/wp\/v2\/pages"}],"about":[{"href":"https:\/\/www.yokak.gov.tr\/en\/wp-json\/wp\/v2\/types\/page"}],"author":[{"embeddable":true,"href":"https:\/\/www.yokak.gov.tr\/en\/wp-json\/wp\/v2\/users\/1"}],"replies":[{"embeddable":true,"href":"https:\/\/www.yokak.gov.tr\/en\/wp-json\/wp\/v2\/comments?post=27672"}],"version-history":[{"count":34,"href":"https:\/\/www.yokak.gov.tr\/en\/wp-json\/wp\/v2\/pages\/27672\/revisions"}],"predecessor-version":[{"id":44087,"href":"https:\/\/www.yokak.gov.tr\/en\/wp-json\/wp\/v2\/pages\/27672\/revisions\/44087"}],"wp:attachment":[{"href":"https:\/\/www.yokak.gov.tr\/en\/wp-json\/wp\/v2\/media?parent=27672"}],"curies":[{"name":"wp","href":"https:\/\/api.w.org\/{rel}","templated":true}]}}