{"id":27543,"date":"2024-09-10T13:41:22","date_gmt":"2024-09-10T10:41:22","guid":{"rendered":"https:\/\/wp.yokak.gov.tr\/?page_id=27543"},"modified":"2026-03-31T10:37:42","modified_gmt":"2026-03-31T07:37:42","slug":"student-involvement-frequently-asked-questions","status":"publish","type":"page","link":"https:\/\/www.yokak.gov.tr\/en\/student-involvement-frequently-asked-questions\/","title":{"rendered":"Student Involvement Frequently Asked Questions"},"content":{"rendered":"\t\t<div data-elementor-type=\"wp-page\" data-elementor-id=\"27543\" class=\"elementor elementor-27543 elementor-23801\" data-elementor-post-type=\"page\">\n\t\t\t\t\t\t<section class=\"elementor-section elementor-top-section elementor-element elementor-element-897f4f9 elementor-section-boxed elementor-section-height-default elementor-section-height-default\" data-id=\"897f4f9\" data-element_type=\"section\" data-e-type=\"section\">\n\t\t\t\t\t\t\t<div class=\"elementor-background-overlay\"><\/div>\n\t\t\t\t\t\t\t<div class=\"elementor-container elementor-column-gap-custom\">\n\t\t\t\t\t<div class=\"elementor-column elementor-col-100 elementor-top-column elementor-element elementor-element-1157f215\" data-id=\"1157f215\" data-element_type=\"column\" data-e-type=\"column\">\n\t\t\t<div class=\"elementor-widget-wrap elementor-element-populated\">\n\t\t\t\t\t\t<div class=\"elementor-element elementor-element-1ebd9562 elementor-widget elementor-widget-thim-ekits-breadcrumb\" data-id=\"1ebd9562\" data-element_type=\"widget\" data-e-type=\"widget\" data-widget_type=\"thim-ekits-breadcrumb.default\">\n\t\t\t\t<div class=\"elementor-widget-container\">\n\t\t\t\t\t\n\t\t\t<div class=\"thim-ekit-breadcrumb\">\n\n\t\t\t\tHome\n\t\t\t<\/div>\n\n\t\t\t\t\t\t\t<\/div>\n\t\t\t\t<\/div>\n\t\t\t\t\t<\/div>\n\t\t<\/div>\n\t\t\t\t\t<\/div>\n\t\t<\/section>\n\t\t\t\t<section class=\"elementor-section elementor-top-section elementor-element elementor-element-3cd6602 elementor-section-stretched elementor-section-boxed elementor-section-height-default elementor-section-height-default\" data-id=\"3cd6602\" data-element_type=\"section\" data-e-type=\"section\" data-settings=\"{&quot;stretch_section&quot;:&quot;section-stretched&quot;}\">\n\t\t\t\t\t\t<div class=\"elementor-container elementor-column-gap-no\">\n\t\t\t\t\t<div class=\"elementor-column elementor-col-100 elementor-top-column elementor-element elementor-element-0a9473d\" data-id=\"0a9473d\" data-element_type=\"column\" data-e-type=\"column\">\n\t\t\t<div class=\"elementor-widget-wrap elementor-element-populated\">\n\t\t\t\t\t\t<section class=\"elementor-section elementor-inner-section elementor-element elementor-element-611832a elementor-section-boxed elementor-section-height-default elementor-section-height-default\" data-id=\"611832a\" data-element_type=\"section\" data-e-type=\"section\">\n\t\t\t\t\t\t<div class=\"elementor-container elementor-column-gap-custom\">\n\t\t\t\t\t<div class=\"elementor-column elementor-col-100 elementor-inner-column elementor-element elementor-element-c04d555\" data-id=\"c04d555\" data-element_type=\"column\" data-e-type=\"column\">\n\t\t\t<div class=\"elementor-widget-wrap elementor-element-populated\">\n\t\t\t\t\t\t<div class=\"elementor-element elementor-element-f74d5ea elementor-widget thim-ekits-heading elementor-widget-thim-heading\" data-id=\"f74d5ea\" data-element_type=\"widget\" data-e-type=\"widget\" data-widget_type=\"thim-heading.default\">\n\t\t\t\t<div class=\"elementor-widget-container\">\n\t\t\t\t\t<div class=\"sc_heading \"><h3 class=\"title\">Student Involvement Frequently Asked Questions <\/h3><span class=\"line\"><\/span><\/div>\t\t\t\t<\/div>\n\t\t\t\t<\/div>\n\t\t\t\t\t<\/div>\n\t\t<\/div>\n\t\t\t\t\t<\/div>\n\t\t<\/section>\n\t\t\t\t\t<\/div>\n\t\t<\/div>\n\t\t\t\t\t<\/div>\n\t\t<\/section>\n\t\t<div class=\"elementor-element elementor-element-eea1bb9 e-grid e-con-boxed e-con e-parent\" data-id=\"eea1bb9\" data-element_type=\"container\" data-e-type=\"container\">\n\t\t\t\t\t<div class=\"e-con-inner\">\n\t\t\t\t<div class=\"elementor-element elementor-element-9aae38d elementor-widget__width-initial thim-ekit-team-default elementor-widget elementor-widget-thim-ekits-team\" data-id=\"9aae38d\" data-element_type=\"widget\" data-e-type=\"widget\" data-settings=\"{&quot;row_gap&quot;:{&quot;unit&quot;:&quot;px&quot;,&quot;size&quot;:32,&quot;sizes&quot;:[]},&quot;row_gap_tablet&quot;:{&quot;unit&quot;:&quot;px&quot;,&quot;size&quot;:&quot;&quot;,&quot;sizes&quot;:[]},&quot;row_gap_mobile&quot;:{&quot;unit&quot;:&quot;px&quot;,&quot;size&quot;:&quot;&quot;,&quot;sizes&quot;:[]}}\" data-widget_type=\"thim-ekits-team.default\">\n\t\t\t\t<div class=\"elementor-widget-container\">\n\t\t\t\t\t\n\t\t<div class=\"thim-ekit-team\">\n\t\t\t<div class=\"thim-ekit-team__inner\">\n\t\t\t\t\t\t\t\t\t\t<div class=\"thim-ekit-team__article post-27543 page type-page status-publish hentry\">\n\t\t\t\t\t\t\t\t\t<div class=\"thim-ekit-team__thumbnail\">\n\t\t\t<a class=\"thim-ekit-team__link\" href=\"\/documents\/ogrenci\/El%20Kitab\u0131%20-%20Su\u0308ru\u0308m%204.0%20(A4%20-%20210%20x%20297%20mm).pdf\">\t\t\t<div class=\"thim-ekit-team__image\">\n\t\t\t\t<img fetchpriority=\"high\" decoding=\"async\" width=\"1024\" height=\"1536\" src=\"https:\/\/www.yokak.gov.tr\/wp-content\/uploads\/2026\/03\/kaliteelcisi4.0-1.png\" class=\"attachment-full size-full wp-image-44228\" alt=\"\" srcset=\"https:\/\/www.yokak.gov.tr\/wp-content\/uploads\/2026\/03\/kaliteelcisi4.0-1.png 1024w, https:\/\/www.yokak.gov.tr\/wp-content\/uploads\/2026\/03\/kaliteelcisi4.0-1-200x300.png 200w, https:\/\/www.yokak.gov.tr\/wp-content\/uploads\/2026\/03\/kaliteelcisi4.0-1-683x1024.png 683w, https:\/\/www.yokak.gov.tr\/wp-content\/uploads\/2026\/03\/kaliteelcisi4.0-1-768x1152.png 768w\" sizes=\"(max-width: 1024px) 100vw, 1024px\" \/>\t\t\t<\/div>\n\t\t\t<\/a>\t\t\t<div class=\"thim-ekit-team__list-social\"><\/div>\t\t<\/div>\n\t\t\t\t<div class=\"thim-ekit-team__content\">\n\t\t<a class=\"thim-ekit-team__member-name\" href=\"\/documents\/ogrenci\/El%20Kitab\u0131%20-%20Su\u0308ru\u0308m%204.0%20(A4%20-%20210%20x%20297%20mm).pdf\">Quality Ambassador Handbook [For Higher Education Students] Version 4.0<\/a>\t\t<\/div>\n\t\t\t\t\t\t\t\t<\/div>\n\t\t\t\t\t\t\t\t\t<\/div>\n\t\t<\/div>\n\n\t\t\t\t\t\t<\/div>\n\t\t\t\t<\/div>\n\t\t\t\t<div class=\"elementor-element elementor-element-af06106 elementor-widget__width-initial thim-ekit-team-default elementor-widget elementor-widget-thim-ekits-team\" data-id=\"af06106\" data-element_type=\"widget\" data-e-type=\"widget\" data-settings=\"{&quot;row_gap&quot;:{&quot;unit&quot;:&quot;px&quot;,&quot;size&quot;:32,&quot;sizes&quot;:[]},&quot;row_gap_tablet&quot;:{&quot;unit&quot;:&quot;px&quot;,&quot;size&quot;:&quot;&quot;,&quot;sizes&quot;:[]},&quot;row_gap_mobile&quot;:{&quot;unit&quot;:&quot;px&quot;,&quot;size&quot;:&quot;&quot;,&quot;sizes&quot;:[]}}\" data-widget_type=\"thim-ekits-team.default\">\n\t\t\t\t<div class=\"elementor-widget-container\">\n\t\t\t\t\t\n\t\t<div class=\"thim-ekit-team\">\n\t\t\t<div class=\"thim-ekit-team__inner\">\n\t\t\t\t\t\t\t\t\t\t<div class=\"thim-ekit-team__article post-27543 page type-page status-publish hentry\">\n\t\t\t\t\t\t\t\t\t<div class=\"thim-ekit-team__thumbnail\">\n\t\t\t<a class=\"thim-ekit-team__link\" href=\"\/documents\/ogrenci\/QualityAmbassadorHandbook%5BFor%20Higher%20Education%20Students%5DVersion3.0.pdf\">\t\t\t<div class=\"thim-ekit-team__image\">\n\t\t\t\t<img decoding=\"async\" width=\"506\" height=\"715\" src=\"https:\/\/www.yokak.gov.tr\/wp-content\/uploads\/2024\/12\/Kelcisi-3.0.webp\" class=\"attachment-full size-full wp-image-27519\" alt=\"\" srcset=\"https:\/\/www.yokak.gov.tr\/wp-content\/uploads\/2024\/12\/Kelcisi-3.0.webp 506w, https:\/\/www.yokak.gov.tr\/wp-content\/uploads\/2024\/12\/Kelcisi-3.0-212x300.webp 212w\" sizes=\"(max-width: 506px) 100vw, 506px\" \/>\t\t\t<\/div>\n\t\t\t<\/a>\t\t\t<div class=\"thim-ekit-team__list-social\"><\/div>\t\t<\/div>\n\t\t\t\t<div class=\"thim-ekit-team__content\">\n\t\t<a class=\"thim-ekit-team__member-name\" href=\"\/documents\/ogrenci\/QualityAmbassadorHandbook%5BFor%20Higher%20Education%20Students%5DVersion3.0.pdf\">Quality Ambassador Handbook [For Higher Education Students] Version 3.0<\/a>\t\t<\/div>\n\t\t\t\t\t\t\t\t<\/div>\n\t\t\t\t\t\t\t\t\t<\/div>\n\t\t<\/div>\n\n\t\t\t\t\t\t<\/div>\n\t\t\t\t<\/div>\n\t\t\t\t<div class=\"elementor-element elementor-element-38c126c elementor-widget__width-initial thim-ekit-team-default elementor-widget elementor-widget-thim-ekits-team\" data-id=\"38c126c\" data-element_type=\"widget\" data-e-type=\"widget\" data-settings=\"{&quot;row_gap&quot;:{&quot;unit&quot;:&quot;px&quot;,&quot;size&quot;:32,&quot;sizes&quot;:[]},&quot;row_gap_tablet&quot;:{&quot;unit&quot;:&quot;px&quot;,&quot;size&quot;:&quot;&quot;,&quot;sizes&quot;:[]},&quot;row_gap_mobile&quot;:{&quot;unit&quot;:&quot;px&quot;,&quot;size&quot;:&quot;&quot;,&quot;sizes&quot;:[]}}\" data-widget_type=\"thim-ekits-team.default\">\n\t\t\t\t<div class=\"elementor-widget-container\">\n\t\t\t\t\t\n\t\t<div class=\"thim-ekit-team\">\n\t\t\t<div class=\"thim-ekit-team__inner\">\n\t\t\t\t\t\t\t\t\t\t<div class=\"thim-ekit-team__article post-27543 page type-page status-publish hentry\">\n\t\t\t\t\t\t\t\t\t<div class=\"thim-ekit-team__thumbnail\">\n\t\t\t<a class=\"thim-ekit-team__link\" href=\"\/documents\/ogrenci\/Quality%20Ambassador%20Handbook%20%5BFor%20Higher%20Education%20Students%5D%20Version%202.0.pdf\">\t\t\t<div class=\"thim-ekit-team__image\">\n\t\t\t\t<img decoding=\"async\" width=\"506\" height=\"715\" src=\"https:\/\/www.yokak.gov.tr\/wp-content\/uploads\/2024\/12\/Kelcisi-2.0-tr.webp\" class=\"attachment-full size-full wp-image-27523\" alt=\"\" srcset=\"https:\/\/www.yokak.gov.tr\/wp-content\/uploads\/2024\/12\/Kelcisi-2.0-tr.webp 506w, https:\/\/www.yokak.gov.tr\/wp-content\/uploads\/2024\/12\/Kelcisi-2.0-tr-212x300.webp 212w\" sizes=\"(max-width: 506px) 100vw, 506px\" \/>\t\t\t<\/div>\n\t\t\t<\/a>\t\t\t<div class=\"thim-ekit-team__list-social\"><\/div>\t\t<\/div>\n\t\t\t\t<div class=\"thim-ekit-team__content\">\n\t\t<a class=\"thim-ekit-team__member-name\" href=\"\/documents\/ogrenci\/Quality%20Ambassador%20Handbook%20%5BFor%20Higher%20Education%20Students%5D%20Version%202.0.pdf\">Quality Ambassador Handbook [For Higher Education Students] Version 2.0<\/a>\t\t<\/div>\n\t\t\t\t\t\t\t\t<\/div>\n\t\t\t\t\t\t\t\t\t<\/div>\n\t\t<\/div>\n\n\t\t\t\t\t\t<\/div>\n\t\t\t\t<\/div>\n\t\t\t\t<div class=\"elementor-element elementor-element-aec5081 elementor-widget__width-initial thim-ekit-team-default elementor-widget elementor-widget-thim-ekits-team\" data-id=\"aec5081\" data-element_type=\"widget\" data-e-type=\"widget\" data-settings=\"{&quot;row_gap&quot;:{&quot;unit&quot;:&quot;px&quot;,&quot;size&quot;:32,&quot;sizes&quot;:[]},&quot;row_gap_tablet&quot;:{&quot;unit&quot;:&quot;px&quot;,&quot;size&quot;:&quot;&quot;,&quot;sizes&quot;:[]},&quot;row_gap_mobile&quot;:{&quot;unit&quot;:&quot;px&quot;,&quot;size&quot;:&quot;&quot;,&quot;sizes&quot;:[]}}\" data-widget_type=\"thim-ekits-team.default\">\n\t\t\t\t<div class=\"elementor-widget-container\">\n\t\t\t\t\t\n\t\t<div class=\"thim-ekit-team\">\n\t\t\t<div class=\"thim-ekit-team__inner\">\n\t\t\t\t\t\t\t\t\t\t<div class=\"thim-ekit-team__article post-27543 page type-page status-publish hentry\">\n\t\t\t\t\t\t\t\t\t<div class=\"thim-ekit-team__thumbnail\">\n\t\t\t<a class=\"thim-ekit-team__link\" href=\"\/documents\/ogrenci\/kelkitabien.pdf\">\t\t\t<div class=\"thim-ekit-team__image\">\n\t\t\t\t<img loading=\"lazy\" decoding=\"async\" width=\"506\" height=\"715\" src=\"https:\/\/www.yokak.gov.tr\/wp-content\/uploads\/2024\/12\/Kelcisi-1.0-tr.webp\" class=\"attachment-full size-full wp-image-27521\" alt=\"\" srcset=\"https:\/\/www.yokak.gov.tr\/wp-content\/uploads\/2024\/12\/Kelcisi-1.0-tr.webp 506w, https:\/\/www.yokak.gov.tr\/wp-content\/uploads\/2024\/12\/Kelcisi-1.0-tr-212x300.webp 212w\" sizes=\"(max-width: 506px) 100vw, 506px\" \/>\t\t\t<\/div>\n\t\t\t<\/a>\t\t\t<div class=\"thim-ekit-team__list-social\"><\/div>\t\t<\/div>\n\t\t\t\t<div class=\"thim-ekit-team__content\">\n\t\t<a class=\"thim-ekit-team__member-name\" href=\"\/documents\/ogrenci\/kelkitabien.pdf\">Quality Ambassador Handbook [For Higher Education Students]<\/a>\t\t<\/div>\n\t\t\t\t\t\t\t\t<\/div>\n\t\t\t\t\t\t\t\t\t<\/div>\n\t\t<\/div>\n\n\t\t\t\t\t\t<\/div>\n\t\t\t\t<\/div>\n\t\t\t\t\t<\/div>\n\t\t\t\t<\/div>\n\t\t\t\t<\/div>\n\t\t","protected":false},"excerpt":{"rendered":"<p>Home Student Involvement Frequently Asked Questions Quality Ambassador Handbook [For Higher Education Students] Version 4.0 Quality Ambassador Handbook [For Higher Education Students] Version 3.0 Quality Ambassador Handbook [For Higher Education Students] Version 2.0 Quality Ambassador Handbook [For Higher Education Students]<\/p>\n","protected":false},"author":1,"featured_media":0,"parent":0,"menu_order":0,"comment_status":"closed","ping_status":"closed","template":"elementor_header_footer","meta":{"footnotes":""},"class_list":["post-27543","page","type-page","status-publish","hentry"],"yoast_head":"<!-- This site is optimized with the Yoast SEO plugin v27.0 - https:\/\/yoast.com\/product\/yoast-seo-wordpress\/ -->\n<title>Student Involvement Frequently Asked Questions - Y\u00fcksek\u00f6\u011fretim Kalite Kurulu Ba\u015fkanl\u0131\u011f\u0131<\/title>\n<meta name=\"robots\" content=\"index, follow, max-snippet:-1, max-image-preview:large, max-video-preview:-1\" \/>\n<link rel=\"canonical\" href=\"https:\/\/www.yokak.gov.tr\/ogrenci-katilimi-sikca-sorulan-sorular\/\" \/>\n<meta property=\"og:locale\" content=\"en_US\" \/>\n<meta property=\"og:type\" content=\"article\" \/>\n<meta property=\"og:title\" content=\"Student Involvement Frequently Asked Questions - Y\u00fcksek\u00f6\u011fretim Kalite Kurulu Ba\u015fkanl\u0131\u011f\u0131\" \/>\n<meta property=\"og:description\" content=\"Home Student Involvement Frequently Asked Questions Quality Ambassador Handbook [For Higher Education Students] Version 4.0 Quality Ambassador Handbook [For Higher Education Students] Version 3.0 Quality Ambassador Handbook [For Higher Education Students] Version 2.0 Quality Ambassador Handbook [For Higher Education Students]\" \/>\n<meta property=\"og:url\" content=\"https:\/\/www.yokak.gov.tr\/ogrenci-katilimi-sikca-sorulan-sorular\/\" \/>\n<meta property=\"og:site_name\" content=\"Y\u00fcksek\u00f6\u011fretim Kalite Kurulu Ba\u015fkanl\u0131\u011f\u0131\" \/>\n<meta property=\"article:modified_time\" content=\"2026-03-31T07:37:42+00:00\" \/>\n<meta property=\"og:image\" content=\"https:\/\/www.yokak.gov.tr\/wp-content\/uploads\/2026\/03\/kaliteelcisi4.0-1.png\" \/>\n<meta name=\"twitter:card\" content=\"summary_large_image\" \/>\n<meta name=\"twitter:site\" content=\"@ykalitekurulu\" \/>\n<meta name=\"twitter:label1\" content=\"Est. reading time\" \/>\n\t<meta name=\"twitter:data1\" content=\"1 minute\" \/>\n<script type=\"application\/ld+json\" class=\"yoast-schema-graph\">{\"@context\":\"https:\/\/schema.org\",\"@graph\":[{\"@type\":\"WebPage\",\"@id\":\"https:\/\/www.yokak.gov.tr\/ogrenci-katilimi-sikca-sorulan-sorular\/\",\"url\":\"https:\/\/www.yokak.gov.tr\/ogrenci-katilimi-sikca-sorulan-sorular\/\",\"name\":\"Student Involvement Frequently Asked Questions - Y\u00fcksek\u00f6\u011fretim Kalite Kurulu Ba\u015fkanl\u0131\u011f\u0131\",\"isPartOf\":{\"@id\":\"https:\/\/www.yokak.gov.tr\/#website\"},\"primaryImageOfPage\":{\"@id\":\"https:\/\/www.yokak.gov.tr\/ogrenci-katilimi-sikca-sorulan-sorular\/#primaryimage\"},\"image\":{\"@id\":\"https:\/\/www.yokak.gov.tr\/ogrenci-katilimi-sikca-sorulan-sorular\/#primaryimage\"},\"thumbnailUrl\":\"https:\/\/www.yokak.gov.tr\/wp-content\/uploads\/2026\/03\/kaliteelcisi4.0-1.png\",\"datePublished\":\"2024-09-10T10:41:22+00:00\",\"dateModified\":\"2026-03-31T07:37:42+00:00\",\"breadcrumb\":{\"@id\":\"https:\/\/www.yokak.gov.tr\/ogrenci-katilimi-sikca-sorulan-sorular\/#breadcrumb\"},\"inLanguage\":\"en-US\",\"potentialAction\":[{\"@type\":\"ReadAction\",\"target\":[\"https:\/\/www.yokak.gov.tr\/ogrenci-katilimi-sikca-sorulan-sorular\/\"]}]},{\"@type\":\"ImageObject\",\"inLanguage\":\"en-US\",\"@id\":\"https:\/\/www.yokak.gov.tr\/ogrenci-katilimi-sikca-sorulan-sorular\/#primaryimage\",\"url\":\"https:\/\/www.yokak.gov.tr\/wp-content\/uploads\/2026\/03\/kaliteelcisi4.0-1.png\",\"contentUrl\":\"https:\/\/www.yokak.gov.tr\/wp-content\/uploads\/2026\/03\/kaliteelcisi4.0-1.png\"},{\"@type\":\"BreadcrumbList\",\"@id\":\"https:\/\/www.yokak.gov.tr\/ogrenci-katilimi-sikca-sorulan-sorular\/#breadcrumb\",\"itemListElement\":[{\"@type\":\"ListItem\",\"position\":1,\"name\":\"Anasayfa\",\"item\":\"https:\/\/www.yokak.gov.tr\/\"},{\"@type\":\"ListItem\",\"position\":2,\"name\":\"Student Involvement Frequently Asked Questions\"}]},{\"@type\":\"WebSite\",\"@id\":\"https:\/\/www.yokak.gov.tr\/#website\",\"url\":\"https:\/\/www.yokak.gov.tr\/\",\"name\":\"Y\u00d6KAK\",\"description\":\"Y\u00fcksek\u00f6\u011fretim Kalite Kurulu Ba\u015fkanl\u0131\u011f\u0131\",\"potentialAction\":[{\"@type\":\"SearchAction\",\"target\":{\"@type\":\"EntryPoint\",\"urlTemplate\":\"https:\/\/www.yokak.gov.tr\/?s={search_term_string}\"},\"query-input\":{\"@type\":\"PropertyValueSpecification\",\"valueRequired\":true,\"valueName\":\"search_term_string\"}}],\"inLanguage\":\"en-US\"}]}<\/script>\n<!-- \/ Yoast SEO plugin. -->","yoast_head_json":{"title":"Student Involvement Frequently Asked Questions - Y\u00fcksek\u00f6\u011fretim Kalite Kurulu Ba\u015fkanl\u0131\u011f\u0131","robots":{"index":"index","follow":"follow","max-snippet":"max-snippet:-1","max-image-preview":"max-image-preview:large","max-video-preview":"max-video-preview:-1"},"canonical":"https:\/\/www.yokak.gov.tr\/ogrenci-katilimi-sikca-sorulan-sorular\/","og_locale":"en_US","og_type":"article","og_title":"Student Involvement Frequently Asked Questions - Y\u00fcksek\u00f6\u011fretim Kalite Kurulu Ba\u015fkanl\u0131\u011f\u0131","og_description":"Home Student Involvement Frequently Asked Questions Quality Ambassador Handbook [For Higher Education Students] Version 4.0 Quality Ambassador Handbook [For Higher Education Students] Version 3.0 Quality Ambassador Handbook [For Higher Education Students] Version 2.0 Quality Ambassador Handbook [For Higher Education Students]","og_url":"https:\/\/www.yokak.gov.tr\/ogrenci-katilimi-sikca-sorulan-sorular\/","og_site_name":"Y\u00fcksek\u00f6\u011fretim Kalite Kurulu Ba\u015fkanl\u0131\u011f\u0131","article_modified_time":"2026-03-31T07:37:42+00:00","og_image":[{"url":"https:\/\/www.yokak.gov.tr\/wp-content\/uploads\/2026\/03\/kaliteelcisi4.0-1.png","type":"","width":"","height":""}],"twitter_card":"summary_large_image","twitter_site":"@ykalitekurulu","twitter_misc":{"Est. reading time":"1 minute"},"schema":{"@context":"https:\/\/schema.org","@graph":[{"@type":"WebPage","@id":"https:\/\/www.yokak.gov.tr\/ogrenci-katilimi-sikca-sorulan-sorular\/","url":"https:\/\/www.yokak.gov.tr\/ogrenci-katilimi-sikca-sorulan-sorular\/","name":"Student Involvement Frequently Asked Questions - Y\u00fcksek\u00f6\u011fretim Kalite Kurulu Ba\u015fkanl\u0131\u011f\u0131","isPartOf":{"@id":"https:\/\/www.yokak.gov.tr\/#website"},"primaryImageOfPage":{"@id":"https:\/\/www.yokak.gov.tr\/ogrenci-katilimi-sikca-sorulan-sorular\/#primaryimage"},"image":{"@id":"https:\/\/www.yokak.gov.tr\/ogrenci-katilimi-sikca-sorulan-sorular\/#primaryimage"},"thumbnailUrl":"https:\/\/www.yokak.gov.tr\/wp-content\/uploads\/2026\/03\/kaliteelcisi4.0-1.png","datePublished":"2024-09-10T10:41:22+00:00","dateModified":"2026-03-31T07:37:42+00:00","breadcrumb":{"@id":"https:\/\/www.yokak.gov.tr\/ogrenci-katilimi-sikca-sorulan-sorular\/#breadcrumb"},"inLanguage":"en-US","potentialAction":[{"@type":"ReadAction","target":["https:\/\/www.yokak.gov.tr\/ogrenci-katilimi-sikca-sorulan-sorular\/"]}]},{"@type":"ImageObject","inLanguage":"en-US","@id":"https:\/\/www.yokak.gov.tr\/ogrenci-katilimi-sikca-sorulan-sorular\/#primaryimage","url":"https:\/\/www.yokak.gov.tr\/wp-content\/uploads\/2026\/03\/kaliteelcisi4.0-1.png","contentUrl":"https:\/\/www.yokak.gov.tr\/wp-content\/uploads\/2026\/03\/kaliteelcisi4.0-1.png"},{"@type":"BreadcrumbList","@id":"https:\/\/www.yokak.gov.tr\/ogrenci-katilimi-sikca-sorulan-sorular\/#breadcrumb","itemListElement":[{"@type":"ListItem","position":1,"name":"Anasayfa","item":"https:\/\/www.yokak.gov.tr\/"},{"@type":"ListItem","position":2,"name":"Student Involvement Frequently Asked Questions"}]},{"@type":"WebSite","@id":"https:\/\/www.yokak.gov.tr\/#website","url":"https:\/\/www.yokak.gov.tr\/","name":"Y\u00d6KAK","description":"Y\u00fcksek\u00f6\u011fretim Kalite Kurulu Ba\u015fkanl\u0131\u011f\u0131","potentialAction":[{"@type":"SearchAction","target":{"@type":"EntryPoint","urlTemplate":"https:\/\/www.yokak.gov.tr\/?s={search_term_string}"},"query-input":{"@type":"PropertyValueSpecification","valueRequired":true,"valueName":"search_term_string"}}],"inLanguage":"en-US"}]}},"_links":{"self":[{"href":"https:\/\/www.yokak.gov.tr\/en\/wp-json\/wp\/v2\/pages\/27543","targetHints":{"allow":["GET"]}}],"collection":[{"href":"https:\/\/www.yokak.gov.tr\/en\/wp-json\/wp\/v2\/pages"}],"about":[{"href":"https:\/\/www.yokak.gov.tr\/en\/wp-json\/wp\/v2\/types\/page"}],"author":[{"embeddable":true,"href":"https:\/\/www.yokak.gov.tr\/en\/wp-json\/wp\/v2\/users\/1"}],"replies":[{"embeddable":true,"href":"https:\/\/www.yokak.gov.tr\/en\/wp-json\/wp\/v2\/comments?post=27543"}],"version-history":[{"count":28,"href":"https:\/\/www.yokak.gov.tr\/en\/wp-json\/wp\/v2\/pages\/27543\/revisions"}],"predecessor-version":[{"id":44234,"href":"https:\/\/www.yokak.gov.tr\/en\/wp-json\/wp\/v2\/pages\/27543\/revisions\/44234"}],"wp:attachment":[{"href":"https:\/\/www.yokak.gov.tr\/en\/wp-json\/wp\/v2\/media?parent=27543"}],"curies":[{"name":"wp","href":"https:\/\/api.w.org\/{rel}","templated":true}]}}