{"id":27010,"date":"2024-09-26T06:29:10","date_gmt":"2024-09-26T06:29:10","guid":{"rendered":"https:\/\/wp.yokak.gov.tr\/?page_id=27010"},"modified":"2025-01-08T11:26:45","modified_gmt":"2025-01-08T11:26:45","slug":"international-accreditation-agencies","status":"publish","type":"page","link":"https:\/\/www.yokak.gov.tr\/en\/international-accreditation-agencies\/","title":{"rendered":"International Accreditation Agencies"},"content":{"rendered":"\t\t<div data-elementor-type=\"wp-page\" data-elementor-id=\"27010\" class=\"elementor elementor-27010 elementor-24648\" data-elementor-post-type=\"page\">\n\t\t\t\t\t\t<section class=\"elementor-section elementor-top-section elementor-element elementor-element-2b1dba1 elementor-section-boxed elementor-section-height-default elementor-section-height-default\" data-id=\"2b1dba1\" data-element_type=\"section\" data-e-type=\"section\">\n\t\t\t\t\t\t\t<div class=\"elementor-background-overlay\"><\/div>\n\t\t\t\t\t\t\t<div class=\"elementor-container elementor-column-gap-custom\">\n\t\t\t\t\t<div class=\"elementor-column elementor-col-100 elementor-top-column elementor-element elementor-element-9f2674f\" data-id=\"9f2674f\" data-element_type=\"column\" data-e-type=\"column\">\n\t\t\t<div class=\"elementor-widget-wrap elementor-element-populated\">\n\t\t\t\t\t\t<div class=\"elementor-element elementor-element-db8ff6d elementor-widget elementor-widget-thim-ekits-breadcrumb\" data-id=\"db8ff6d\" data-element_type=\"widget\" data-e-type=\"widget\" data-widget_type=\"thim-ekits-breadcrumb.default\">\n\t\t\t\t<div class=\"elementor-widget-container\">\n\t\t\t\t\t\n\t\t\t<div class=\"thim-ekit-breadcrumb\">\n\n\t\t\t\tHome\n\t\t\t<\/div>\n\n\t\t\t\t\t\t\t<\/div>\n\t\t\t\t<\/div>\n\t\t\t\t\t<\/div>\n\t\t<\/div>\n\t\t\t\t\t<\/div>\n\t\t<\/section>\n\t\t\t\t<section class=\"elementor-section elementor-top-section elementor-element elementor-element-70f8c57 elementor-section-stretched elementor-section-boxed elementor-section-height-default elementor-section-height-default\" data-id=\"70f8c57\" data-element_type=\"section\" data-e-type=\"section\" data-settings=\"{&quot;stretch_section&quot;:&quot;section-stretched&quot;}\">\n\t\t\t\t\t\t<div class=\"elementor-container elementor-column-gap-no\">\n\t\t\t\t\t<div class=\"elementor-column elementor-col-100 elementor-top-column elementor-element elementor-element-cd158b7\" data-id=\"cd158b7\" data-element_type=\"column\" data-e-type=\"column\">\n\t\t\t<div class=\"elementor-widget-wrap elementor-element-populated\">\n\t\t\t\t\t\t<div class=\"elementor-element elementor-element-41ccecc elementor-widget thim-ekits-heading elementor-widget-thim-heading\" data-id=\"41ccecc\" data-element_type=\"widget\" data-e-type=\"widget\" data-widget_type=\"thim-heading.default\">\n\t\t\t\t<div class=\"elementor-widget-container\">\n\t\t\t\t\t<div class=\"sc_heading \"><h1 class=\"title\">International Accreditation Agencies <\/h1><span class=\"line\"><\/span><\/div>\t\t\t\t<\/div>\n\t\t\t\t<\/div>\n\t\t\t\t\t<\/div>\n\t\t<\/div>\n\t\t\t\t\t<\/div>\n\t\t<\/section>\n\t\t\t\t<section class=\"elementor-section elementor-top-section elementor-element elementor-element-08648ca elementor-section-stretched elementor-section-boxed elementor-section-height-default elementor-section-height-default\" data-id=\"08648ca\" data-element_type=\"section\" data-e-type=\"section\" data-settings=\"{&quot;stretch_section&quot;:&quot;section-stretched&quot;}\">\n\t\t\t\t\t\t<div class=\"elementor-container elementor-column-gap-no\">\n\t\t\t\t\t<div class=\"elementor-column elementor-col-100 elementor-top-column elementor-element elementor-element-43c573d\" data-id=\"43c573d\" data-element_type=\"column\" data-e-type=\"column\">\n\t\t\t<div class=\"elementor-widget-wrap elementor-element-populated\">\n\t\t\t\t\t\t<div class=\"elementor-element elementor-element-3b9befd elementor-widget elementor-widget-text-editor\" data-id=\"3b9befd\" data-element_type=\"widget\" data-e-type=\"widget\" data-widget_type=\"text-editor.default\">\n\t\t\t\t<div class=\"elementor-widget-container\">\n\t\t\t\t\t\t\t\t\t<p><strong>THEQC recognises international accreditation agencies according to the criteria listed below:<\/strong><\/p><ul class=\"list-unstyled\"><li><b>1. Quality assurance activities<\/b><\/li><li>The agency should maintain its quality assurance activities on a regular basis and with the participation of its stakeholders, and present its quality assurance activities on the basis of the following aspects:<ul><li>The agency should explicitly define its program accreditation activities in line with its mission and objectives.<\/li><li>The agency should ensure the representation of its stakeholders in its processes and practices.<\/li><li>The agency should publish the documents used in the accreditation processes on its official website.<\/li><li>The agency should publicly announce its accreditation review results.<\/li><li>The agency should explicitly define its objection review processes.<\/li><\/ul><\/li><li><b>2. Output-oriented approach<\/b><\/li><li>The agency should prove that it adopts an output-oriented accreditation approach and present this approach on the basis of the following aspects:<ul><li>The agency should adopt an output-oriented approach in its accreditation reviews.<\/li><li>The agency should review learning outcomes, monitoring of student success, assessment and evaluation approaches and opinions of graduates.<\/li><\/ul><\/li><li><b>3. Thematic analysis<\/b><\/li><li>The agency should periodically prepare and publish thematic analysis reports that comprise and analyze general findings of its accreditation reviews. The agency should present its general review reports that analyze the results of its program accreditation activities on the basis of the following aspect:<ul><li>The agency should periodically analyze the outcomes of its accreditation activities in terms of general approaches, results and impacts and publicly announce its general review reports (thematic analysis reports) that comprise good practice examples and structural problems (legislation, system, human resources etc.).<\/li><\/ul><\/li><li><b>4. Internal quality assurance<\/b><\/li><li>The agency should have appropriate internal quality assurance processes in order to monitor, assess and ensure the outcomes of its activities and conduct continuous improvement works.<\/li><li>The agency should present its appropriate internal quality assurance processes on the basis of the following aspects:<ul><li>The agency should explicitly define its quality assurance system and publicly announce its quality policy on its official website.<\/li><li>The agency should ensure that all the personnel involved in its activities are competent and act in accordance with ethical rules.<\/li><li>The agency should have internal and external feedback mechanisms that aim continuous improvement within the agency.<\/li><\/ul><\/li><li><b>5. External evaluation<\/b><\/li><li>The agency should undergo external evaluation at least once every five years and present its involvement in external evaluation processes on the basis of the following aspect:<ul><li>The agency should periodically undergo external evaluation for the review of its policy and activities.<\/li><li>The agencies that are affiliates\/members of international quality assurance networks are deemed to meet this criterion provided that they are subject to external evaluation by these networks.<\/li><\/ul><\/li><\/ul>\t\t\t\t\t\t\t\t<\/div>\n\t\t\t\t<\/div>\n\t\t\t\t<div class=\"elementor-element elementor-element-f369bfc elementor-button-info elementor-widget elementor-widget-button\" data-id=\"f369bfc\" data-element_type=\"widget\" data-e-type=\"widget\" data-widget_type=\"button.default\">\n\t\t\t\t<div class=\"elementor-widget-container\">\n\t\t\t\t\t\t\t\t\t<div class=\"elementor-button-wrapper\">\n\t\t\t\t\t<a class=\"elementor-button elementor-button-link elementor-size-sm\" href=\"https:\/\/aksis.yokak.gov.tr\/\">\n\t\t\t\t\t\t<span class=\"elementor-button-content-wrapper\">\n\t\t\t\t\t\t\t\t\t<span class=\"elementor-button-text\">Click to Pre-Registration<\/span>\n\t\t\t\t\t<\/span>\n\t\t\t\t\t<\/a>\n\t\t\t\t<\/div>\n\t\t\t\t\t\t\t\t<\/div>\n\t\t\t\t<\/div>\n\t\t<div class=\"elementor-element elementor-element-f5369e7 e-flex e-con-boxed e-con e-parent\" data-id=\"f5369e7\" data-element_type=\"container\" data-e-type=\"container\">\n\t\t\t\t\t<div class=\"e-con-inner\">\n\t\t\t\t<div class=\"elementor-element elementor-element-c1e5563 elementor-widget elementor-widget-image\" data-id=\"c1e5563\" data-element_type=\"widget\" data-e-type=\"widget\" data-widget_type=\"image.default\">\n\t\t\t\t<div class=\"elementor-widget-container\">\n\t\t\t\t\t\t\t\t\t\t\t\t\t\t\t<img fetchpriority=\"high\" decoding=\"async\" width=\"1811\" height=\"2560\" src=\"https:\/\/www.yokak.gov.tr\/wp-content\/uploads\/2024\/09\/International-scaled.jpg\" class=\"attachment-full size-full wp-image-31635\" alt=\"\" srcset=\"https:\/\/www.yokak.gov.tr\/wp-content\/uploads\/2024\/09\/International-scaled.jpg 1811w, https:\/\/www.yokak.gov.tr\/wp-content\/uploads\/2024\/09\/International-212x300.jpg 212w, https:\/\/www.yokak.gov.tr\/wp-content\/uploads\/2024\/09\/International-724x1024.jpg 724w, https:\/\/www.yokak.gov.tr\/wp-content\/uploads\/2024\/09\/International-768x1086.jpg 768w, https:\/\/www.yokak.gov.tr\/wp-content\/uploads\/2024\/09\/International-1086x1536.jpg 1086w, https:\/\/www.yokak.gov.tr\/wp-content\/uploads\/2024\/09\/International-1449x2048.jpg 1449w\" sizes=\"(max-width: 1811px) 100vw, 1811px\" \/>\t\t\t\t\t\t\t\t\t\t\t\t\t\t\t<\/div>\n\t\t\t\t<\/div>\n\t\t\t\t\t<\/div>\n\t\t\t\t<\/div>\n\t\t\t\t\t<\/div>\n\t\t<\/div>\n\t\t\t\t\t<\/div>\n\t\t<\/section>\n\t\t\t\t<\/div>\n\t\t","protected":false},"excerpt":{"rendered":"<p>Home International Accreditation Agencies THEQC recognises international accreditation agencies according to the criteria listed below: 1. Quality assurance activities The agency should maintain its quality assurance activities on a regular basis and with the participation of its stakeholders, and present &hellip; <\/p>\n","protected":false},"author":1,"featured_media":0,"parent":0,"menu_order":0,"comment_status":"closed","ping_status":"closed","template":"elementor_header_footer","meta":{"footnotes":""},"class_list":["post-27010","page","type-page","status-publish","hentry"],"yoast_head":"<!-- This site is optimized with the Yoast SEO plugin v27.0 - https:\/\/yoast.com\/product\/yoast-seo-wordpress\/ -->\n<title>International Accreditation Agencies - Y\u00fcksek\u00f6\u011fretim Kalite Kurulu Ba\u015fkanl\u0131\u011f\u0131<\/title>\n<meta name=\"robots\" content=\"index, follow, max-snippet:-1, max-image-preview:large, max-video-preview:-1\" \/>\n<link rel=\"canonical\" href=\"https:\/\/www.yokak.gov.tr\/uluslararasi-akreditasyon-kuruluslari\/\" \/>\n<meta property=\"og:locale\" content=\"en_US\" \/>\n<meta property=\"og:type\" content=\"article\" \/>\n<meta property=\"og:title\" content=\"International Accreditation Agencies - Y\u00fcksek\u00f6\u011fretim Kalite Kurulu Ba\u015fkanl\u0131\u011f\u0131\" \/>\n<meta property=\"og:description\" content=\"Home International Accreditation Agencies THEQC recognises international accreditation agencies according to the criteria listed below: 1. Quality assurance activities The agency should maintain its quality assurance activities on a regular basis and with the participation of its stakeholders, and present &hellip;\" \/>\n<meta property=\"og:url\" content=\"https:\/\/www.yokak.gov.tr\/uluslararasi-akreditasyon-kuruluslari\/\" \/>\n<meta property=\"og:site_name\" content=\"Y\u00fcksek\u00f6\u011fretim Kalite Kurulu Ba\u015fkanl\u0131\u011f\u0131\" \/>\n<meta property=\"article:modified_time\" content=\"2025-01-08T11:26:45+00:00\" \/>\n<meta property=\"og:image\" content=\"https:\/\/www.yokak.gov.tr\/wp-content\/uploads\/2024\/09\/International-scaled.jpg\" \/>\n\t<meta property=\"og:image:width\" content=\"1811\" \/>\n\t<meta property=\"og:image:height\" content=\"2560\" \/>\n\t<meta property=\"og:image:type\" content=\"image\/jpeg\" \/>\n<meta name=\"twitter:card\" content=\"summary_large_image\" \/>\n<meta name=\"twitter:site\" content=\"@ykalitekurulu\" \/>\n<meta name=\"twitter:label1\" content=\"Est. reading time\" \/>\n\t<meta name=\"twitter:data1\" content=\"3 minutes\" \/>\n<script type=\"application\/ld+json\" class=\"yoast-schema-graph\">{\"@context\":\"https:\/\/schema.org\",\"@graph\":[{\"@type\":\"WebPage\",\"@id\":\"https:\/\/www.yokak.gov.tr\/uluslararasi-akreditasyon-kuruluslari\/\",\"url\":\"https:\/\/www.yokak.gov.tr\/uluslararasi-akreditasyon-kuruluslari\/\",\"name\":\"International Accreditation Agencies - Y\u00fcksek\u00f6\u011fretim Kalite Kurulu Ba\u015fkanl\u0131\u011f\u0131\",\"isPartOf\":{\"@id\":\"https:\/\/www.yokak.gov.tr\/#website\"},\"primaryImageOfPage\":{\"@id\":\"https:\/\/www.yokak.gov.tr\/uluslararasi-akreditasyon-kuruluslari\/#primaryimage\"},\"image\":{\"@id\":\"https:\/\/www.yokak.gov.tr\/uluslararasi-akreditasyon-kuruluslari\/#primaryimage\"},\"thumbnailUrl\":\"https:\/\/www.yokak.gov.tr\/wp-content\/uploads\/2024\/09\/International-scaled.jpg\",\"datePublished\":\"2024-09-26T06:29:10+00:00\",\"dateModified\":\"2025-01-08T11:26:45+00:00\",\"breadcrumb\":{\"@id\":\"https:\/\/www.yokak.gov.tr\/uluslararasi-akreditasyon-kuruluslari\/#breadcrumb\"},\"inLanguage\":\"en-US\",\"potentialAction\":[{\"@type\":\"ReadAction\",\"target\":[\"https:\/\/www.yokak.gov.tr\/uluslararasi-akreditasyon-kuruluslari\/\"]}]},{\"@type\":\"ImageObject\",\"inLanguage\":\"en-US\",\"@id\":\"https:\/\/www.yokak.gov.tr\/uluslararasi-akreditasyon-kuruluslari\/#primaryimage\",\"url\":\"https:\/\/www.yokak.gov.tr\/wp-content\/uploads\/2024\/09\/International-scaled.jpg\",\"contentUrl\":\"https:\/\/www.yokak.gov.tr\/wp-content\/uploads\/2024\/09\/International-scaled.jpg\"},{\"@type\":\"BreadcrumbList\",\"@id\":\"https:\/\/www.yokak.gov.tr\/uluslararasi-akreditasyon-kuruluslari\/#breadcrumb\",\"itemListElement\":[{\"@type\":\"ListItem\",\"position\":1,\"name\":\"Anasayfa\",\"item\":\"https:\/\/www.yokak.gov.tr\/\"},{\"@type\":\"ListItem\",\"position\":2,\"name\":\"International Accreditation Agencies\"}]},{\"@type\":\"WebSite\",\"@id\":\"https:\/\/www.yokak.gov.tr\/#website\",\"url\":\"https:\/\/www.yokak.gov.tr\/\",\"name\":\"Y\u00d6KAK\",\"description\":\"Y\u00fcksek\u00f6\u011fretim Kalite Kurulu Ba\u015fkanl\u0131\u011f\u0131\",\"potentialAction\":[{\"@type\":\"SearchAction\",\"target\":{\"@type\":\"EntryPoint\",\"urlTemplate\":\"https:\/\/www.yokak.gov.tr\/?s={search_term_string}\"},\"query-input\":{\"@type\":\"PropertyValueSpecification\",\"valueRequired\":true,\"valueName\":\"search_term_string\"}}],\"inLanguage\":\"en-US\"}]}<\/script>\n<!-- \/ Yoast SEO plugin. -->","yoast_head_json":{"title":"International Accreditation Agencies - Y\u00fcksek\u00f6\u011fretim Kalite Kurulu Ba\u015fkanl\u0131\u011f\u0131","robots":{"index":"index","follow":"follow","max-snippet":"max-snippet:-1","max-image-preview":"max-image-preview:large","max-video-preview":"max-video-preview:-1"},"canonical":"https:\/\/www.yokak.gov.tr\/uluslararasi-akreditasyon-kuruluslari\/","og_locale":"en_US","og_type":"article","og_title":"International Accreditation Agencies - Y\u00fcksek\u00f6\u011fretim Kalite Kurulu Ba\u015fkanl\u0131\u011f\u0131","og_description":"Home International Accreditation Agencies THEQC recognises international accreditation agencies according to the criteria listed below: 1. Quality assurance activities The agency should maintain its quality assurance activities on a regular basis and with the participation of its stakeholders, and present &hellip;","og_url":"https:\/\/www.yokak.gov.tr\/uluslararasi-akreditasyon-kuruluslari\/","og_site_name":"Y\u00fcksek\u00f6\u011fretim Kalite Kurulu Ba\u015fkanl\u0131\u011f\u0131","article_modified_time":"2025-01-08T11:26:45+00:00","og_image":[{"width":1811,"height":2560,"url":"https:\/\/www.yokak.gov.tr\/wp-content\/uploads\/2024\/09\/International-scaled.jpg","type":"image\/jpeg"}],"twitter_card":"summary_large_image","twitter_site":"@ykalitekurulu","twitter_misc":{"Est. reading time":"3 minutes"},"schema":{"@context":"https:\/\/schema.org","@graph":[{"@type":"WebPage","@id":"https:\/\/www.yokak.gov.tr\/uluslararasi-akreditasyon-kuruluslari\/","url":"https:\/\/www.yokak.gov.tr\/uluslararasi-akreditasyon-kuruluslari\/","name":"International Accreditation Agencies - Y\u00fcksek\u00f6\u011fretim Kalite Kurulu Ba\u015fkanl\u0131\u011f\u0131","isPartOf":{"@id":"https:\/\/www.yokak.gov.tr\/#website"},"primaryImageOfPage":{"@id":"https:\/\/www.yokak.gov.tr\/uluslararasi-akreditasyon-kuruluslari\/#primaryimage"},"image":{"@id":"https:\/\/www.yokak.gov.tr\/uluslararasi-akreditasyon-kuruluslari\/#primaryimage"},"thumbnailUrl":"https:\/\/www.yokak.gov.tr\/wp-content\/uploads\/2024\/09\/International-scaled.jpg","datePublished":"2024-09-26T06:29:10+00:00","dateModified":"2025-01-08T11:26:45+00:00","breadcrumb":{"@id":"https:\/\/www.yokak.gov.tr\/uluslararasi-akreditasyon-kuruluslari\/#breadcrumb"},"inLanguage":"en-US","potentialAction":[{"@type":"ReadAction","target":["https:\/\/www.yokak.gov.tr\/uluslararasi-akreditasyon-kuruluslari\/"]}]},{"@type":"ImageObject","inLanguage":"en-US","@id":"https:\/\/www.yokak.gov.tr\/uluslararasi-akreditasyon-kuruluslari\/#primaryimage","url":"https:\/\/www.yokak.gov.tr\/wp-content\/uploads\/2024\/09\/International-scaled.jpg","contentUrl":"https:\/\/www.yokak.gov.tr\/wp-content\/uploads\/2024\/09\/International-scaled.jpg"},{"@type":"BreadcrumbList","@id":"https:\/\/www.yokak.gov.tr\/uluslararasi-akreditasyon-kuruluslari\/#breadcrumb","itemListElement":[{"@type":"ListItem","position":1,"name":"Anasayfa","item":"https:\/\/www.yokak.gov.tr\/"},{"@type":"ListItem","position":2,"name":"International Accreditation Agencies"}]},{"@type":"WebSite","@id":"https:\/\/www.yokak.gov.tr\/#website","url":"https:\/\/www.yokak.gov.tr\/","name":"Y\u00d6KAK","description":"Y\u00fcksek\u00f6\u011fretim Kalite Kurulu Ba\u015fkanl\u0131\u011f\u0131","potentialAction":[{"@type":"SearchAction","target":{"@type":"EntryPoint","urlTemplate":"https:\/\/www.yokak.gov.tr\/?s={search_term_string}"},"query-input":{"@type":"PropertyValueSpecification","valueRequired":true,"valueName":"search_term_string"}}],"inLanguage":"en-US"}]}},"_links":{"self":[{"href":"https:\/\/www.yokak.gov.tr\/en\/wp-json\/wp\/v2\/pages\/27010","targetHints":{"allow":["GET"]}}],"collection":[{"href":"https:\/\/www.yokak.gov.tr\/en\/wp-json\/wp\/v2\/pages"}],"about":[{"href":"https:\/\/www.yokak.gov.tr\/en\/wp-json\/wp\/v2\/types\/page"}],"author":[{"embeddable":true,"href":"https:\/\/www.yokak.gov.tr\/en\/wp-json\/wp\/v2\/users\/1"}],"replies":[{"embeddable":true,"href":"https:\/\/www.yokak.gov.tr\/en\/wp-json\/wp\/v2\/comments?post=27010"}],"version-history":[{"count":19,"href":"https:\/\/www.yokak.gov.tr\/en\/wp-json\/wp\/v2\/pages\/27010\/revisions"}],"predecessor-version":[{"id":33362,"href":"https:\/\/www.yokak.gov.tr\/en\/wp-json\/wp\/v2\/pages\/27010\/revisions\/33362"}],"wp:attachment":[{"href":"https:\/\/www.yokak.gov.tr\/en\/wp-json\/wp\/v2\/media?parent=27010"}],"curies":[{"name":"wp","href":"https:\/\/api.w.org\/{rel}","templated":true}]}}