{"id":25806,"date":"2024-11-15T12:43:20","date_gmt":"2024-11-15T12:43:20","guid":{"rendered":"https:\/\/wp.yokak.gov.tr\/?page_id=25806"},"modified":"2024-12-13T13:37:00","modified_gmt":"2024-12-13T13:37:00","slug":"chea-2","status":"publish","type":"page","link":"https:\/\/www.yokak.gov.tr\/en\/chea-2\/","title":{"rendered":"CHEA"},"content":{"rendered":"\t\t<div data-elementor-type=\"wp-page\" data-elementor-id=\"25806\" class=\"elementor elementor-25806 elementor-22678\" data-elementor-post-type=\"page\">\n\t\t\t\t\t\t<section class=\"elementor-section elementor-top-section elementor-element elementor-element-b190e4c elementor-section-boxed elementor-section-height-default elementor-section-height-default\" data-id=\"b190e4c\" data-element_type=\"section\" data-e-type=\"section\">\n\t\t\t\t\t\t\t<div class=\"elementor-background-overlay\"><\/div>\n\t\t\t\t\t\t\t<div class=\"elementor-container elementor-column-gap-custom\">\n\t\t\t\t\t<div class=\"elementor-column elementor-col-100 elementor-top-column elementor-element elementor-element-7c4e5ce\" data-id=\"7c4e5ce\" data-element_type=\"column\" data-e-type=\"column\">\n\t\t\t<div class=\"elementor-widget-wrap elementor-element-populated\">\n\t\t\t\t\t\t<div class=\"elementor-element elementor-element-38058be elementor-widget elementor-widget-thim-ekits-breadcrumb\" data-id=\"38058be\" data-element_type=\"widget\" data-e-type=\"widget\" data-widget_type=\"thim-ekits-breadcrumb.default\">\n\t\t\t\t<div class=\"elementor-widget-container\">\n\t\t\t\t\t\n\t\t\t<div class=\"thim-ekit-breadcrumb\">\n\n\t\t\t\tHome\n\t\t\t<\/div>\n\n\t\t\t\t\t\t\t<\/div>\n\t\t\t\t<\/div>\n\t\t\t\t\t<\/div>\n\t\t<\/div>\n\t\t\t\t\t<\/div>\n\t\t<\/section>\n\t\t\t\t<section class=\"elementor-section elementor-top-section elementor-element elementor-element-7dfd6d51 elementor-section-stretched elementor-section-boxed elementor-section-height-default elementor-section-height-default\" data-id=\"7dfd6d51\" data-element_type=\"section\" data-e-type=\"section\" data-settings=\"{&quot;stretch_section&quot;:&quot;section-stretched&quot;}\">\n\t\t\t\t\t\t<div class=\"elementor-container elementor-column-gap-no\">\n\t\t\t\t\t<div class=\"elementor-column elementor-col-50 elementor-top-column elementor-element elementor-element-49c036a4\" data-id=\"49c036a4\" data-element_type=\"column\" data-e-type=\"column\">\n\t\t\t<div class=\"elementor-widget-wrap elementor-element-populated\">\n\t\t\t\t\t\t<div class=\"elementor-element elementor-element-46a74c80 elementor-widget thim-ekits-heading elementor-widget-thim-heading\" data-id=\"46a74c80\" data-element_type=\"widget\" data-e-type=\"widget\" data-widget_type=\"thim-heading.default\">\n\t\t\t\t<div class=\"elementor-widget-container\">\n\t\t\t\t\t<div class=\"sc_heading \"><h3 class=\"title\">CHEA <\/h3><span class=\"line\"><\/span><\/div>\t\t\t\t<\/div>\n\t\t\t\t<\/div>\n\t\t\t\t<div class=\"elementor-element elementor-element-80af555 elementor-widget elementor-widget-text-editor\" data-id=\"80af555\" data-element_type=\"widget\" data-e-type=\"widget\" data-widget_type=\"text-editor.default\">\n\t\t\t\t<div class=\"elementor-widget-container\">\n\t\t\t\t\t\t\t\t\t<p>Based in Washington (USA), CHEA is widely regarded as an umbrella organization for higher education institutions, accreditation bodies and quality assurance agencies. Launched in 1996, the Council focuses on adding value to higher education through international and national cooperation and expertise sharing.<\/p><p>As part of the cooperation between CIQG and THEQC, the parties will be working on many topics such as mutual policy sharing, collaboration and consultancy studies, access to group-specific research resources and reports, as well as representation at international events.<\/p><p>Turkish Higher Education Quality Council (THEQC) has been approved as a member of International Quality Group (CIQG) by the Council of Higher Education Accreditation (CHEA).<\/p>\t\t\t\t\t\t\t\t<\/div>\n\t\t\t\t<\/div>\n\t\t\t\t\t<\/div>\n\t\t<\/div>\n\t\t\t\t<div class=\"elementor-column elementor-col-50 elementor-top-column elementor-element elementor-element-0af1455\" data-id=\"0af1455\" data-element_type=\"column\" data-e-type=\"column\">\n\t\t\t<div class=\"elementor-widget-wrap elementor-element-populated\">\n\t\t\t\t\t\t<div class=\"elementor-element elementor-element-bafae69 elementor-widget__width-initial elementor-widget elementor-widget-image\" data-id=\"bafae69\" data-element_type=\"widget\" data-e-type=\"widget\" data-widget_type=\"image.default\">\n\t\t\t\t<div class=\"elementor-widget-container\">\n\t\t\t\t\t\t\t\t\t\t\t\t\t\t\t<img fetchpriority=\"high\" decoding=\"async\" width=\"300\" height=\"300\" src=\"https:\/\/www.yokak.gov.tr\/wp-content\/uploads\/2024\/07\/chea_logo.webp\" class=\"attachment-large size-large wp-image-31294\" alt=\"\" srcset=\"https:\/\/www.yokak.gov.tr\/wp-content\/uploads\/2024\/07\/chea_logo.webp 300w, https:\/\/www.yokak.gov.tr\/wp-content\/uploads\/2024\/07\/chea_logo-150x150.webp 150w\" sizes=\"(max-width: 300px) 100vw, 300px\" \/>\t\t\t\t\t\t\t\t\t\t\t\t\t\t\t<\/div>\n\t\t\t\t<\/div>\n\t\t\t\t\t<\/div>\n\t\t<\/div>\n\t\t\t\t\t<\/div>\n\t\t<\/section>\n\t\t\t\t<\/div>\n\t\t","protected":false},"excerpt":{"rendered":"<p>Home CHEA Based in Washington (USA), CHEA is widely regarded as an umbrella organization for higher education institutions, accreditation bodies and quality assurance agencies. Launched in 1996, the Council focuses on adding value to higher education through international and national &hellip; <\/p>\n","protected":false},"author":1,"featured_media":0,"parent":0,"menu_order":0,"comment_status":"closed","ping_status":"closed","template":"elementor_header_footer","meta":{"footnotes":""},"class_list":["post-25806","page","type-page","status-publish","hentry"],"yoast_head":"<!-- This site is optimized with the Yoast SEO plugin v27.0 - https:\/\/yoast.com\/product\/yoast-seo-wordpress\/ -->\n<title>CHEA - Y\u00fcksek\u00f6\u011fretim Kalite Kurulu Ba\u015fkanl\u0131\u011f\u0131<\/title>\n<meta name=\"robots\" content=\"index, follow, max-snippet:-1, max-image-preview:large, max-video-preview:-1\" \/>\n<link rel=\"canonical\" href=\"https:\/\/www.yokak.gov.tr\/en\/chea-2\/\" \/>\n<meta property=\"og:locale\" content=\"en_US\" \/>\n<meta property=\"og:type\" content=\"article\" \/>\n<meta property=\"og:title\" content=\"CHEA - Y\u00fcksek\u00f6\u011fretim Kalite Kurulu Ba\u015fkanl\u0131\u011f\u0131\" \/>\n<meta property=\"og:description\" content=\"Home CHEA Based in Washington (USA), CHEA is widely regarded as an umbrella organization for higher education institutions, accreditation bodies and quality assurance agencies. Launched in 1996, the Council focuses on adding value to higher education through international and national &hellip;\" \/>\n<meta property=\"og:url\" content=\"https:\/\/www.yokak.gov.tr\/en\/chea-2\/\" \/>\n<meta property=\"og:site_name\" content=\"Y\u00fcksek\u00f6\u011fretim Kalite Kurulu Ba\u015fkanl\u0131\u011f\u0131\" \/>\n<meta property=\"article:modified_time\" content=\"2024-12-13T13:37:00+00:00\" \/>\n<meta property=\"og:image\" content=\"https:\/\/www.yokak.gov.tr\/wp-content\/uploads\/2024\/07\/chea_logo.webp\" \/>\n<meta name=\"twitter:card\" content=\"summary_large_image\" \/>\n<meta name=\"twitter:site\" content=\"@ykalitekurulu\" \/>\n<meta name=\"twitter:label1\" content=\"Est. reading time\" \/>\n\t<meta name=\"twitter:data1\" content=\"1 minute\" \/>\n<script type=\"application\/ld+json\" class=\"yoast-schema-graph\">{\"@context\":\"https:\/\/schema.org\",\"@graph\":[{\"@type\":\"WebPage\",\"@id\":\"https:\/\/www.yokak.gov.tr\/en\/chea-2\/\",\"url\":\"https:\/\/www.yokak.gov.tr\/en\/chea-2\/\",\"name\":\"CHEA - Y\u00fcksek\u00f6\u011fretim Kalite Kurulu Ba\u015fkanl\u0131\u011f\u0131\",\"isPartOf\":{\"@id\":\"https:\/\/www.yokak.gov.tr\/#website\"},\"primaryImageOfPage\":{\"@id\":\"https:\/\/www.yokak.gov.tr\/en\/chea-2\/#primaryimage\"},\"image\":{\"@id\":\"https:\/\/www.yokak.gov.tr\/en\/chea-2\/#primaryimage\"},\"thumbnailUrl\":\"https:\/\/www.yokak.gov.tr\/wp-content\/uploads\/2024\/07\/chea_logo.webp\",\"datePublished\":\"2024-11-15T12:43:20+00:00\",\"dateModified\":\"2024-12-13T13:37:00+00:00\",\"breadcrumb\":{\"@id\":\"https:\/\/www.yokak.gov.tr\/en\/chea-2\/#breadcrumb\"},\"inLanguage\":\"en-US\",\"potentialAction\":[{\"@type\":\"ReadAction\",\"target\":[\"https:\/\/www.yokak.gov.tr\/en\/chea-2\/\"]}]},{\"@type\":\"ImageObject\",\"inLanguage\":\"en-US\",\"@id\":\"https:\/\/www.yokak.gov.tr\/en\/chea-2\/#primaryimage\",\"url\":\"https:\/\/www.yokak.gov.tr\/wp-content\/uploads\/2024\/07\/chea_logo.webp\",\"contentUrl\":\"https:\/\/www.yokak.gov.tr\/wp-content\/uploads\/2024\/07\/chea_logo.webp\"},{\"@type\":\"BreadcrumbList\",\"@id\":\"https:\/\/www.yokak.gov.tr\/en\/chea-2\/#breadcrumb\",\"itemListElement\":[{\"@type\":\"ListItem\",\"position\":1,\"name\":\"Anasayfa\",\"item\":\"https:\/\/www.yokak.gov.tr\/\"},{\"@type\":\"ListItem\",\"position\":2,\"name\":\"CHEA\"}]},{\"@type\":\"WebSite\",\"@id\":\"https:\/\/www.yokak.gov.tr\/#website\",\"url\":\"https:\/\/www.yokak.gov.tr\/\",\"name\":\"Y\u00d6KAK\",\"description\":\"Y\u00fcksek\u00f6\u011fretim Kalite Kurulu Ba\u015fkanl\u0131\u011f\u0131\",\"potentialAction\":[{\"@type\":\"SearchAction\",\"target\":{\"@type\":\"EntryPoint\",\"urlTemplate\":\"https:\/\/www.yokak.gov.tr\/?s={search_term_string}\"},\"query-input\":{\"@type\":\"PropertyValueSpecification\",\"valueRequired\":true,\"valueName\":\"search_term_string\"}}],\"inLanguage\":\"en-US\"}]}<\/script>\n<!-- \/ Yoast SEO plugin. -->","yoast_head_json":{"title":"CHEA - Y\u00fcksek\u00f6\u011fretim Kalite Kurulu Ba\u015fkanl\u0131\u011f\u0131","robots":{"index":"index","follow":"follow","max-snippet":"max-snippet:-1","max-image-preview":"max-image-preview:large","max-video-preview":"max-video-preview:-1"},"canonical":"https:\/\/www.yokak.gov.tr\/en\/chea-2\/","og_locale":"en_US","og_type":"article","og_title":"CHEA - Y\u00fcksek\u00f6\u011fretim Kalite Kurulu Ba\u015fkanl\u0131\u011f\u0131","og_description":"Home CHEA Based in Washington (USA), CHEA is widely regarded as an umbrella organization for higher education institutions, accreditation bodies and quality assurance agencies. Launched in 1996, the Council focuses on adding value to higher education through international and national &hellip;","og_url":"https:\/\/www.yokak.gov.tr\/en\/chea-2\/","og_site_name":"Y\u00fcksek\u00f6\u011fretim Kalite Kurulu Ba\u015fkanl\u0131\u011f\u0131","article_modified_time":"2024-12-13T13:37:00+00:00","og_image":[{"url":"https:\/\/www.yokak.gov.tr\/wp-content\/uploads\/2024\/07\/chea_logo.webp","type":"","width":"","height":""}],"twitter_card":"summary_large_image","twitter_site":"@ykalitekurulu","twitter_misc":{"Est. reading time":"1 minute"},"schema":{"@context":"https:\/\/schema.org","@graph":[{"@type":"WebPage","@id":"https:\/\/www.yokak.gov.tr\/en\/chea-2\/","url":"https:\/\/www.yokak.gov.tr\/en\/chea-2\/","name":"CHEA - Y\u00fcksek\u00f6\u011fretim Kalite Kurulu Ba\u015fkanl\u0131\u011f\u0131","isPartOf":{"@id":"https:\/\/www.yokak.gov.tr\/#website"},"primaryImageOfPage":{"@id":"https:\/\/www.yokak.gov.tr\/en\/chea-2\/#primaryimage"},"image":{"@id":"https:\/\/www.yokak.gov.tr\/en\/chea-2\/#primaryimage"},"thumbnailUrl":"https:\/\/www.yokak.gov.tr\/wp-content\/uploads\/2024\/07\/chea_logo.webp","datePublished":"2024-11-15T12:43:20+00:00","dateModified":"2024-12-13T13:37:00+00:00","breadcrumb":{"@id":"https:\/\/www.yokak.gov.tr\/en\/chea-2\/#breadcrumb"},"inLanguage":"en-US","potentialAction":[{"@type":"ReadAction","target":["https:\/\/www.yokak.gov.tr\/en\/chea-2\/"]}]},{"@type":"ImageObject","inLanguage":"en-US","@id":"https:\/\/www.yokak.gov.tr\/en\/chea-2\/#primaryimage","url":"https:\/\/www.yokak.gov.tr\/wp-content\/uploads\/2024\/07\/chea_logo.webp","contentUrl":"https:\/\/www.yokak.gov.tr\/wp-content\/uploads\/2024\/07\/chea_logo.webp"},{"@type":"BreadcrumbList","@id":"https:\/\/www.yokak.gov.tr\/en\/chea-2\/#breadcrumb","itemListElement":[{"@type":"ListItem","position":1,"name":"Anasayfa","item":"https:\/\/www.yokak.gov.tr\/"},{"@type":"ListItem","position":2,"name":"CHEA"}]},{"@type":"WebSite","@id":"https:\/\/www.yokak.gov.tr\/#website","url":"https:\/\/www.yokak.gov.tr\/","name":"Y\u00d6KAK","description":"Y\u00fcksek\u00f6\u011fretim Kalite Kurulu Ba\u015fkanl\u0131\u011f\u0131","potentialAction":[{"@type":"SearchAction","target":{"@type":"EntryPoint","urlTemplate":"https:\/\/www.yokak.gov.tr\/?s={search_term_string}"},"query-input":{"@type":"PropertyValueSpecification","valueRequired":true,"valueName":"search_term_string"}}],"inLanguage":"en-US"}]}},"_links":{"self":[{"href":"https:\/\/www.yokak.gov.tr\/en\/wp-json\/wp\/v2\/pages\/25806","targetHints":{"allow":["GET"]}}],"collection":[{"href":"https:\/\/www.yokak.gov.tr\/en\/wp-json\/wp\/v2\/pages"}],"about":[{"href":"https:\/\/www.yokak.gov.tr\/en\/wp-json\/wp\/v2\/types\/page"}],"author":[{"embeddable":true,"href":"https:\/\/www.yokak.gov.tr\/en\/wp-json\/wp\/v2\/users\/1"}],"replies":[{"embeddable":true,"href":"https:\/\/www.yokak.gov.tr\/en\/wp-json\/wp\/v2\/comments?post=25806"}],"version-history":[{"count":10,"href":"https:\/\/www.yokak.gov.tr\/en\/wp-json\/wp\/v2\/pages\/25806\/revisions"}],"predecessor-version":[{"id":29634,"href":"https:\/\/www.yokak.gov.tr\/en\/wp-json\/wp\/v2\/pages\/25806\/revisions\/29634"}],"wp:attachment":[{"href":"https:\/\/www.yokak.gov.tr\/en\/wp-json\/wp\/v2\/media?parent=25806"}],"curies":[{"name":"wp","href":"https:\/\/api.w.org\/{rel}","templated":true}]}}