{"id":25682,"date":"2024-11-15T11:38:05","date_gmt":"2024-11-15T11:38:05","guid":{"rendered":"https:\/\/wp.yokak.gov.tr\/?page_id=25682"},"modified":"2024-12-13T13:49:25","modified_gmt":"2024-12-13T13:49:25","slug":"institutional-mission-differentiation-reports","status":"publish","type":"page","link":"https:\/\/www.yokak.gov.tr\/en\/institutional-mission-differentiation-reports\/","title":{"rendered":"Institutional Mission Differentiation Reports"},"content":{"rendered":"\t\t<div data-elementor-type=\"wp-page\" data-elementor-id=\"25682\" class=\"elementor elementor-25682 elementor-23055\" data-elementor-post-type=\"page\">\n\t\t\t\t\t\t<section class=\"elementor-section elementor-top-section elementor-element elementor-element-897f4f9 elementor-section-boxed elementor-section-height-default elementor-section-height-default\" data-id=\"897f4f9\" data-element_type=\"section\" data-e-type=\"section\">\n\t\t\t\t\t\t\t<div class=\"elementor-background-overlay\"><\/div>\n\t\t\t\t\t\t\t<div class=\"elementor-container elementor-column-gap-custom\">\n\t\t\t\t\t<div class=\"elementor-column elementor-col-100 elementor-top-column elementor-element elementor-element-1157f215\" data-id=\"1157f215\" data-element_type=\"column\" data-e-type=\"column\">\n\t\t\t<div class=\"elementor-widget-wrap elementor-element-populated\">\n\t\t\t\t\t\t<div class=\"elementor-element elementor-element-1ebd9562 elementor-widget elementor-widget-thim-ekits-breadcrumb\" data-id=\"1ebd9562\" data-element_type=\"widget\" data-e-type=\"widget\" data-widget_type=\"thim-ekits-breadcrumb.default\">\n\t\t\t\t<div class=\"elementor-widget-container\">\n\t\t\t\t\t\n\t\t\t<div class=\"thim-ekit-breadcrumb\">\n\n\t\t\t\tHome\n\t\t\t<\/div>\n\n\t\t\t\t\t\t\t<\/div>\n\t\t\t\t<\/div>\n\t\t\t\t\t<\/div>\n\t\t<\/div>\n\t\t\t\t\t<\/div>\n\t\t<\/section>\n\t\t\t\t<section class=\"elementor-section elementor-top-section elementor-element elementor-element-7dfd6d51 elementor-section-stretched elementor-section-boxed elementor-section-height-default elementor-section-height-default\" data-id=\"7dfd6d51\" data-element_type=\"section\" data-e-type=\"section\" data-settings=\"{&quot;stretch_section&quot;:&quot;section-stretched&quot;}\">\n\t\t\t\t\t\t<div class=\"elementor-container elementor-column-gap-no\">\n\t\t\t\t\t<div class=\"elementor-column elementor-col-100 elementor-top-column elementor-element elementor-element-49c036a4\" data-id=\"49c036a4\" data-element_type=\"column\" data-e-type=\"column\">\n\t\t\t<div class=\"elementor-widget-wrap elementor-element-populated\">\n\t\t\t\t\t\t<div class=\"elementor-element elementor-element-46a74c80 elementor-widget thim-ekits-heading elementor-widget-thim-heading\" data-id=\"46a74c80\" data-element_type=\"widget\" data-e-type=\"widget\" data-widget_type=\"thim-heading.default\">\n\t\t\t\t<div class=\"elementor-widget-container\">\n\t\t\t\t\t<div class=\"sc_heading \"><h3 class=\"title\">Institutional Mission Differentiation Reports <\/h3><span class=\"line\"><\/span><\/div>\t\t\t\t<\/div>\n\t\t\t\t<\/div>\n\t\t\t\t\t<\/div>\n\t\t<\/div>\n\t\t\t\t\t<\/div>\n\t\t<\/section>\n\t\t\t\t<section class=\"elementor-section elementor-top-section elementor-element elementor-element-7126980 elementor-section-stretched elementor-section-boxed elementor-section-height-default elementor-section-height-default\" data-id=\"7126980\" data-element_type=\"section\" data-e-type=\"section\" data-settings=\"{&quot;stretch_section&quot;:&quot;section-stretched&quot;}\">\n\t\t\t\t\t\t<div class=\"elementor-container elementor-column-gap-no\">\n\t\t\t\t\t<div class=\"elementor-column elementor-col-100 elementor-top-column elementor-element elementor-element-c359178\" data-id=\"c359178\" data-element_type=\"column\" data-e-type=\"column\">\n\t\t\t<div class=\"elementor-widget-wrap elementor-element-populated\">\n\t\t\t\t\t\t<section class=\"elementor-section elementor-inner-section elementor-element elementor-element-1b840da elementor-section-boxed elementor-section-height-default elementor-section-height-default\" data-id=\"1b840da\" data-element_type=\"section\" data-e-type=\"section\">\n\t\t\t\t\t\t<div class=\"elementor-container elementor-column-gap-custom\">\n\t\t\t\t\t<div class=\"elementor-column elementor-col-100 elementor-inner-column elementor-element elementor-element-24d12fc\" data-id=\"24d12fc\" data-element_type=\"column\" data-e-type=\"column\">\n\t\t\t<div class=\"elementor-widget-wrap elementor-element-populated\">\n\t\t\t\t\t\t<div class=\"elementor-element elementor-element-5647aeb elementor-widget elementor-widget-toggle\" data-id=\"5647aeb\" data-element_type=\"widget\" data-e-type=\"widget\" data-widget_type=\"toggle.default\">\n\t\t\t\t<div class=\"elementor-widget-container\">\n\t\t\t\t\t\t\t<div class=\"elementor-toggle\">\n\t\t\t\t\t\t\t<div class=\"elementor-toggle-item\">\n\t\t\t\t\t<div id=\"elementor-tab-title-9041\" class=\"elementor-tab-title\" data-tab=\"1\" role=\"button\" aria-controls=\"elementor-tab-content-9041\" aria-expanded=\"false\">\n\t\t\t\t\t\t\t\t\t\t\t\t<span class=\"elementor-toggle-icon elementor-toggle-icon-left\" aria-hidden=\"true\">\n\t\t\t\t\t\t\t\t\t\t\t\t\t\t\t<span class=\"elementor-toggle-icon-closed\"><svg class=\"e-font-icon-svg e-far-file-alt\" viewBox=\"0 0 384 512\" xmlns=\"http:\/\/www.w3.org\/2000\/svg\"><path d=\"M288 248v28c0 6.6-5.4 12-12 12H108c-6.6 0-12-5.4-12-12v-28c0-6.6 5.4-12 12-12h168c6.6 0 12 5.4 12 12zm-12 72H108c-6.6 0-12 5.4-12 12v28c0 6.6 5.4 12 12 12h168c6.6 0 12-5.4 12-12v-28c0-6.6-5.4-12-12-12zm108-188.1V464c0 26.5-21.5 48-48 48H48c-26.5 0-48-21.5-48-48V48C0 21.5 21.5 0 48 0h204.1C264.8 0 277 5.1 286 14.1L369.9 98c9 8.9 14.1 21.2 14.1 33.9zm-128-80V128h76.1L256 51.9zM336 464V176H232c-13.3 0-24-10.7-24-24V48H48v416h288z\"><\/path><\/svg><\/span>\n\t\t\t\t\t\t\t\t<span class=\"elementor-toggle-icon-opened\"><svg class=\"elementor-toggle-icon-opened e-font-icon-svg e-far-file-alt\" viewBox=\"0 0 384 512\" xmlns=\"http:\/\/www.w3.org\/2000\/svg\"><path d=\"M288 248v28c0 6.6-5.4 12-12 12H108c-6.6 0-12-5.4-12-12v-28c0-6.6 5.4-12 12-12h168c6.6 0 12 5.4 12 12zm-12 72H108c-6.6 0-12 5.4-12 12v28c0 6.6 5.4 12 12 12h168c6.6 0 12-5.4 12-12v-28c0-6.6-5.4-12-12-12zm108-188.1V464c0 26.5-21.5 48-48 48H48c-26.5 0-48-21.5-48-48V48C0 21.5 21.5 0 48 0h204.1C264.8 0 277 5.1 286 14.1L369.9 98c9 8.9 14.1 21.2 14.1 33.9zm-128-80V128h76.1L256 51.9zM336 464V176H232c-13.3 0-24-10.7-24-24V48H48v416h288z\"><\/path><\/svg><\/span>\n\t\t\t\t\t\t\t\t\t\t\t\t\t<\/span>\n\t\t\t\t\t\t\t\t\t\t\t\t<a class=\"elementor-toggle-title\" tabindex=\"0\">Research Universities<\/a>\n\t\t\t\t\t<\/div>\n\n\t\t\t\t\t<div id=\"elementor-tab-content-9041\" class=\"elementor-tab-content elementor-clearfix\" data-tab=\"1\" role=\"region\" aria-labelledby=\"elementor-tab-title-9041\"><table>\n<tbody>\n<tr>\n<td><a href=\"\/documents\/diger\/misyonfarklilasmasi\/ankara-universitesi-arastirma-performansinin-degerlendirilmesi-raporu.pdf\" target=\"_blank\" rel=\"noopener\">Ankara \u00dcniversitesi &#8211; Ara\u015ft\u0131rma Performans\u0131n\u0131n De\u011ferlendirilmesi Raporu<\/a><\/td>\n<\/tr>\n<tr>\n<td><a href=\"\/documents\/diger\/misyonfarklilasmasi\/bu-arastirma-raporu-12-01-18.pdf\" target=\"_blank\" rel=\"noopener\">Bo\u011fazi\u00e7i \u00dcniversitesi &#8211; Ara\u015ft\u0131rma \u00dcniversitesi Performans Raporu<\/a><\/td>\n<\/tr>\n<tr>\n<td><a href=\"\/documents\/diger\/misyonfarklilasmasi\/cukurova-arastirma-universitesi_raporu.pdf\" target=\"_blank\" rel=\"noopener\">\u00c7ukurova \u00dcniversitesi &#8211; Aday Ara\u015ft\u0131rma \u00dcniversitesi De\u011ferlendirme Raporu<\/a><\/td>\n<\/tr>\n<tr>\n<td><a href=\"\/documents\/diger\/misyonfarklilasmasi\/ege-u-arastirma-raporu-21122017.pdf\" target=\"_blank\" rel=\"noopener\">Ege \u00dcniversitesi &#8211; Ara\u015ft\u0131rma De\u011ferlendirme Raporu<\/a><\/td>\n<\/tr>\n<tr>\n<td><a href=\"\/documents\/diger\/misyonfarklilasmasi\/gtu-arastirma-universitesi-raporu-subat-2018.pdf\" target=\"_blank\" rel=\"noopener\">Gebze Teknik \u00dcniversitesi &#8211; Ara\u015ft\u0131rma \u00dcniversitesi \u0130zleme ve De\u011ferlendirme Raporu<\/a><\/td>\n<\/tr>\n<tr>\n<td><a href=\"\/documents\/diger\/misyonfarklilasmasi\/itu-arastirma-universitesi-raporu-21-02-18.pdf\" target=\"_blank\" rel=\"noopener\">\u0130stanbul Teknik \u00dcniversitesi &#8211; Ara\u015ft\u0131rma Performans\u0131n\u0131n De\u011ferlendirilmesi Raporu<\/a><\/td>\n<\/tr>\n<tr>\n<td><a href=\"\/documents\/diger\/misyonfarklilasmasi\/iyte-arast.pdf\" target=\"_blank\" rel=\"noopener\">\u0130zmir Y\u00fcksek Teknoloji Enstit\u00fcs\u00fc &#8211; Ara\u015ft\u0131rma Performans\u0131n\u0131n De\u011ferlendirilmesi Raporu<\/a><\/td>\n<\/tr>\n<tr>\n<td><a href=\"\/documents\/diger\/misyonfarklilasmasi\/odtu-ara%C5%9Ft%C4%B1rma-universitesi-nihai-rapor.pdf\" target=\"_blank\" rel=\"noopener\">Orta Do\u011fu Teknik \u00dcniversitesi &#8211; Ara\u015ft\u0131rma Performans\u0131n\u0131n De\u011ferlendirilmesi Raporu<\/a><\/td>\n<\/tr>\n<tr>\n<td><a href=\"\/documents\/diger\/misyonfarklilasmasi\/ytu-arast.pdf\" target=\"_blank\" rel=\"noopener\">Y\u0131ld\u0131z Teknik \u00dcniversitesi &#8211; Ara\u015ft\u0131rma Performans\u0131n\u0131n De\u011ferlendirilmesi Raporu<\/a><\/td>\n<\/tr>\n<\/tbody>\n<\/table><\/div>\n\t\t\t\t<\/div>\n\t\t\t\t\t\t\t<div class=\"elementor-toggle-item\">\n\t\t\t\t\t<div id=\"elementor-tab-title-9042\" class=\"elementor-tab-title\" data-tab=\"2\" role=\"button\" aria-controls=\"elementor-tab-content-9042\" aria-expanded=\"false\">\n\t\t\t\t\t\t\t\t\t\t\t\t<span class=\"elementor-toggle-icon elementor-toggle-icon-left\" aria-hidden=\"true\">\n\t\t\t\t\t\t\t\t\t\t\t\t\t\t\t<span class=\"elementor-toggle-icon-closed\"><svg class=\"e-font-icon-svg e-far-file-alt\" viewBox=\"0 0 384 512\" xmlns=\"http:\/\/www.w3.org\/2000\/svg\"><path d=\"M288 248v28c0 6.6-5.4 12-12 12H108c-6.6 0-12-5.4-12-12v-28c0-6.6 5.4-12 12-12h168c6.6 0 12 5.4 12 12zm-12 72H108c-6.6 0-12 5.4-12 12v28c0 6.6 5.4 12 12 12h168c6.6 0 12-5.4 12-12v-28c0-6.6-5.4-12-12-12zm108-188.1V464c0 26.5-21.5 48-48 48H48c-26.5 0-48-21.5-48-48V48C0 21.5 21.5 0 48 0h204.1C264.8 0 277 5.1 286 14.1L369.9 98c9 8.9 14.1 21.2 14.1 33.9zm-128-80V128h76.1L256 51.9zM336 464V176H232c-13.3 0-24-10.7-24-24V48H48v416h288z\"><\/path><\/svg><\/span>\n\t\t\t\t\t\t\t\t<span class=\"elementor-toggle-icon-opened\"><svg class=\"elementor-toggle-icon-opened e-font-icon-svg e-far-file-alt\" viewBox=\"0 0 384 512\" xmlns=\"http:\/\/www.w3.org\/2000\/svg\"><path d=\"M288 248v28c0 6.6-5.4 12-12 12H108c-6.6 0-12-5.4-12-12v-28c0-6.6 5.4-12 12-12h168c6.6 0 12 5.4 12 12zm-12 72H108c-6.6 0-12 5.4-12 12v28c0 6.6 5.4 12 12 12h168c6.6 0 12-5.4 12-12v-28c0-6.6-5.4-12-12-12zm108-188.1V464c0 26.5-21.5 48-48 48H48c-26.5 0-48-21.5-48-48V48C0 21.5 21.5 0 48 0h204.1C264.8 0 277 5.1 286 14.1L369.9 98c9 8.9 14.1 21.2 14.1 33.9zm-128-80V128h76.1L256 51.9zM336 464V176H232c-13.3 0-24-10.7-24-24V48H48v416h288z\"><\/path><\/svg><\/span>\n\t\t\t\t\t\t\t\t\t\t\t\t\t<\/span>\n\t\t\t\t\t\t\t\t\t\t\t\t<a class=\"elementor-toggle-title\" tabindex=\"0\">Regional Development Universities<\/a>\n\t\t\t\t\t<\/div>\n\n\t\t\t\t\t<div id=\"elementor-tab-content-9042\" class=\"elementor-tab-content elementor-clearfix\" data-tab=\"2\" role=\"region\" aria-labelledby=\"elementor-tab-title-9042\"><table>\n<tbody>\n<tr>\n<td><a href=\"\/documents\/diger\/misyonfarklilasmasi\/ahi-evran-universitesi-2017.pdf\" target=\"_blank\" rel=\"noopener\">Ahi Evran \u00dcniversitesi &#8211; B\u00f6lgesel Kalk\u0131nma Odakl\u0131 Misyon Farkl\u0131la\u015fmas\u0131 ve \u0130htisasla\u015fmas\u0131 Program\u0131 Kapsam\u0131nda De\u011ferlendirme Raporu<\/a><\/td>\n<\/tr>\n<tr>\n<td><a href=\"\/documents\/diger\/misyonfarklilasmasi\/bingol-universitesi-bolgelsel-kalkinma.pdf\" target=\"_blank\" rel=\"noopener\">Bing\u00f6l \u00dcniversitesi &#8211; B\u00f6lgesel Kalk\u0131nma Odakl\u0131 Misyon Farkl\u0131la\u015fmas\u0131 ve \u0130htisasla\u015fmas\u0131 Program\u0131 Kapsam\u0131nda De\u011ferlendirilmesi<\/a><\/td>\n<\/tr>\n<tr>\n<td><a href=\"\/documents\/diger\/misyonfarklilasmasi\/mehmet-akif-ersoy-universitesi-misyon-farklilasmasi-raporu-2018.pdf\" target=\"_blank\" rel=\"noopener\">[Mehmet akif ersoy universitesi] &#8211; B\u00f6lgesel Kalk\u0131nma Odakl\u0131 Misyon Farkl\u0131la\u015fmas\u0131 ve \u0130htisasla\u015fmas\u0131 Program\u0131 Raporu<\/a><\/td>\n<\/tr>\n<tr>\n<td><a href=\"\/documents\/diger\/misyonfarklilasmasi\/usak-universitesi-bolgesel-kalkinma-raporu.pdf\" target=\"_blank\" rel=\"noopener\">U\u015fak \u00dcniversitesi &#8211; B\u00f6lgesel Kalk\u0131nma Odakl\u0131 \u0130htisasla\u015fma Program\u0131<\/a><\/td>\n<\/tr>\n<\/tbody>\n<\/table><\/div>\n\t\t\t\t<\/div>\n\t\t\t\t\t\t\t\t<\/div>\n\t\t\t\t\t\t<\/div>\n\t\t\t\t<\/div>\n\t\t\t\t\t<\/div>\n\t\t<\/div>\n\t\t\t\t\t<\/div>\n\t\t<\/section>\n\t\t\t\t\t<\/div>\n\t\t<\/div>\n\t\t\t\t\t<\/div>\n\t\t<\/section>\n\t\t\t\t<\/div>\n\t\t","protected":false},"excerpt":{"rendered":"<p>Home Institutional Mission Differentiation Reports Research Universities Ankara \u00dcniversitesi &#8211; Ara\u015ft\u0131rma Performans\u0131n\u0131n De\u011ferlendirilmesi Raporu Bo\u011fazi\u00e7i \u00dcniversitesi &#8211; Ara\u015ft\u0131rma \u00dcniversitesi Performans Raporu \u00c7ukurova \u00dcniversitesi &#8211; Aday Ara\u015ft\u0131rma \u00dcniversitesi De\u011ferlendirme Raporu Ege \u00dcniversitesi &#8211; Ara\u015ft\u0131rma De\u011ferlendirme Raporu Gebze Teknik \u00dcniversitesi &#8211; Ara\u015ft\u0131rma &hellip; <\/p>\n","protected":false},"author":1,"featured_media":0,"parent":0,"menu_order":0,"comment_status":"closed","ping_status":"closed","template":"elementor_header_footer","meta":{"footnotes":""},"class_list":["post-25682","page","type-page","status-publish","hentry"],"yoast_head":"<!-- This site is optimized with the Yoast SEO plugin v27.0 - https:\/\/yoast.com\/product\/yoast-seo-wordpress\/ -->\n<title>Institutional Mission Differentiation Reports - Y\u00fcksek\u00f6\u011fretim Kalite Kurulu Ba\u015fkanl\u0131\u011f\u0131<\/title>\n<meta name=\"robots\" content=\"index, follow, max-snippet:-1, max-image-preview:large, max-video-preview:-1\" \/>\n<link rel=\"canonical\" href=\"https:\/\/www.yokak.gov.tr\/en\/institutional-mission-differentiation-reports\/\" \/>\n<meta property=\"og:locale\" content=\"en_US\" \/>\n<meta property=\"og:type\" content=\"article\" \/>\n<meta property=\"og:title\" content=\"Institutional Mission Differentiation Reports - Y\u00fcksek\u00f6\u011fretim Kalite Kurulu Ba\u015fkanl\u0131\u011f\u0131\" \/>\n<meta property=\"og:description\" content=\"Home Institutional Mission Differentiation Reports Research Universities Ankara \u00dcniversitesi &#8211; Ara\u015ft\u0131rma Performans\u0131n\u0131n De\u011ferlendirilmesi Raporu Bo\u011fazi\u00e7i \u00dcniversitesi &#8211; Ara\u015ft\u0131rma \u00dcniversitesi Performans Raporu \u00c7ukurova \u00dcniversitesi &#8211; Aday Ara\u015ft\u0131rma \u00dcniversitesi De\u011ferlendirme Raporu Ege \u00dcniversitesi &#8211; Ara\u015ft\u0131rma De\u011ferlendirme Raporu Gebze Teknik \u00dcniversitesi &#8211; Ara\u015ft\u0131rma &hellip;\" \/>\n<meta property=\"og:url\" content=\"https:\/\/www.yokak.gov.tr\/en\/institutional-mission-differentiation-reports\/\" \/>\n<meta property=\"og:site_name\" content=\"Y\u00fcksek\u00f6\u011fretim Kalite Kurulu Ba\u015fkanl\u0131\u011f\u0131\" \/>\n<meta property=\"article:modified_time\" content=\"2024-12-13T13:49:25+00:00\" \/>\n<meta name=\"twitter:card\" content=\"summary_large_image\" \/>\n<meta name=\"twitter:site\" content=\"@ykalitekurulu\" \/>\n<meta name=\"twitter:label1\" content=\"Est. reading time\" \/>\n\t<meta name=\"twitter:data1\" content=\"1 minute\" \/>\n<script type=\"application\/ld+json\" class=\"yoast-schema-graph\">{\"@context\":\"https:\/\/schema.org\",\"@graph\":[{\"@type\":\"WebPage\",\"@id\":\"https:\/\/www.yokak.gov.tr\/en\/institutional-mission-differentiation-reports\/\",\"url\":\"https:\/\/www.yokak.gov.tr\/en\/institutional-mission-differentiation-reports\/\",\"name\":\"Institutional Mission Differentiation Reports - Y\u00fcksek\u00f6\u011fretim Kalite Kurulu Ba\u015fkanl\u0131\u011f\u0131\",\"isPartOf\":{\"@id\":\"https:\/\/www.yokak.gov.tr\/#website\"},\"datePublished\":\"2024-11-15T11:38:05+00:00\",\"dateModified\":\"2024-12-13T13:49:25+00:00\",\"breadcrumb\":{\"@id\":\"https:\/\/www.yokak.gov.tr\/en\/institutional-mission-differentiation-reports\/#breadcrumb\"},\"inLanguage\":\"en-US\",\"potentialAction\":[{\"@type\":\"ReadAction\",\"target\":[\"https:\/\/www.yokak.gov.tr\/en\/institutional-mission-differentiation-reports\/\"]}]},{\"@type\":\"BreadcrumbList\",\"@id\":\"https:\/\/www.yokak.gov.tr\/en\/institutional-mission-differentiation-reports\/#breadcrumb\",\"itemListElement\":[{\"@type\":\"ListItem\",\"position\":1,\"name\":\"Anasayfa\",\"item\":\"https:\/\/www.yokak.gov.tr\/\"},{\"@type\":\"ListItem\",\"position\":2,\"name\":\"Institutional Mission Differentiation Reports\"}]},{\"@type\":\"WebSite\",\"@id\":\"https:\/\/www.yokak.gov.tr\/#website\",\"url\":\"https:\/\/www.yokak.gov.tr\/\",\"name\":\"Y\u00d6KAK\",\"description\":\"Y\u00fcksek\u00f6\u011fretim Kalite Kurulu Ba\u015fkanl\u0131\u011f\u0131\",\"potentialAction\":[{\"@type\":\"SearchAction\",\"target\":{\"@type\":\"EntryPoint\",\"urlTemplate\":\"https:\/\/www.yokak.gov.tr\/?s={search_term_string}\"},\"query-input\":{\"@type\":\"PropertyValueSpecification\",\"valueRequired\":true,\"valueName\":\"search_term_string\"}}],\"inLanguage\":\"en-US\"}]}<\/script>\n<!-- \/ Yoast SEO plugin. -->","yoast_head_json":{"title":"Institutional Mission Differentiation Reports - Y\u00fcksek\u00f6\u011fretim Kalite Kurulu Ba\u015fkanl\u0131\u011f\u0131","robots":{"index":"index","follow":"follow","max-snippet":"max-snippet:-1","max-image-preview":"max-image-preview:large","max-video-preview":"max-video-preview:-1"},"canonical":"https:\/\/www.yokak.gov.tr\/en\/institutional-mission-differentiation-reports\/","og_locale":"en_US","og_type":"article","og_title":"Institutional Mission Differentiation Reports - Y\u00fcksek\u00f6\u011fretim Kalite Kurulu Ba\u015fkanl\u0131\u011f\u0131","og_description":"Home Institutional Mission Differentiation Reports Research Universities Ankara \u00dcniversitesi &#8211; Ara\u015ft\u0131rma Performans\u0131n\u0131n De\u011ferlendirilmesi Raporu Bo\u011fazi\u00e7i \u00dcniversitesi &#8211; Ara\u015ft\u0131rma \u00dcniversitesi Performans Raporu \u00c7ukurova \u00dcniversitesi &#8211; Aday Ara\u015ft\u0131rma \u00dcniversitesi De\u011ferlendirme Raporu Ege \u00dcniversitesi &#8211; Ara\u015ft\u0131rma De\u011ferlendirme Raporu Gebze Teknik \u00dcniversitesi &#8211; Ara\u015ft\u0131rma &hellip;","og_url":"https:\/\/www.yokak.gov.tr\/en\/institutional-mission-differentiation-reports\/","og_site_name":"Y\u00fcksek\u00f6\u011fretim Kalite Kurulu Ba\u015fkanl\u0131\u011f\u0131","article_modified_time":"2024-12-13T13:49:25+00:00","twitter_card":"summary_large_image","twitter_site":"@ykalitekurulu","twitter_misc":{"Est. reading time":"1 minute"},"schema":{"@context":"https:\/\/schema.org","@graph":[{"@type":"WebPage","@id":"https:\/\/www.yokak.gov.tr\/en\/institutional-mission-differentiation-reports\/","url":"https:\/\/www.yokak.gov.tr\/en\/institutional-mission-differentiation-reports\/","name":"Institutional Mission Differentiation Reports - Y\u00fcksek\u00f6\u011fretim Kalite Kurulu Ba\u015fkanl\u0131\u011f\u0131","isPartOf":{"@id":"https:\/\/www.yokak.gov.tr\/#website"},"datePublished":"2024-11-15T11:38:05+00:00","dateModified":"2024-12-13T13:49:25+00:00","breadcrumb":{"@id":"https:\/\/www.yokak.gov.tr\/en\/institutional-mission-differentiation-reports\/#breadcrumb"},"inLanguage":"en-US","potentialAction":[{"@type":"ReadAction","target":["https:\/\/www.yokak.gov.tr\/en\/institutional-mission-differentiation-reports\/"]}]},{"@type":"BreadcrumbList","@id":"https:\/\/www.yokak.gov.tr\/en\/institutional-mission-differentiation-reports\/#breadcrumb","itemListElement":[{"@type":"ListItem","position":1,"name":"Anasayfa","item":"https:\/\/www.yokak.gov.tr\/"},{"@type":"ListItem","position":2,"name":"Institutional Mission Differentiation Reports"}]},{"@type":"WebSite","@id":"https:\/\/www.yokak.gov.tr\/#website","url":"https:\/\/www.yokak.gov.tr\/","name":"Y\u00d6KAK","description":"Y\u00fcksek\u00f6\u011fretim Kalite Kurulu Ba\u015fkanl\u0131\u011f\u0131","potentialAction":[{"@type":"SearchAction","target":{"@type":"EntryPoint","urlTemplate":"https:\/\/www.yokak.gov.tr\/?s={search_term_string}"},"query-input":{"@type":"PropertyValueSpecification","valueRequired":true,"valueName":"search_term_string"}}],"inLanguage":"en-US"}]}},"_links":{"self":[{"href":"https:\/\/www.yokak.gov.tr\/en\/wp-json\/wp\/v2\/pages\/25682","targetHints":{"allow":["GET"]}}],"collection":[{"href":"https:\/\/www.yokak.gov.tr\/en\/wp-json\/wp\/v2\/pages"}],"about":[{"href":"https:\/\/www.yokak.gov.tr\/en\/wp-json\/wp\/v2\/types\/page"}],"author":[{"embeddable":true,"href":"https:\/\/www.yokak.gov.tr\/en\/wp-json\/wp\/v2\/users\/1"}],"replies":[{"embeddable":true,"href":"https:\/\/www.yokak.gov.tr\/en\/wp-json\/wp\/v2\/comments?post=25682"}],"version-history":[{"count":22,"href":"https:\/\/www.yokak.gov.tr\/en\/wp-json\/wp\/v2\/pages\/25682\/revisions"}],"predecessor-version":[{"id":29683,"href":"https:\/\/www.yokak.gov.tr\/en\/wp-json\/wp\/v2\/pages\/25682\/revisions\/29683"}],"wp:attachment":[{"href":"https:\/\/www.yokak.gov.tr\/en\/wp-json\/wp\/v2\/media?parent=25682"}],"curies":[{"name":"wp","href":"https:\/\/api.w.org\/{rel}","templated":true}]}}