{"id":25579,"date":"2024-11-13T11:20:13","date_gmt":"2024-11-13T11:20:13","guid":{"rendered":"https:\/\/wp.yokak.gov.tr\/?page_id=25579"},"modified":"2024-12-13T13:51:11","modified_gmt":"2024-12-13T13:51:11","slug":"institutional-external-evaluation-program-ieep","status":"publish","type":"page","link":"https:\/\/www.yokak.gov.tr\/en\/institutional-external-evaluation-program-ieep\/","title":{"rendered":"Institutional External Evaluation Program (IEEP)"},"content":{"rendered":"\t\t<div data-elementor-type=\"wp-page\" data-elementor-id=\"25579\" class=\"elementor elementor-25579 elementor-19718\" data-elementor-post-type=\"page\">\n\t\t\t\t\t\t<section class=\"elementor-section elementor-top-section elementor-element elementor-element-b190e4c elementor-section-boxed elementor-section-height-default elementor-section-height-default\" data-id=\"b190e4c\" data-element_type=\"section\" data-e-type=\"section\">\n\t\t\t\t\t\t\t<div class=\"elementor-background-overlay\"><\/div>\n\t\t\t\t\t\t\t<div class=\"elementor-container elementor-column-gap-custom\">\n\t\t\t\t\t<div class=\"elementor-column elementor-col-100 elementor-top-column elementor-element elementor-element-7c4e5ce\" data-id=\"7c4e5ce\" data-element_type=\"column\" data-e-type=\"column\">\n\t\t\t<div class=\"elementor-widget-wrap elementor-element-populated\">\n\t\t\t\t\t\t<div class=\"elementor-element elementor-element-38058be elementor-widget elementor-widget-thim-ekits-breadcrumb\" data-id=\"38058be\" data-element_type=\"widget\" data-e-type=\"widget\" data-widget_type=\"thim-ekits-breadcrumb.default\">\n\t\t\t\t<div class=\"elementor-widget-container\">\n\t\t\t\t\t\n\t\t\t<div class=\"thim-ekit-breadcrumb\">\n\n\t\t\t\tHome\n\t\t\t<\/div>\n\n\t\t\t\t\t\t\t<\/div>\n\t\t\t\t<\/div>\n\t\t\t\t\t<\/div>\n\t\t<\/div>\n\t\t\t\t\t<\/div>\n\t\t<\/section>\n\t\t\t\t<section class=\"elementor-section elementor-top-section elementor-element elementor-element-7dfd6d51 elementor-section-stretched elementor-section-boxed elementor-section-height-default elementor-section-height-default\" data-id=\"7dfd6d51\" data-element_type=\"section\" data-e-type=\"section\" data-settings=\"{&quot;stretch_section&quot;:&quot;section-stretched&quot;}\">\n\t\t\t\t\t\t<div class=\"elementor-container elementor-column-gap-no\">\n\t\t\t\t\t<div class=\"elementor-column elementor-col-100 elementor-top-column elementor-element elementor-element-49c036a4\" data-id=\"49c036a4\" data-element_type=\"column\" data-e-type=\"column\">\n\t\t\t<div class=\"elementor-widget-wrap elementor-element-populated\">\n\t\t\t\t\t\t<div class=\"elementor-element elementor-element-46a74c80 elementor-widget thim-ekits-heading elementor-widget-thim-heading\" data-id=\"46a74c80\" data-element_type=\"widget\" data-e-type=\"widget\" data-widget_type=\"thim-heading.default\">\n\t\t\t\t<div class=\"elementor-widget-container\">\n\t\t\t\t\t<div class=\"sc_heading \"><h3 class=\"title\">Institutional External Evaluation Program (IEEP) <\/h3><span class=\"line\"><\/span><\/div>\t\t\t\t<\/div>\n\t\t\t\t<\/div>\n\t\t\t\t<div class=\"elementor-element elementor-element-80af555 elementor-widget elementor-widget-text-editor\" data-id=\"80af555\" data-element_type=\"widget\" data-e-type=\"widget\" data-widget_type=\"text-editor.default\">\n\t\t\t\t<div class=\"elementor-widget-container\">\n\t\t\t\t\t\t\t\t\t<p>The Institutional External Evaluation Program organized by the THEQC aims to evaluate the procedures related to education and research-development activities and administrative systems of higher education institutions within the scope of the Institutional External Evaluation Criteria. Higher education institutions are required to take part in the Program at least once every five years.<\/p><p>Higher education institutions annually submit self-evaluation reports as part of the Program. After the institutions to be included in the Program are determined, the evaluation teams that will carry out the evaluation process are assigned following the selection of the team members from the evaluator pool. Throughout the Program, the team pays one pre-visit and one site visit to the evaluated institution. Following the visits, each evaluation team pens an Institutional Feedback Report, which is made publicly available by the THEQC. The higher education institutions evaluated within the scope of institutional external evaluation program shall be included in the Follow-up Program at earliest in the second year following the evaluation year.<\/p>\t\t\t\t\t\t\t\t<\/div>\n\t\t\t\t<\/div>\n\t\t\t\t\t<\/div>\n\t\t<\/div>\n\t\t\t\t\t<\/div>\n\t\t<\/section>\n\t\t\t\t<section class=\"elementor-section elementor-top-section elementor-element elementor-element-4802867 elementor-section-stretched elementor-section-boxed elementor-section-height-default elementor-section-height-default\" data-id=\"4802867\" data-element_type=\"section\" data-e-type=\"section\" data-settings=\"{&quot;stretch_section&quot;:&quot;section-stretched&quot;,&quot;background_background&quot;:&quot;classic&quot;}\">\n\t\t\t\t\t\t<div class=\"elementor-container elementor-column-gap-no\">\n\t\t\t\t\t<div class=\"elementor-column elementor-col-100 elementor-top-column elementor-element elementor-element-911fa57\" data-id=\"911fa57\" data-element_type=\"column\" data-e-type=\"column\">\n\t\t\t<div class=\"elementor-widget-wrap elementor-element-populated\">\n\t\t\t\t\t\t<div class=\"elementor-element elementor-element-d715295 elementor-widget elementor-widget-image\" data-id=\"d715295\" data-element_type=\"widget\" data-e-type=\"widget\" data-widget_type=\"image.default\">\n\t\t\t\t<div class=\"elementor-widget-container\">\n\t\t\t\t\t\t\t\t\t\t\t\t\t\t\t<img fetchpriority=\"high\" decoding=\"async\" width=\"2000\" height=\"573\" src=\"https:\/\/www.yokak.gov.tr\/wp-content\/uploads\/2024\/11\/kddp-info-en.webp\" class=\"attachment-full size-full wp-image-31647\" alt=\"\" srcset=\"https:\/\/www.yokak.gov.tr\/wp-content\/uploads\/2024\/11\/kddp-info-en.webp 2000w, https:\/\/www.yokak.gov.tr\/wp-content\/uploads\/2024\/11\/kddp-info-en-300x86.webp 300w, https:\/\/www.yokak.gov.tr\/wp-content\/uploads\/2024\/11\/kddp-info-en-1024x293.webp 1024w, https:\/\/www.yokak.gov.tr\/wp-content\/uploads\/2024\/11\/kddp-info-en-768x220.webp 768w, https:\/\/www.yokak.gov.tr\/wp-content\/uploads\/2024\/11\/kddp-info-en-1536x440.webp 1536w\" sizes=\"(max-width: 2000px) 100vw, 2000px\" \/>\t\t\t\t\t\t\t\t\t\t\t\t\t\t\t<\/div>\n\t\t\t\t<\/div>\n\t\t\t\t\t<\/div>\n\t\t<\/div>\n\t\t\t\t\t<\/div>\n\t\t<\/section>\n\t\t\t\t<\/div>\n\t\t","protected":false},"excerpt":{"rendered":"<p>Home Institutional External Evaluation Program (IEEP) The Institutional External Evaluation Program organized by the THEQC aims to evaluate the procedures related to education and research-development activities and administrative systems of higher education institutions within the scope of the Institutional External &hellip; <\/p>\n","protected":false},"author":1,"featured_media":0,"parent":0,"menu_order":0,"comment_status":"closed","ping_status":"closed","template":"elementor_header_footer","meta":{"footnotes":""},"class_list":["post-25579","page","type-page","status-publish","hentry"],"yoast_head":"<!-- This site is optimized with the Yoast SEO plugin v27.0 - https:\/\/yoast.com\/product\/yoast-seo-wordpress\/ -->\n<title>Institutional External Evaluation Program (IEEP) - Y\u00fcksek\u00f6\u011fretim Kalite Kurulu Ba\u015fkanl\u0131\u011f\u0131<\/title>\n<meta name=\"robots\" content=\"index, follow, max-snippet:-1, max-image-preview:large, max-video-preview:-1\" \/>\n<link rel=\"canonical\" href=\"https:\/\/www.yokak.gov.tr\/en\/institutional-external-evaluation-program-ieep\/\" \/>\n<meta property=\"og:locale\" content=\"en_US\" \/>\n<meta property=\"og:type\" content=\"article\" \/>\n<meta property=\"og:title\" content=\"Institutional External Evaluation Program (IEEP) - Y\u00fcksek\u00f6\u011fretim Kalite Kurulu Ba\u015fkanl\u0131\u011f\u0131\" \/>\n<meta property=\"og:description\" content=\"Home Institutional External Evaluation Program (IEEP) The Institutional External Evaluation Program organized by the THEQC aims to evaluate the procedures related to education and research-development activities and administrative systems of higher education institutions within the scope of the Institutional External &hellip;\" \/>\n<meta property=\"og:url\" content=\"https:\/\/www.yokak.gov.tr\/en\/institutional-external-evaluation-program-ieep\/\" \/>\n<meta property=\"og:site_name\" content=\"Y\u00fcksek\u00f6\u011fretim Kalite Kurulu Ba\u015fkanl\u0131\u011f\u0131\" \/>\n<meta property=\"article:modified_time\" content=\"2024-12-13T13:51:11+00:00\" \/>\n<meta property=\"og:image\" content=\"https:\/\/www.yokak.gov.tr\/wp-content\/uploads\/2024\/11\/kddp-info-en.webp\" \/>\n<meta name=\"twitter:card\" content=\"summary_large_image\" \/>\n<meta name=\"twitter:site\" content=\"@ykalitekurulu\" \/>\n<meta name=\"twitter:label1\" content=\"Est. reading time\" \/>\n\t<meta name=\"twitter:data1\" content=\"2 minutes\" \/>\n<script type=\"application\/ld+json\" class=\"yoast-schema-graph\">{\"@context\":\"https:\/\/schema.org\",\"@graph\":[{\"@type\":\"WebPage\",\"@id\":\"https:\/\/www.yokak.gov.tr\/en\/institutional-external-evaluation-program-ieep\/\",\"url\":\"https:\/\/www.yokak.gov.tr\/en\/institutional-external-evaluation-program-ieep\/\",\"name\":\"Institutional External Evaluation Program (IEEP) - Y\u00fcksek\u00f6\u011fretim Kalite Kurulu Ba\u015fkanl\u0131\u011f\u0131\",\"isPartOf\":{\"@id\":\"https:\/\/www.yokak.gov.tr\/#website\"},\"primaryImageOfPage\":{\"@id\":\"https:\/\/www.yokak.gov.tr\/en\/institutional-external-evaluation-program-ieep\/#primaryimage\"},\"image\":{\"@id\":\"https:\/\/www.yokak.gov.tr\/en\/institutional-external-evaluation-program-ieep\/#primaryimage\"},\"thumbnailUrl\":\"https:\/\/www.yokak.gov.tr\/wp-content\/uploads\/2024\/11\/kddp-info-en.webp\",\"datePublished\":\"2024-11-13T11:20:13+00:00\",\"dateModified\":\"2024-12-13T13:51:11+00:00\",\"breadcrumb\":{\"@id\":\"https:\/\/www.yokak.gov.tr\/en\/institutional-external-evaluation-program-ieep\/#breadcrumb\"},\"inLanguage\":\"en-US\",\"potentialAction\":[{\"@type\":\"ReadAction\",\"target\":[\"https:\/\/www.yokak.gov.tr\/en\/institutional-external-evaluation-program-ieep\/\"]}]},{\"@type\":\"ImageObject\",\"inLanguage\":\"en-US\",\"@id\":\"https:\/\/www.yokak.gov.tr\/en\/institutional-external-evaluation-program-ieep\/#primaryimage\",\"url\":\"https:\/\/www.yokak.gov.tr\/wp-content\/uploads\/2024\/11\/kddp-info-en.webp\",\"contentUrl\":\"https:\/\/www.yokak.gov.tr\/wp-content\/uploads\/2024\/11\/kddp-info-en.webp\"},{\"@type\":\"BreadcrumbList\",\"@id\":\"https:\/\/www.yokak.gov.tr\/en\/institutional-external-evaluation-program-ieep\/#breadcrumb\",\"itemListElement\":[{\"@type\":\"ListItem\",\"position\":1,\"name\":\"Anasayfa\",\"item\":\"https:\/\/www.yokak.gov.tr\/\"},{\"@type\":\"ListItem\",\"position\":2,\"name\":\"Institutional External Evaluation Program (IEEP)\"}]},{\"@type\":\"WebSite\",\"@id\":\"https:\/\/www.yokak.gov.tr\/#website\",\"url\":\"https:\/\/www.yokak.gov.tr\/\",\"name\":\"Y\u00d6KAK\",\"description\":\"Y\u00fcksek\u00f6\u011fretim Kalite Kurulu Ba\u015fkanl\u0131\u011f\u0131\",\"potentialAction\":[{\"@type\":\"SearchAction\",\"target\":{\"@type\":\"EntryPoint\",\"urlTemplate\":\"https:\/\/www.yokak.gov.tr\/?s={search_term_string}\"},\"query-input\":{\"@type\":\"PropertyValueSpecification\",\"valueRequired\":true,\"valueName\":\"search_term_string\"}}],\"inLanguage\":\"en-US\"}]}<\/script>\n<!-- \/ Yoast SEO plugin. -->","yoast_head_json":{"title":"Institutional External Evaluation Program (IEEP) - Y\u00fcksek\u00f6\u011fretim Kalite Kurulu Ba\u015fkanl\u0131\u011f\u0131","robots":{"index":"index","follow":"follow","max-snippet":"max-snippet:-1","max-image-preview":"max-image-preview:large","max-video-preview":"max-video-preview:-1"},"canonical":"https:\/\/www.yokak.gov.tr\/en\/institutional-external-evaluation-program-ieep\/","og_locale":"en_US","og_type":"article","og_title":"Institutional External Evaluation Program (IEEP) - Y\u00fcksek\u00f6\u011fretim Kalite Kurulu Ba\u015fkanl\u0131\u011f\u0131","og_description":"Home Institutional External Evaluation Program (IEEP) The Institutional External Evaluation Program organized by the THEQC aims to evaluate the procedures related to education and research-development activities and administrative systems of higher education institutions within the scope of the Institutional External &hellip;","og_url":"https:\/\/www.yokak.gov.tr\/en\/institutional-external-evaluation-program-ieep\/","og_site_name":"Y\u00fcksek\u00f6\u011fretim Kalite Kurulu Ba\u015fkanl\u0131\u011f\u0131","article_modified_time":"2024-12-13T13:51:11+00:00","og_image":[{"url":"https:\/\/www.yokak.gov.tr\/wp-content\/uploads\/2024\/11\/kddp-info-en.webp","type":"","width":"","height":""}],"twitter_card":"summary_large_image","twitter_site":"@ykalitekurulu","twitter_misc":{"Est. reading time":"2 minutes"},"schema":{"@context":"https:\/\/schema.org","@graph":[{"@type":"WebPage","@id":"https:\/\/www.yokak.gov.tr\/en\/institutional-external-evaluation-program-ieep\/","url":"https:\/\/www.yokak.gov.tr\/en\/institutional-external-evaluation-program-ieep\/","name":"Institutional External Evaluation Program (IEEP) - Y\u00fcksek\u00f6\u011fretim Kalite Kurulu Ba\u015fkanl\u0131\u011f\u0131","isPartOf":{"@id":"https:\/\/www.yokak.gov.tr\/#website"},"primaryImageOfPage":{"@id":"https:\/\/www.yokak.gov.tr\/en\/institutional-external-evaluation-program-ieep\/#primaryimage"},"image":{"@id":"https:\/\/www.yokak.gov.tr\/en\/institutional-external-evaluation-program-ieep\/#primaryimage"},"thumbnailUrl":"https:\/\/www.yokak.gov.tr\/wp-content\/uploads\/2024\/11\/kddp-info-en.webp","datePublished":"2024-11-13T11:20:13+00:00","dateModified":"2024-12-13T13:51:11+00:00","breadcrumb":{"@id":"https:\/\/www.yokak.gov.tr\/en\/institutional-external-evaluation-program-ieep\/#breadcrumb"},"inLanguage":"en-US","potentialAction":[{"@type":"ReadAction","target":["https:\/\/www.yokak.gov.tr\/en\/institutional-external-evaluation-program-ieep\/"]}]},{"@type":"ImageObject","inLanguage":"en-US","@id":"https:\/\/www.yokak.gov.tr\/en\/institutional-external-evaluation-program-ieep\/#primaryimage","url":"https:\/\/www.yokak.gov.tr\/wp-content\/uploads\/2024\/11\/kddp-info-en.webp","contentUrl":"https:\/\/www.yokak.gov.tr\/wp-content\/uploads\/2024\/11\/kddp-info-en.webp"},{"@type":"BreadcrumbList","@id":"https:\/\/www.yokak.gov.tr\/en\/institutional-external-evaluation-program-ieep\/#breadcrumb","itemListElement":[{"@type":"ListItem","position":1,"name":"Anasayfa","item":"https:\/\/www.yokak.gov.tr\/"},{"@type":"ListItem","position":2,"name":"Institutional External Evaluation Program (IEEP)"}]},{"@type":"WebSite","@id":"https:\/\/www.yokak.gov.tr\/#website","url":"https:\/\/www.yokak.gov.tr\/","name":"Y\u00d6KAK","description":"Y\u00fcksek\u00f6\u011fretim Kalite Kurulu Ba\u015fkanl\u0131\u011f\u0131","potentialAction":[{"@type":"SearchAction","target":{"@type":"EntryPoint","urlTemplate":"https:\/\/www.yokak.gov.tr\/?s={search_term_string}"},"query-input":{"@type":"PropertyValueSpecification","valueRequired":true,"valueName":"search_term_string"}}],"inLanguage":"en-US"}]}},"_links":{"self":[{"href":"https:\/\/www.yokak.gov.tr\/en\/wp-json\/wp\/v2\/pages\/25579","targetHints":{"allow":["GET"]}}],"collection":[{"href":"https:\/\/www.yokak.gov.tr\/en\/wp-json\/wp\/v2\/pages"}],"about":[{"href":"https:\/\/www.yokak.gov.tr\/en\/wp-json\/wp\/v2\/types\/page"}],"author":[{"embeddable":true,"href":"https:\/\/www.yokak.gov.tr\/en\/wp-json\/wp\/v2\/users\/1"}],"replies":[{"embeddable":true,"href":"https:\/\/www.yokak.gov.tr\/en\/wp-json\/wp\/v2\/comments?post=25579"}],"version-history":[{"count":19,"href":"https:\/\/www.yokak.gov.tr\/en\/wp-json\/wp\/v2\/pages\/25579\/revisions"}],"predecessor-version":[{"id":29701,"href":"https:\/\/www.yokak.gov.tr\/en\/wp-json\/wp\/v2\/pages\/25579\/revisions\/29701"}],"wp:attachment":[{"href":"https:\/\/www.yokak.gov.tr\/en\/wp-json\/wp\/v2\/media?parent=25579"}],"curies":[{"name":"wp","href":"https:\/\/api.w.org\/{rel}","templated":true}]}}